{"id":2492,"date":"2025-10-09T21:18:06","date_gmt":"2025-10-09T21:18:06","guid":{"rendered":"https:\/\/stay.belmas.com.br\/about-us-more\/"},"modified":"2025-10-28T12:16:45","modified_gmt":"2025-10-28T12:16:45","slug":"sobre-nos-mais","status":"publish","type":"page","link":"https:\/\/stay.belmas.com.br\/pt\/sobre-nos-mais\/","title":{"rendered":"Sobre N\u00f3s Mais"},"content":{"rendered":"\n<h2 class=\"wp-block-heading\" style=\"font-size:54px\">Bem-vindo ao Gr\u00e3o de Areia<\/h2>\n\n\n\n<h3 class=\"wp-block-heading has-text-color has-link-color wp-elements-f0122b8ec451bd49a97e44adcf780c79\" style=\"color:#33333399;font-size:24px\">Lorem Ipsum dolor sit<\/h3>\n\n\n<p>O Gr\u00e3o de Areia \u00e9 um retiro encantador localizado na freguesia dos Mosteiros, no extremo ocidental da ilha de S\u00e3o Miguel, nos A\u00e7ores. A apenas 50 metros da praia de areia preta dos Mosteiros, a casa oferece f\u00e1cil acesso a uma das paisagens mais ic\u00f3nicas da ilha \u2014 famosa pelos seus dram\u00e1ticos rochedos mar\u00edtimos e pores do sol deslumbrantes e inesquec\u00edveis.<\/p>\n<p>Originalmente constru\u00eddo em 1937 como uma casa tradicional de pescador, o Gr\u00e3o de Areia foi totalmente renovado em 2025 com cuidado e inten\u00e7\u00e3o. O projeto arquitet\u00f3nico combina harmoniosamente o charme da sua estrutura hist\u00f3rica com a eleg\u00e2ncia e o conforto do design moderno. Uma nova extens\u00e3o contempor\u00e2nea est\u00e1 ligada \u00e0 casa original atrav\u00e9s de um corredor de vidro, oferecendo vistas para o jardim privado, pequena piscina exterior e zona de churrasco.<\/p>\n<p>Rodeada por vegeta\u00e7\u00e3o exuberante, a casa possui um jardim tranquilo, e duas belas \u00e1rvores no jardim frontal proporcionam um espa\u00e7o fresco e sombreado \u2014 perfeito para as tardes quentes de ver\u00e3o. No interior, a casa apresenta uma \u00e1rea de estar ampla e luminosa em conceito aberto, com uma cozinha totalmente equipada e uma sala de estar confort\u00e1vel. Existe um quarto e uma casa de banho completa.<\/p>\n<p>A casa acomoda at\u00e9 4 h\u00f3spedes e um beb\u00e9, tornando-a ideal para fam\u00edlias, casais ou amigos que viajam juntos. A decora\u00e7\u00e3o interior foi cuidadosamente selecionada para criar uma atmosfera serena e minimalista que convida ao relaxamento e \u00e0 paz de esp\u00edrito. Quer estejas aqui para uma curta escapadela ou uma estadia prolongada, o Gr\u00e3o de Areia \u00e9 o lugar perfeito para descontrair, ler, criar, conectar e simplesmente desfrutar do momento. Convidamos-te a experienciar este espa\u00e7o \u00fanico onde a tradi\u00e7\u00e3o encontra a tranquilidade.<\/p>\n\n\n<div style=\"height:30px\" aria-hidden=\"true\" class=\"wp-block-spacer\"><\/div>\n\n\n<p style=\"text-align: center;\"><a class=\"button is-dark\" href=\"\/pt\/quartos\">Ver Quarto<\/a><\/p>\n\n<style>.wp-block-kadence-advancedgallery.kb-gallery-wrap-id-2492_96b9e5-e4{margin-top:var(--global-kb-spacing-md, 2rem);margin-bottom:var(--global-kb-spacing-md, 2rem);}.wp-block-kadence-advancedgallery .kb-gallery-type-masonry.kb-gallery-id-2492_96b9e5-e4{margin:-5px;}.kb-gallery-type-masonry.kb-gallery-id-2492_96b9e5-e4 .kadence-blocks-gallery-item{padding:5px;}.kb-gallery-id-2492_96b9e5-e4 .kadence-blocks-gallery-item .kb-gal-image-radius, .kb-gallery-id-2492_96b9e5-e4 .kb-slide-item .kb-gal-image-radius img{border-radius:0px 0px 0px 0px;;}<\/style><div class=\"kb-gallery-wrap-id-2492_96b9e5-e4 alignnone wp-block-kadence-advancedgallery\"><ul class=\"kb-gallery-ul kb-gallery-non-static kb-gallery-type-masonry kb-masonry-init kb-gallery-id-2492_96b9e5-e4 kb-gallery-caption-style-bottom-hover kb-gallery-filter-none\" data-image-filter=\"none\" data-item-selector=\".kadence-blocks-gallery-item\" data-lightbox-caption=\"true\" data-columns-xxl=\"4\" data-columns-xl=\"4\" data-columns-md=\"4\" data-columns-sm=\"3\" data-columns-xs=\"2\" data-columns-ss=\"2\"><li class=\"kadence-blocks-gallery-item\"><div class=\"kadence-blocks-gallery-item-inner\"><figure class=\"kb-gallery-figure kadence-blocks-gallery-item-hide-caption\"><div class=\"kb-gal-image-radius\" style=\"max-width:316px;\"><div class=\"kb-gallery-image-contain kadence-blocks-gallery-intrinsic\" style=\"padding-bottom:66%;\"><img loading=\"lazy\" decoding=\"async\" src=\"https:\/\/stay.belmas.com.br\/wp-content\/uploads\/2025\/10\/img_gallery_01.jpg\" width=\"316\" height=\"211\" alt=\"\" data-full-image=\"https:\/\/stay.belmas.com.br\/wp-content\/uploads\/2025\/10\/img_gallery_01.jpg\" data-light-image=\"https:\/\/stay.belmas.com.br\/wp-content\/uploads\/2025\/10\/img_gallery_01.jpg\" data-id=\"1001\" class=\"wp-image-1001\" srcset=\"https:\/\/stay.belmas.com.br\/wp-content\/uploads\/2025\/10\/img_gallery_01.jpg 316w, https:\/\/stay.belmas.com.br\/wp-content\/uploads\/2025\/10\/img_gallery_01-300x200.jpg 300w\" sizes=\"auto, (max-width: 316px) 100vw, 316px\" \/><\/div><\/div><\/figure><\/div><\/li><li class=\"kadence-blocks-gallery-item\"><div class=\"kadence-blocks-gallery-item-inner\"><figure class=\"kb-gallery-figure kadence-blocks-gallery-item-hide-caption\"><div class=\"kb-gal-image-radius\" style=\"max-width:316px;\"><div class=\"kb-gallery-image-contain kadence-blocks-gallery-intrinsic\" style=\"padding-bottom:66%;\"><img loading=\"lazy\" decoding=\"async\" src=\"https:\/\/stay.belmas.com.br\/wp-content\/uploads\/2025\/10\/img_gallery_02.jpg\" width=\"316\" height=\"211\" alt=\"\" data-full-image=\"https:\/\/stay.belmas.com.br\/wp-content\/uploads\/2025\/10\/img_gallery_02.jpg\" data-light-image=\"https:\/\/stay.belmas.com.br\/wp-content\/uploads\/2025\/10\/img_gallery_02.jpg\" data-id=\"1000\" class=\"wp-image-1000\" srcset=\"https:\/\/stay.belmas.com.br\/wp-content\/uploads\/2025\/10\/img_gallery_02.jpg 316w, https:\/\/stay.belmas.com.br\/wp-content\/uploads\/2025\/10\/img_gallery_02-300x200.jpg 300w\" sizes=\"auto, (max-width: 316px) 100vw, 316px\" \/><\/div><\/div><\/figure><\/div><\/li><li class=\"kadence-blocks-gallery-item\"><div class=\"kadence-blocks-gallery-item-inner\"><figure class=\"kb-gallery-figure kadence-blocks-gallery-item-hide-caption\"><div class=\"kb-gal-image-radius\" style=\"max-width:316px;\"><div class=\"kb-gallery-image-contain kadence-blocks-gallery-intrinsic\" style=\"padding-bottom:66%;\"><img loading=\"lazy\" decoding=\"async\" src=\"https:\/\/stay.belmas.com.br\/wp-content\/uploads\/2025\/10\/img_gallery_03.jpg\" width=\"316\" height=\"211\" alt=\"\" data-full-image=\"https:\/\/stay.belmas.com.br\/wp-content\/uploads\/2025\/10\/img_gallery_03.jpg\" data-light-image=\"https:\/\/stay.belmas.com.br\/wp-content\/uploads\/2025\/10\/img_gallery_03.jpg\" data-id=\"999\" class=\"wp-image-999\" srcset=\"https:\/\/stay.belmas.com.br\/wp-content\/uploads\/2025\/10\/img_gallery_03.jpg 316w, https:\/\/stay.belmas.com.br\/wp-content\/uploads\/2025\/10\/img_gallery_03-300x200.jpg 300w\" sizes=\"auto, (max-width: 316px) 100vw, 316px\" \/><\/div><\/div><\/figure><\/div><\/li><li class=\"kadence-blocks-gallery-item\"><div class=\"kadence-blocks-gallery-item-inner\"><figure class=\"kb-gallery-figure kadence-blocks-gallery-item-hide-caption\"><div class=\"kb-gal-image-radius\" style=\"max-width:316px;\"><div class=\"kb-gallery-image-contain kadence-blocks-gallery-intrinsic\" style=\"padding-bottom:66%;\"><img loading=\"lazy\" decoding=\"async\" src=\"https:\/\/stay.belmas.com.br\/wp-content\/uploads\/2025\/10\/img_gallery_04.jpg\" width=\"316\" height=\"211\" alt=\"\" data-full-image=\"https:\/\/stay.belmas.com.br\/wp-content\/uploads\/2025\/10\/img_gallery_04.jpg\" data-light-image=\"https:\/\/stay.belmas.com.br\/wp-content\/uploads\/2025\/10\/img_gallery_04.jpg\" data-id=\"998\" class=\"wp-image-998\" srcset=\"https:\/\/stay.belmas.com.br\/wp-content\/uploads\/2025\/10\/img_gallery_04.jpg 316w, https:\/\/stay.belmas.com.br\/wp-content\/uploads\/2025\/10\/img_gallery_04-300x200.jpg 300w\" sizes=\"auto, (max-width: 316px) 100vw, 316px\" \/><\/div><\/div><\/figure><\/div><\/li><li class=\"kadence-blocks-gallery-item\"><div class=\"kadence-blocks-gallery-item-inner\"><figure class=\"kb-gallery-figure kadence-blocks-gallery-item-hide-caption\"><div class=\"kb-gal-image-radius\" style=\"max-width:316px;\"><div class=\"kb-gallery-image-contain kadence-blocks-gallery-intrinsic\" style=\"padding-bottom:66%;\"><img loading=\"lazy\" decoding=\"async\" src=\"https:\/\/stay.belmas.com.br\/wp-content\/uploads\/2025\/10\/img_gallery_05.jpg\" width=\"316\" height=\"211\" alt=\"\" data-full-image=\"https:\/\/stay.belmas.com.br\/wp-content\/uploads\/2025\/10\/img_gallery_05.jpg\" data-light-image=\"https:\/\/stay.belmas.com.br\/wp-content\/uploads\/2025\/10\/img_gallery_05.jpg\" data-id=\"997\" class=\"wp-image-997\" srcset=\"https:\/\/stay.belmas.com.br\/wp-content\/uploads\/2025\/10\/img_gallery_05.jpg 316w, https:\/\/stay.belmas.com.br\/wp-content\/uploads\/2025\/10\/img_gallery_05-300x200.jpg 300w\" sizes=\"auto, (max-width: 316px) 100vw, 316px\" \/><\/div><\/div><\/figure><\/div><\/li><li class=\"kadence-blocks-gallery-item\"><div class=\"kadence-blocks-gallery-item-inner\"><figure class=\"kb-gallery-figure kadence-blocks-gallery-item-hide-caption\"><div class=\"kb-gal-image-radius\" style=\"max-width:316px;\"><div class=\"kb-gallery-image-contain kadence-blocks-gallery-intrinsic\" style=\"padding-bottom:66%;\"><img loading=\"lazy\" decoding=\"async\" src=\"https:\/\/stay.belmas.com.br\/wp-content\/uploads\/2025\/10\/img_gallery_06.jpg\" width=\"316\" height=\"211\" alt=\"\" data-full-image=\"https:\/\/stay.belmas.com.br\/wp-content\/uploads\/2025\/10\/img_gallery_06.jpg\" data-light-image=\"https:\/\/stay.belmas.com.br\/wp-content\/uploads\/2025\/10\/img_gallery_06.jpg\" data-id=\"996\" class=\"wp-image-996\" srcset=\"https:\/\/stay.belmas.com.br\/wp-content\/uploads\/2025\/10\/img_gallery_06.jpg 316w, https:\/\/stay.belmas.com.br\/wp-content\/uploads\/2025\/10\/img_gallery_06-300x200.jpg 300w\" sizes=\"auto, (max-width: 316px) 100vw, 316px\" \/><\/div><\/div><\/figure><\/div><\/li><li class=\"kadence-blocks-gallery-item\"><div class=\"kadence-blocks-gallery-item-inner\"><figure class=\"kb-gallery-figure kadence-blocks-gallery-item-hide-caption\"><div class=\"kb-gal-image-radius\" style=\"max-width:316px;\"><div class=\"kb-gallery-image-contain kadence-blocks-gallery-intrinsic\" style=\"padding-bottom:66%;\"><img loading=\"lazy\" decoding=\"async\" src=\"https:\/\/stay.belmas.com.br\/wp-content\/uploads\/2025\/10\/img_gallery_07.jpg\" width=\"316\" height=\"211\" alt=\"\" data-full-image=\"https:\/\/stay.belmas.com.br\/wp-content\/uploads\/2025\/10\/img_gallery_07.jpg\" data-light-image=\"https:\/\/stay.belmas.com.br\/wp-content\/uploads\/2025\/10\/img_gallery_07.jpg\" data-id=\"995\" class=\"wp-image-995\" srcset=\"https:\/\/stay.belmas.com.br\/wp-content\/uploads\/2025\/10\/img_gallery_07.jpg 316w, https:\/\/stay.belmas.com.br\/wp-content\/uploads\/2025\/10\/img_gallery_07-300x200.jpg 300w\" sizes=\"auto, (max-width: 316px) 100vw, 316px\" \/><\/div><\/div><\/figure><\/div><\/li><li class=\"kadence-blocks-gallery-item\"><div class=\"kadence-blocks-gallery-item-inner\"><figure class=\"kb-gallery-figure kadence-blocks-gallery-item-hide-caption\"><div class=\"kb-gal-image-radius\" style=\"max-width:316px;\"><div class=\"kb-gallery-image-contain kadence-blocks-gallery-intrinsic\" style=\"padding-bottom:66%;\"><img loading=\"lazy\" decoding=\"async\" src=\"https:\/\/stay.belmas.com.br\/wp-content\/uploads\/2025\/10\/img_gallery_08.jpg\" width=\"316\" height=\"211\" alt=\"\" data-full-image=\"https:\/\/stay.belmas.com.br\/wp-content\/uploads\/2025\/10\/img_gallery_08.jpg\" data-light-image=\"https:\/\/stay.belmas.com.br\/wp-content\/uploads\/2025\/10\/img_gallery_08.jpg\" data-id=\"994\" class=\"wp-image-994\" srcset=\"https:\/\/stay.belmas.com.br\/wp-content\/uploads\/2025\/10\/img_gallery_08.jpg 316w, https:\/\/stay.belmas.com.br\/wp-content\/uploads\/2025\/10\/img_gallery_08-300x200.jpg 300w\" sizes=\"auto, (max-width: 316px) 100vw, 316px\" \/><\/div><\/div><\/figure><\/div><\/li><li class=\"kadence-blocks-gallery-item\"><div class=\"kadence-blocks-gallery-item-inner\"><figure class=\"kb-gallery-figure kadence-blocks-gallery-item-hide-caption\"><div class=\"kb-gal-image-radius\" style=\"max-width:316px;\"><div class=\"kb-gallery-image-contain kadence-blocks-gallery-intrinsic\" style=\"padding-bottom:66%;\"><img loading=\"lazy\" decoding=\"async\" src=\"https:\/\/stay.belmas.com.br\/wp-content\/uploads\/2025\/10\/img_gallery_09.jpg\" width=\"316\" height=\"211\" alt=\"\" data-full-image=\"https:\/\/stay.belmas.com.br\/wp-content\/uploads\/2025\/10\/img_gallery_09.jpg\" data-light-image=\"https:\/\/stay.belmas.com.br\/wp-content\/uploads\/2025\/10\/img_gallery_09.jpg\" data-id=\"1031\" class=\"wp-image-1031\" srcset=\"https:\/\/stay.belmas.com.br\/wp-content\/uploads\/2025\/10\/img_gallery_09.jpg 316w, https:\/\/stay.belmas.com.br\/wp-content\/uploads\/2025\/10\/img_gallery_09-300x200.jpg 300w\" sizes=\"auto, (max-width: 316px) 100vw, 316px\" \/><\/div><\/div><\/figure><\/div><\/li><li class=\"kadence-blocks-gallery-item\"><div class=\"kadence-blocks-gallery-item-inner\"><figure class=\"kb-gallery-figure kadence-blocks-gallery-item-hide-caption\"><div class=\"kb-gal-image-radius\" style=\"max-width:316px;\"><div class=\"kb-gallery-image-contain kadence-blocks-gallery-intrinsic\" style=\"padding-bottom:66%;\"><img loading=\"lazy\" decoding=\"async\" src=\"https:\/\/stay.belmas.com.br\/wp-content\/uploads\/2025\/10\/img_gallery_10.jpg\" width=\"316\" height=\"211\" alt=\"\" data-full-image=\"https:\/\/stay.belmas.com.br\/wp-content\/uploads\/2025\/10\/img_gallery_10.jpg\" data-light-image=\"https:\/\/stay.belmas.com.br\/wp-content\/uploads\/2025\/10\/img_gallery_10.jpg\" data-id=\"1030\" class=\"wp-image-1030\" srcset=\"https:\/\/stay.belmas.com.br\/wp-content\/uploads\/2025\/10\/img_gallery_10.jpg 316w, https:\/\/stay.belmas.com.br\/wp-content\/uploads\/2025\/10\/img_gallery_10-300x200.jpg 300w\" sizes=\"auto, (max-width: 316px) 100vw, 316px\" \/><\/div><\/div><\/figure><\/div><\/li><li class=\"kadence-blocks-gallery-item\"><div class=\"kadence-blocks-gallery-item-inner\"><figure class=\"kb-gallery-figure kadence-blocks-gallery-item-hide-caption\"><div class=\"kb-gal-image-radius\" style=\"max-width:316px;\"><div class=\"kb-gallery-image-contain kadence-blocks-gallery-intrinsic\" style=\"padding-bottom:66%;\"><img loading=\"lazy\" decoding=\"async\" src=\"https:\/\/stay.belmas.com.br\/wp-content\/uploads\/2025\/10\/img_gallery_11.jpg\" width=\"316\" height=\"211\" alt=\"\" data-full-image=\"https:\/\/stay.belmas.com.br\/wp-content\/uploads\/2025\/10\/img_gallery_11.jpg\" data-light-image=\"https:\/\/stay.belmas.com.br\/wp-content\/uploads\/2025\/10\/img_gallery_11.jpg\" data-id=\"1029\" class=\"wp-image-1029\" srcset=\"https:\/\/stay.belmas.com.br\/wp-content\/uploads\/2025\/10\/img_gallery_11.jpg 316w, https:\/\/stay.belmas.com.br\/wp-content\/uploads\/2025\/10\/img_gallery_11-300x200.jpg 300w\" sizes=\"auto, (max-width: 316px) 100vw, 316px\" \/><\/div><\/div><\/figure><\/div><\/li><li class=\"kadence-blocks-gallery-item\"><div class=\"kadence-blocks-gallery-item-inner\"><figure class=\"kb-gallery-figure kadence-blocks-gallery-item-hide-caption\"><div class=\"kb-gal-image-radius\" style=\"max-width:316px;\"><div class=\"kb-gallery-image-contain kadence-blocks-gallery-intrinsic\" style=\"padding-bottom:66%;\"><img loading=\"lazy\" decoding=\"async\" src=\"https:\/\/stay.belmas.com.br\/wp-content\/uploads\/2025\/10\/img_gallery_12.jpg\" width=\"316\" height=\"211\" alt=\"\" data-full-image=\"https:\/\/stay.belmas.com.br\/wp-content\/uploads\/2025\/10\/img_gallery_12.jpg\" data-light-image=\"https:\/\/stay.belmas.com.br\/wp-content\/uploads\/2025\/10\/img_gallery_12.jpg\" data-id=\"1028\" class=\"wp-image-1028\" srcset=\"https:\/\/stay.belmas.com.br\/wp-content\/uploads\/2025\/10\/img_gallery_12.jpg 316w, https:\/\/stay.belmas.com.br\/wp-content\/uploads\/2025\/10\/img_gallery_12-300x200.jpg 300w\" sizes=\"auto, (max-width: 316px) 100vw, 316px\" \/><\/div><\/div><\/figure><\/div><\/li><li class=\"kadence-blocks-gallery-item\"><div class=\"kadence-blocks-gallery-item-inner\"><figure class=\"kb-gallery-figure kadence-blocks-gallery-item-hide-caption\"><div class=\"kb-gal-image-radius\" style=\"max-width:316px;\"><div class=\"kb-gallery-image-contain kadence-blocks-gallery-intrinsic\" style=\"padding-bottom:66%;\"><img loading=\"lazy\" decoding=\"async\" src=\"https:\/\/stay.belmas.com.br\/wp-content\/uploads\/2025\/10\/img_gallery_13.jpg\" width=\"316\" height=\"211\" alt=\"\" data-full-image=\"https:\/\/stay.belmas.com.br\/wp-content\/uploads\/2025\/10\/img_gallery_13.jpg\" data-light-image=\"https:\/\/stay.belmas.com.br\/wp-content\/uploads\/2025\/10\/img_gallery_13.jpg\" data-id=\"1027\" class=\"wp-image-1027\" srcset=\"https:\/\/stay.belmas.com.br\/wp-content\/uploads\/2025\/10\/img_gallery_13.jpg 316w, https:\/\/stay.belmas.com.br\/wp-content\/uploads\/2025\/10\/img_gallery_13-300x200.jpg 300w\" sizes=\"auto, (max-width: 316px) 100vw, 316px\" \/><\/div><\/div><\/figure><\/div><\/li><li class=\"kadence-blocks-gallery-item\"><div class=\"kadence-blocks-gallery-item-inner\"><figure class=\"kb-gallery-figure kadence-blocks-gallery-item-hide-caption\"><div class=\"kb-gal-image-radius\" style=\"max-width:316px;\"><div class=\"kb-gallery-image-contain kadence-blocks-gallery-intrinsic\" style=\"padding-bottom:66%;\"><img loading=\"lazy\" decoding=\"async\" src=\"https:\/\/stay.belmas.com.br\/wp-content\/uploads\/2025\/10\/img_gallery_14.jpg\" width=\"316\" height=\"211\" alt=\"\" data-full-image=\"https:\/\/stay.belmas.com.br\/wp-content\/uploads\/2025\/10\/img_gallery_14.jpg\" data-light-image=\"https:\/\/stay.belmas.com.br\/wp-content\/uploads\/2025\/10\/img_gallery_14.jpg\" data-id=\"1026\" class=\"wp-image-1026\" srcset=\"https:\/\/stay.belmas.com.br\/wp-content\/uploads\/2025\/10\/img_gallery_14.jpg 316w, https:\/\/stay.belmas.com.br\/wp-content\/uploads\/2025\/10\/img_gallery_14-300x200.jpg 300w\" sizes=\"auto, (max-width: 316px) 100vw, 316px\" \/><\/div><\/div><\/figure><\/div><\/li><li class=\"kadence-blocks-gallery-item\"><div class=\"kadence-blocks-gallery-item-inner\"><figure class=\"kb-gallery-figure kadence-blocks-gallery-item-hide-caption\"><div class=\"kb-gal-image-radius\" style=\"max-width:316px;\"><div class=\"kb-gallery-image-contain kadence-blocks-gallery-intrinsic\" style=\"padding-bottom:66%;\"><img loading=\"lazy\" decoding=\"async\" src=\"https:\/\/stay.belmas.com.br\/wp-content\/uploads\/2025\/10\/img_gallery_15.jpg\" width=\"316\" height=\"211\" alt=\"\" data-full-image=\"https:\/\/stay.belmas.com.br\/wp-content\/uploads\/2025\/10\/img_gallery_15.jpg\" data-light-image=\"https:\/\/stay.belmas.com.br\/wp-content\/uploads\/2025\/10\/img_gallery_15.jpg\" data-id=\"1025\" class=\"wp-image-1025\" srcset=\"https:\/\/stay.belmas.com.br\/wp-content\/uploads\/2025\/10\/img_gallery_15.jpg 316w, https:\/\/stay.belmas.com.br\/wp-content\/uploads\/2025\/10\/img_gallery_15-300x200.jpg 300w\" sizes=\"auto, (max-width: 316px) 100vw, 316px\" \/><\/div><\/div><\/figure><\/div><\/li><li class=\"kadence-blocks-gallery-item\"><div class=\"kadence-blocks-gallery-item-inner\"><figure class=\"kb-gallery-figure kadence-blocks-gallery-item-hide-caption\"><div class=\"kb-gal-image-radius\" style=\"max-width:316px;\"><div class=\"kb-gallery-image-contain kadence-blocks-gallery-intrinsic\" style=\"padding-bottom:66%;\"><img loading=\"lazy\" decoding=\"async\" src=\"https:\/\/stay.belmas.com.br\/wp-content\/uploads\/2025\/10\/img_gallery_16.jpg\" width=\"316\" height=\"211\" alt=\"\" data-full-image=\"https:\/\/stay.belmas.com.br\/wp-content\/uploads\/2025\/10\/img_gallery_16.jpg\" data-light-image=\"https:\/\/stay.belmas.com.br\/wp-content\/uploads\/2025\/10\/img_gallery_16.jpg\" data-id=\"1024\" class=\"wp-image-1024\" srcset=\"https:\/\/stay.belmas.com.br\/wp-content\/uploads\/2025\/10\/img_gallery_16.jpg 316w, https:\/\/stay.belmas.com.br\/wp-content\/uploads\/2025\/10\/img_gallery_16-300x200.jpg 300w\" sizes=\"auto, (max-width: 316px) 100vw, 316px\" \/><\/div><\/div><\/figure><\/div><\/li><\/ul><\/div>","protected":false},"excerpt":{"rendered":"<p>Bem-vindo ao Gr\u00e3o de Areia Lorem Ipsum dolor sit O Gr\u00e3o de Areia \u00e9 um retiro encantador localizado na freguesia dos Mosteiros, no extremo ocidental da ilha de S\u00e3o Miguel, nos A\u00e7ores. A apenas 50 metros da praia de areia preta dos Mosteiros, a casa oferece f\u00e1cil acesso a uma das paisagens mais ic\u00f3nicas da [&hellip;]<\/p>\n","protected":false},"author":1,"featured_media":2494,"parent":0,"menu_order":0,"comment_status":"closed","ping_status":"closed","template":"template-hero.php","meta":{"footnotes":""},"class_list":["post-2492","page","type-page","status-publish","has-post-thumbnail","hentry"],"_links":{"self":[{"href":"https:\/\/stay.belmas.com.br\/pt\/wp-json\/wp\/v2\/pages\/2492","targetHints":{"allow":["GET"]}}],"collection":[{"href":"https:\/\/stay.belmas.com.br\/pt\/wp-json\/wp\/v2\/pages"}],"about":[{"href":"https:\/\/stay.belmas.com.br\/pt\/wp-json\/wp\/v2\/types\/page"}],"author":[{"embeddable":true,"href":"https:\/\/stay.belmas.com.br\/pt\/wp-json\/wp\/v2\/users\/1"}],"replies":[{"embeddable":true,"href":"https:\/\/stay.belmas.com.br\/pt\/wp-json\/wp\/v2\/comments?post=2492"}],"version-history":[{"count":9,"href":"https:\/\/stay.belmas.com.br\/pt\/wp-json\/wp\/v2\/pages\/2492\/revisions"}],"predecessor-version":[{"id":3329,"href":"https:\/\/stay.belmas.com.br\/pt\/wp-json\/wp\/v2\/pages\/2492\/revisions\/3329"}],"wp:featuredmedia":[{"embeddable":true,"href":"https:\/\/stay.belmas.com.br\/pt\/wp-json\/wp\/v2\/media\/2494"}],"wp:attachment":[{"href":"https:\/\/stay.belmas.com.br\/pt\/wp-json\/wp\/v2\/media?parent=2492"}],"curies":[{"name":"wp","href":"https:\/\/api.w.org\/{rel}","templated":true}]}}