{"id":2489,"date":"2025-10-15T16:11:22","date_gmt":"2025-10-15T16:11:22","guid":{"rendered":"https:\/\/stay.belmas.com.br\/experiences\/"},"modified":"2025-10-28T12:15:07","modified_gmt":"2025-10-28T12:15:07","slug":"experiencias","status":"publish","type":"page","link":"https:\/\/stay.belmas.com.br\/pt\/experiencias\/","title":{"rendered":"Experi\u00eancias"},"content":{"rendered":"\n<h2 class=\"wp-block-heading\" style=\"font-size:54px\">Experi\u00eancias ao ar livre<\/h2>\n\n\n\n<h3 class=\"wp-block-heading has-text-color has-link-color wp-elements-1c2ebc19a8a57232f710bf69164b8a51\" style=\"color:#33333399;font-size:24px\">Comida e Bebidas<\/h3>\n\n\n<p>A especialidade gastron\u00f3mica de Mosteiros \u00e9 o polvo, o peixe fresco chega todos os dias do porto de pesca situado entre a praia e as piscinas naturais, por isso n\u00e3o deixes de os experimentar nos restaurantes!<\/p>\n\n<style>.wp-block-kadence-advancedgallery.kb-gallery-wrap-id-2489_c2a053-77{padding-bottom:var(--global-kb-spacing-lg, 3rem);}.wp-block-kadence-advancedgallery .kb-gallery-type-masonry.kb-gallery-id-2489_c2a053-77{margin:-5px;}.kb-gallery-type-masonry.kb-gallery-id-2489_c2a053-77 .kadence-blocks-gallery-item{padding:5px;}.kb-gallery-id-2489_c2a053-77 .kadence-blocks-gallery-item .kb-gal-image-radius, .kb-gallery-id-2489_c2a053-77 .kb-slide-item .kb-gal-image-radius img{border-radius:0px 0px 0px 0px;;}<\/style><div class=\"kb-gallery-wrap-id-2489_c2a053-77 alignnone wp-block-kadence-advancedgallery\"><ul class=\"kb-gallery-ul kb-gallery-non-static kb-gallery-type-masonry kb-masonry-init kb-gallery-id-2489_c2a053-77 kb-gallery-caption-style-bottom-hover kb-gallery-filter-none\" data-image-filter=\"none\" data-item-selector=\".kadence-blocks-gallery-item\" data-lightbox-caption=\"true\" data-columns-xxl=\"2\" data-columns-xl=\"2\" data-columns-md=\"2\" data-columns-sm=\"2\" data-columns-xs=\"1\" data-columns-ss=\"1\"><li class=\"kadence-blocks-gallery-item\"><div class=\"kadence-blocks-gallery-item-inner\"><figure class=\"kb-gallery-figure kadence-blocks-gallery-item-hide-caption\"><div class=\"kb-gal-image-radius\" style=\"max-width:540px;\"><div class=\"kb-gallery-image-contain kadence-blocks-gallery-intrinsic\" style=\"padding-bottom:79%;\"><img loading=\"lazy\" decoding=\"async\" src=\"https:\/\/stay.belmas.com.br\/wp-content\/uploads\/2025\/10\/americo_barbosa.jpg\" width=\"540\" height=\"431\" alt=\"\" data-full-image=\"https:\/\/stay.belmas.com.br\/wp-content\/uploads\/2025\/10\/americo_barbosa.jpg\" data-light-image=\"https:\/\/stay.belmas.com.br\/wp-content\/uploads\/2025\/10\/americo_barbosa.jpg\" data-id=\"1063\" class=\"wp-image-1063\" srcset=\"https:\/\/stay.belmas.com.br\/wp-content\/uploads\/2025\/10\/americo_barbosa.jpg 540w, https:\/\/stay.belmas.com.br\/wp-content\/uploads\/2025\/10\/americo_barbosa-300x239.jpg 300w\" sizes=\"auto, (max-width: 540px) 100vw, 540px\" \/><\/div><\/div><\/figure><\/div><\/li><li class=\"kadence-blocks-gallery-item\"><div class=\"kadence-blocks-gallery-item-inner\"><figure class=\"kb-gallery-figure kadence-blocks-gallery-item-hide-caption\"><div class=\"kb-gal-image-radius\" style=\"max-width:540px;\"><div class=\"kb-gallery-image-contain kadence-blocks-gallery-intrinsic\" style=\"padding-bottom:79%;\"><img loading=\"lazy\" decoding=\"async\" src=\"https:\/\/stay.belmas.com.br\/wp-content\/uploads\/2025\/10\/o_ilheu.jpg\" width=\"540\" height=\"431\" alt=\"\" data-full-image=\"https:\/\/stay.belmas.com.br\/wp-content\/uploads\/2025\/10\/o_ilheu.jpg\" data-light-image=\"https:\/\/stay.belmas.com.br\/wp-content\/uploads\/2025\/10\/o_ilheu.jpg\" data-id=\"1062\" class=\"wp-image-1062\" srcset=\"https:\/\/stay.belmas.com.br\/wp-content\/uploads\/2025\/10\/o_ilheu.jpg 540w, https:\/\/stay.belmas.com.br\/wp-content\/uploads\/2025\/10\/o_ilheu-300x239.jpg 300w\" sizes=\"auto, (max-width: 540px) 100vw, 540px\" \/><\/div><\/div><\/figure><\/div><\/li><li class=\"kadence-blocks-gallery-item\"><div class=\"kadence-blocks-gallery-item-inner\"><figure class=\"kb-gallery-figure kadence-blocks-gallery-item-hide-caption\"><div class=\"kb-gal-image-radius\" style=\"max-width:540px;\"><div class=\"kb-gallery-image-contain kadence-blocks-gallery-intrinsic\" style=\"padding-bottom:79%;\"><img loading=\"lazy\" decoding=\"async\" src=\"https:\/\/stay.belmas.com.br\/wp-content\/uploads\/2025\/10\/o_chico.jpg\" width=\"540\" height=\"431\" alt=\"\" data-full-image=\"https:\/\/stay.belmas.com.br\/wp-content\/uploads\/2025\/10\/o_chico.jpg\" data-light-image=\"https:\/\/stay.belmas.com.br\/wp-content\/uploads\/2025\/10\/o_chico.jpg\" data-id=\"1061\" class=\"wp-image-1061\" srcset=\"https:\/\/stay.belmas.com.br\/wp-content\/uploads\/2025\/10\/o_chico.jpg 540w, https:\/\/stay.belmas.com.br\/wp-content\/uploads\/2025\/10\/o_chico-300x239.jpg 300w\" sizes=\"auto, (max-width: 540px) 100vw, 540px\" \/><\/div><\/div><\/figure><\/div><\/li><li class=\"kadence-blocks-gallery-item\"><div class=\"kadence-blocks-gallery-item-inner\"><figure class=\"kb-gallery-figure kadence-blocks-gallery-item-hide-caption\"><div class=\"kb-gal-image-radius\" style=\"max-width:540px;\"><div class=\"kb-gallery-image-contain kadence-blocks-gallery-intrinsic\" style=\"padding-bottom:79%;\"><img loading=\"lazy\" decoding=\"async\" src=\"https:\/\/stay.belmas.com.br\/wp-content\/uploads\/2025\/10\/momo.jpg\" width=\"540\" height=\"431\" alt=\"\" data-full-image=\"https:\/\/stay.belmas.com.br\/wp-content\/uploads\/2025\/10\/momo.jpg\" data-light-image=\"https:\/\/stay.belmas.com.br\/wp-content\/uploads\/2025\/10\/momo.jpg\" data-id=\"1060\" class=\"wp-image-1060\" srcset=\"https:\/\/stay.belmas.com.br\/wp-content\/uploads\/2025\/10\/momo.jpg 540w, https:\/\/stay.belmas.com.br\/wp-content\/uploads\/2025\/10\/momo-300x239.jpg 300w\" sizes=\"auto, (max-width: 540px) 100vw, 540px\" \/><\/div><\/div><\/figure><\/div><\/li><\/ul><\/div>\n\n<p style=\"text-align: center;\"><a class=\"button is-dark\" href=\"\/pt\/room\/grao-de-areia\">Ver Mais<\/a><\/p>\n\n\n<div style=\"height:50px\" aria-hidden=\"true\" class=\"wp-block-spacer\"><\/div>\n\n\n\n<h3 class=\"wp-block-heading has-text-color has-link-color wp-elements-d027582043e7f58fb25b12753528e78b\" style=\"color:#33333399;font-size:24px\">Outros Servi\u00e7os<\/h3>\n\n\n<style>.wp-block-kadence-advancedgallery .kb-gallery-type-masonry.kb-gallery-id-2489_6f6760-f7{margin:-5px;}.kb-gallery-type-masonry.kb-gallery-id-2489_6f6760-f7 .kadence-blocks-gallery-item{padding:5px;}.kb-gallery-id-2489_6f6760-f7 .kadence-blocks-gallery-item .kb-gal-image-radius, .kb-gallery-id-2489_6f6760-f7 .kb-slide-item .kb-gal-image-radius img{border-radius:0px 0px 0px 0px;;}<\/style><div class=\"kb-gallery-wrap-id-2489_6f6760-f7 alignnone wp-block-kadence-advancedgallery\"><ul class=\"kb-gallery-ul kb-gallery-non-static kb-gallery-type-masonry kb-masonry-init kb-gallery-id-2489_6f6760-f7 kb-gallery-caption-style-bottom-hover kb-gallery-filter-none\" data-image-filter=\"none\" data-item-selector=\".kadence-blocks-gallery-item\" data-lightbox-caption=\"true\" data-columns-xxl=\"2\" data-columns-xl=\"2\" data-columns-md=\"2\" data-columns-sm=\"2\" data-columns-xs=\"1\" data-columns-ss=\"1\"><li class=\"kadence-blocks-gallery-item\"><div class=\"kadence-blocks-gallery-item-inner\"><figure class=\"kb-gallery-figure kb-gallery-item-has-link kadence-blocks-gallery-item-hide-caption\"><a href=\"\/pt\/room\/grao-de-areia\/\" class=\"kb-gallery-item-link\"  ><div class=\"kb-gal-image-radius\" style=\"max-width:540px;\"><div class=\"kb-gallery-image-contain kadence-blocks-gallery-intrinsic\" style=\"padding-bottom:79%;\"><img loading=\"lazy\" decoding=\"async\" src=\"https:\/\/stay.belmas.com.br\/wp-content\/uploads\/2025\/10\/bakery.jpg\" width=\"540\" height=\"431\" alt=\"\" data-full-image=\"https:\/\/stay.belmas.com.br\/wp-content\/uploads\/2025\/10\/bakery.jpg\" data-light-image=\"https:\/\/stay.belmas.com.br\/wp-content\/uploads\/2025\/10\/bakery.jpg\" data-id=\"1066\" class=\"wp-image-1066\" srcset=\"https:\/\/stay.belmas.com.br\/wp-content\/uploads\/2025\/10\/bakery.jpg 540w, https:\/\/stay.belmas.com.br\/wp-content\/uploads\/2025\/10\/bakery-300x239.jpg 300w\" sizes=\"auto, (max-width: 540px) 100vw, 540px\" \/><\/div><\/div><\/a><\/figure><\/div><\/li><li class=\"kadence-blocks-gallery-item\"><div class=\"kadence-blocks-gallery-item-inner\"><figure class=\"kb-gallery-figure kb-gallery-item-has-link kadence-blocks-gallery-item-hide-caption\"><a href=\"\/pt\/room\/grao-de-areia\/\" class=\"kb-gallery-item-link\"  ><div class=\"kb-gal-image-radius\" style=\"max-width:540px;\"><div class=\"kb-gallery-image-contain kadence-blocks-gallery-intrinsic\" style=\"padding-bottom:79%;\"><img loading=\"lazy\" decoding=\"async\" src=\"https:\/\/stay.belmas.com.br\/wp-content\/uploads\/2025\/10\/taxi_services.jpg\" width=\"540\" height=\"431\" alt=\"\" data-full-image=\"https:\/\/stay.belmas.com.br\/wp-content\/uploads\/2025\/10\/taxi_services.jpg\" data-light-image=\"https:\/\/stay.belmas.com.br\/wp-content\/uploads\/2025\/10\/taxi_services.jpg\" data-id=\"1065\" class=\"wp-image-1065\" srcset=\"https:\/\/stay.belmas.com.br\/wp-content\/uploads\/2025\/10\/taxi_services.jpg 540w, https:\/\/stay.belmas.com.br\/wp-content\/uploads\/2025\/10\/taxi_services-300x239.jpg 300w\" sizes=\"auto, (max-width: 540px) 100vw, 540px\" \/><\/div><\/div><\/a><\/figure><\/div><\/li><\/ul><\/div>\n\n\n<p><\/p>\n","protected":false},"excerpt":{"rendered":"<p>Experi\u00eancias ao ar livre Comida e Bebidas A especialidade gastron\u00f3mica de Mosteiros \u00e9 o polvo, o peixe fresco chega todos os dias do porto de pesca situado entre a praia e as piscinas naturais, por isso n\u00e3o deixes de os experimentar nos restaurantes! Outros Servi\u00e7os<\/p>\n","protected":false},"author":1,"featured_media":2491,"parent":0,"menu_order":0,"comment_status":"closed","ping_status":"closed","template":"template-hero.php","meta":{"footnotes":""},"class_list":["post-2489","page","type-page","status-publish","has-post-thumbnail","hentry"],"_links":{"self":[{"href":"https:\/\/stay.belmas.com.br\/pt\/wp-json\/wp\/v2\/pages\/2489","targetHints":{"allow":["GET"]}}],"collection":[{"href":"https:\/\/stay.belmas.com.br\/pt\/wp-json\/wp\/v2\/pages"}],"about":[{"href":"https:\/\/stay.belmas.com.br\/pt\/wp-json\/wp\/v2\/types\/page"}],"author":[{"embeddable":true,"href":"https:\/\/stay.belmas.com.br\/pt\/wp-json\/wp\/v2\/users\/1"}],"replies":[{"embeddable":true,"href":"https:\/\/stay.belmas.com.br\/pt\/wp-json\/wp\/v2\/comments?post=2489"}],"version-history":[{"count":5,"href":"https:\/\/stay.belmas.com.br\/pt\/wp-json\/wp\/v2\/pages\/2489\/revisions"}],"predecessor-version":[{"id":3340,"href":"https:\/\/stay.belmas.com.br\/pt\/wp-json\/wp\/v2\/pages\/2489\/revisions\/3340"}],"wp:featuredmedia":[{"embeddable":true,"href":"https:\/\/stay.belmas.com.br\/pt\/wp-json\/wp\/v2\/media\/2491"}],"wp:attachment":[{"href":"https:\/\/stay.belmas.com.br\/pt\/wp-json\/wp\/v2\/media?parent=2489"}],"curies":[{"name":"wp","href":"https:\/\/api.w.org\/{rel}","templated":true}]}}