{"id":2483,"date":"2025-10-16T05:52:16","date_gmt":"2025-10-16T05:52:16","guid":{"rendered":"https:\/\/stay.belmas.com.br\/cancelation-policy\/"},"modified":"2025-10-28T12:16:13","modified_gmt":"2025-10-28T12:16:13","slug":"politica-de-cancelamento","status":"publish","type":"page","link":"https:\/\/stay.belmas.com.br\/pt\/politica-de-cancelamento\/","title":{"rendered":"Pol\u00edtica de Cancelamento"},"content":{"rendered":"\n<h1 class=\"wp-block-heading has-text-align-center has-text-color has-link-color wp-elements-67d4c51ee662a654525e63078a9e7eaf\" style=\"color:#35332f;font-size:54px\">Pol\u00edtica de Cancelamento<\/h1>\n\n\n\n<p>Cancelamento\/ pr\u00e9-pagamento<\/p>\n\n\n\n<p>As condi\u00e7\u00f5es de cancelamento e de pr\u00e9-pagamento variam consoante o tipo de alojamento. Por favor, insira as datas da sua estadia e verifique as condi\u00e7\u00f5es da op\u00e7\u00e3o que selecionou.<br>Crian\u00e7as e camas<br>Condi\u00e7\u00f5es de crian\u00e7as<br>Todas as crian\u00e7as s\u00e3o bem-vindas.<\/p>\n\n\n\n<p>Para ver os pre\u00e7os corretos e a informa\u00e7\u00e3o sobre a ocupa\u00e7\u00e3o, por favor, adicione \u00e0 sua pesquisa o n\u00famero de crian\u00e7as no seu grupo e as respetivas idades.<\/p>\n\n\n\n<p>Condi\u00e7\u00f5es de ber\u00e7os e camas extra<br>Os ber\u00e7os e camas extra n\u00e3o est\u00e3o dispon\u00edveis nesta propriedade.<\/p>\n\n\n\n<p>Sem restri\u00e7\u00f5es de idade<br>N\u00e3o h\u00e1 restri\u00e7\u00f5es de idade para fazer check-in<br>Fumar<br>N\u00e3o \u00e9 permitido fumar.<br>Festas<br>N\u00e3o \u00e9 permitido realizar festas\/eventos<br>Animais de estima\u00e7\u00e3o<br>Animais de estima\u00e7\u00e3o: n\u00e3o admitidos.<\/p>\n","protected":false},"excerpt":{"rendered":"<p>Pol\u00edtica de Cancelamento Cancelamento\/ pr\u00e9-pagamento As condi\u00e7\u00f5es de cancelamento e de pr\u00e9-pagamento variam consoante o tipo de alojamento. Por favor, insira as datas da sua estadia e verifique as condi\u00e7\u00f5es da op\u00e7\u00e3o que selecionou.Crian\u00e7as e camasCondi\u00e7\u00f5es de crian\u00e7asTodas as crian\u00e7as s\u00e3o bem-vindas. Para ver os pre\u00e7os corretos e a informa\u00e7\u00e3o sobre a ocupa\u00e7\u00e3o, por favor, [&hellip;]<\/p>\n","protected":false},"author":1,"featured_media":2484,"parent":0,"menu_order":0,"comment_status":"closed","ping_status":"closed","template":"template-hero.php","meta":{"footnotes":""},"class_list":["post-2483","page","type-page","status-publish","has-post-thumbnail","hentry"],"_links":{"self":[{"href":"https:\/\/stay.belmas.com.br\/pt\/wp-json\/wp\/v2\/pages\/2483","targetHints":{"allow":["GET"]}}],"collection":[{"href":"https:\/\/stay.belmas.com.br\/pt\/wp-json\/wp\/v2\/pages"}],"about":[{"href":"https:\/\/stay.belmas.com.br\/pt\/wp-json\/wp\/v2\/types\/page"}],"author":[{"embeddable":true,"href":"https:\/\/stay.belmas.com.br\/pt\/wp-json\/wp\/v2\/users\/1"}],"replies":[{"embeddable":true,"href":"https:\/\/stay.belmas.com.br\/pt\/wp-json\/wp\/v2\/comments?post=2483"}],"version-history":[{"count":2,"href":"https:\/\/stay.belmas.com.br\/pt\/wp-json\/wp\/v2\/pages\/2483\/revisions"}],"predecessor-version":[{"id":2989,"href":"https:\/\/stay.belmas.com.br\/pt\/wp-json\/wp\/v2\/pages\/2483\/revisions\/2989"}],"wp:featuredmedia":[{"embeddable":true,"href":"https:\/\/stay.belmas.com.br\/pt\/wp-json\/wp\/v2\/media\/2484"}],"wp:attachment":[{"href":"https:\/\/stay.belmas.com.br\/pt\/wp-json\/wp\/v2\/media?parent=2483"}],"curies":[{"name":"wp","href":"https:\/\/api.w.org\/{rel}","templated":true}]}}