{"id":2432,"date":"2025-10-09T21:18:06","date_gmt":"2025-10-09T21:18:06","guid":{"rendered":"https:\/\/stay.belmas.com.br\/about-us-more\/"},"modified":"2025-10-28T12:26:59","modified_gmt":"2025-10-28T12:26:59","slug":"chi-siamo-altro","status":"publish","type":"page","link":"https:\/\/stay.belmas.com.br\/it\/chi-siamo-altro\/","title":{"rendered":"Chi Siamo Altro"},"content":{"rendered":"\n<h2 class=\"wp-block-heading\" style=\"font-size:54px\">Benvenuti a Gr\u00e3o de Areia<\/h2>\n\n\n\n<h3 class=\"wp-block-heading has-text-color has-link-color wp-elements-f0122b8ec451bd49a97e44adcf780c79\" style=\"color:#33333399;font-size:24px\">Lorem Ipsum dolor sit<\/h3>\n\n\n<p>Gr\u00e3o de Areia \u00e8 un incantevole rifugio situato nella parrocchia di Mosteiros, sulla punta occidentale dell&#8217;isola di S\u00e3o Miguel, nelle Azzorre. A soli 50 metri dalla spiaggia di sabbia nera di Mosteiros, la casa offre un facile accesso a uno dei paesaggi pi\u00f9 iconici dell&#8217;isola \u2014 famoso per le sue spettacolari formazioni rocciose e i tramonti mozzafiato e indimenticabili.<\/p>\n<p>Costruita originariamente nel 1937 come tradizionale casa di pescatori, Gr\u00e3o de Areia \u00e8 stata completamente ristrutturata nel 2025 con cura e attenzione. Il progetto architettonico fonde armoniosamente il fascino della sua struttura storica con l&#8217;eleganza e il comfort del design moderno. Una nuova estensione contemporanea \u00e8 collegata alla casa originale tramite un corridoio in vetro, che offre una vista sul giardino privato, sulla piccola piscina all&#8217;aperto e sull&#8217;area barbecue.<\/p>\n<p>Circondata da una vegetazione lussureggiante, la casa dispone di un giardino tranquillo e due splendidi alberi nel cortile anteriore offrono uno spazio rinfrescante e ombreggiato \u2014 perfetto per i caldi pomeriggi estivi. All&#8217;interno, la casa presenta una zona giorno luminosa e ariosa con cucina completamente attrezzata e un comodo salotto. C&#8217;\u00e8 una camera da letto e un bagno completo.<\/p>\n<p>La casa pu\u00f2 ospitare fino a 4 persone e un bambino, rendendola ideale per famiglie, coppie o amici che viaggiano insieme. L&#8217;arredamento interno \u00e8 stato accuratamente studiato per creare un&#8217;atmosfera serena e minimalista che invita al relax e alla tranquillit\u00e0. Che siate qui per una breve fuga o per un soggiorno prolungato, Gr\u00e3o de Areia \u00e8 il luogo perfetto per rilassarsi, leggere, creare, socializzare e semplicemente godersi il momento. Vi invitiamo a scoprire questo spazio unico dove la tradizione incontra la tranquillit\u00e0.<\/p>\n\n\n<div style=\"height:30px\" aria-hidden=\"true\" class=\"wp-block-spacer\"><\/div>\n\n\n<p style=\"text-align: center;\"><a class=\"button is-dark\" href=\"\/it\/camere\">Visualizza Camera<\/a><\/p>\n\n<style>.wp-block-kadence-advancedgallery.kb-gallery-wrap-id-2432_4798d4-e5{margin-top:var(--global-kb-spacing-md, 2rem);margin-bottom:var(--global-kb-spacing-md, 2rem);}.wp-block-kadence-advancedgallery .kb-gallery-type-masonry.kb-gallery-id-2432_4798d4-e5{margin:-5px;}.kb-gallery-type-masonry.kb-gallery-id-2432_4798d4-e5 .kadence-blocks-gallery-item{padding:5px;}.kb-gallery-id-2432_4798d4-e5 .kadence-blocks-gallery-item .kb-gal-image-radius, .kb-gallery-id-2432_4798d4-e5 .kb-slide-item .kb-gal-image-radius img{border-radius:0px 0px 0px 0px;;}<\/style><div class=\"kb-gallery-wrap-id-2432_4798d4-e5 alignnone wp-block-kadence-advancedgallery\"><ul class=\"kb-gallery-ul kb-gallery-non-static kb-gallery-type-masonry kb-masonry-init kb-gallery-id-2432_4798d4-e5 kb-gallery-caption-style-bottom-hover kb-gallery-filter-none\" data-image-filter=\"none\" data-item-selector=\".kadence-blocks-gallery-item\" data-lightbox-caption=\"true\" data-columns-xxl=\"4\" data-columns-xl=\"4\" data-columns-md=\"4\" data-columns-sm=\"3\" data-columns-xs=\"2\" data-columns-ss=\"2\"><li class=\"kadence-blocks-gallery-item\"><div class=\"kadence-blocks-gallery-item-inner\"><figure class=\"kb-gallery-figure kadence-blocks-gallery-item-hide-caption\"><div class=\"kb-gal-image-radius\" style=\"max-width:316px;\"><div class=\"kb-gallery-image-contain kadence-blocks-gallery-intrinsic\" style=\"padding-bottom:66%;\"><img loading=\"lazy\" decoding=\"async\" src=\"https:\/\/stay.belmas.com.br\/wp-content\/uploads\/2025\/10\/img_gallery_01.jpg\" width=\"316\" height=\"211\" alt=\"\" data-full-image=\"https:\/\/stay.belmas.com.br\/wp-content\/uploads\/2025\/10\/img_gallery_01.jpg\" data-light-image=\"https:\/\/stay.belmas.com.br\/wp-content\/uploads\/2025\/10\/img_gallery_01.jpg\" data-id=\"1001\" class=\"wp-image-1001\" srcset=\"https:\/\/stay.belmas.com.br\/wp-content\/uploads\/2025\/10\/img_gallery_01.jpg 316w, https:\/\/stay.belmas.com.br\/wp-content\/uploads\/2025\/10\/img_gallery_01-300x200.jpg 300w\" sizes=\"auto, (max-width: 316px) 100vw, 316px\" \/><\/div><\/div><\/figure><\/div><\/li><li class=\"kadence-blocks-gallery-item\"><div class=\"kadence-blocks-gallery-item-inner\"><figure class=\"kb-gallery-figure kadence-blocks-gallery-item-hide-caption\"><div class=\"kb-gal-image-radius\" style=\"max-width:316px;\"><div class=\"kb-gallery-image-contain kadence-blocks-gallery-intrinsic\" style=\"padding-bottom:66%;\"><img loading=\"lazy\" decoding=\"async\" src=\"https:\/\/stay.belmas.com.br\/wp-content\/uploads\/2025\/10\/img_gallery_02.jpg\" width=\"316\" height=\"211\" alt=\"\" data-full-image=\"https:\/\/stay.belmas.com.br\/wp-content\/uploads\/2025\/10\/img_gallery_02.jpg\" data-light-image=\"https:\/\/stay.belmas.com.br\/wp-content\/uploads\/2025\/10\/img_gallery_02.jpg\" data-id=\"1000\" class=\"wp-image-1000\" srcset=\"https:\/\/stay.belmas.com.br\/wp-content\/uploads\/2025\/10\/img_gallery_02.jpg 316w, https:\/\/stay.belmas.com.br\/wp-content\/uploads\/2025\/10\/img_gallery_02-300x200.jpg 300w\" sizes=\"auto, (max-width: 316px) 100vw, 316px\" \/><\/div><\/div><\/figure><\/div><\/li><li class=\"kadence-blocks-gallery-item\"><div class=\"kadence-blocks-gallery-item-inner\"><figure class=\"kb-gallery-figure kadence-blocks-gallery-item-hide-caption\"><div class=\"kb-gal-image-radius\" style=\"max-width:316px;\"><div class=\"kb-gallery-image-contain kadence-blocks-gallery-intrinsic\" style=\"padding-bottom:66%;\"><img loading=\"lazy\" decoding=\"async\" src=\"https:\/\/stay.belmas.com.br\/wp-content\/uploads\/2025\/10\/img_gallery_03.jpg\" width=\"316\" height=\"211\" alt=\"\" data-full-image=\"https:\/\/stay.belmas.com.br\/wp-content\/uploads\/2025\/10\/img_gallery_03.jpg\" data-light-image=\"https:\/\/stay.belmas.com.br\/wp-content\/uploads\/2025\/10\/img_gallery_03.jpg\" data-id=\"999\" class=\"wp-image-999\" srcset=\"https:\/\/stay.belmas.com.br\/wp-content\/uploads\/2025\/10\/img_gallery_03.jpg 316w, https:\/\/stay.belmas.com.br\/wp-content\/uploads\/2025\/10\/img_gallery_03-300x200.jpg 300w\" sizes=\"auto, (max-width: 316px) 100vw, 316px\" \/><\/div><\/div><\/figure><\/div><\/li><li class=\"kadence-blocks-gallery-item\"><div class=\"kadence-blocks-gallery-item-inner\"><figure class=\"kb-gallery-figure kadence-blocks-gallery-item-hide-caption\"><div class=\"kb-gal-image-radius\" style=\"max-width:316px;\"><div class=\"kb-gallery-image-contain kadence-blocks-gallery-intrinsic\" style=\"padding-bottom:66%;\"><img loading=\"lazy\" decoding=\"async\" src=\"https:\/\/stay.belmas.com.br\/wp-content\/uploads\/2025\/10\/img_gallery_04.jpg\" width=\"316\" height=\"211\" alt=\"\" data-full-image=\"https:\/\/stay.belmas.com.br\/wp-content\/uploads\/2025\/10\/img_gallery_04.jpg\" data-light-image=\"https:\/\/stay.belmas.com.br\/wp-content\/uploads\/2025\/10\/img_gallery_04.jpg\" data-id=\"998\" class=\"wp-image-998\" srcset=\"https:\/\/stay.belmas.com.br\/wp-content\/uploads\/2025\/10\/img_gallery_04.jpg 316w, https:\/\/stay.belmas.com.br\/wp-content\/uploads\/2025\/10\/img_gallery_04-300x200.jpg 300w\" sizes=\"auto, (max-width: 316px) 100vw, 316px\" \/><\/div><\/div><\/figure><\/div><\/li><li class=\"kadence-blocks-gallery-item\"><div class=\"kadence-blocks-gallery-item-inner\"><figure class=\"kb-gallery-figure kadence-blocks-gallery-item-hide-caption\"><div class=\"kb-gal-image-radius\" style=\"max-width:316px;\"><div class=\"kb-gallery-image-contain kadence-blocks-gallery-intrinsic\" style=\"padding-bottom:66%;\"><img loading=\"lazy\" decoding=\"async\" src=\"https:\/\/stay.belmas.com.br\/wp-content\/uploads\/2025\/10\/img_gallery_05.jpg\" width=\"316\" height=\"211\" alt=\"\" data-full-image=\"https:\/\/stay.belmas.com.br\/wp-content\/uploads\/2025\/10\/img_gallery_05.jpg\" data-light-image=\"https:\/\/stay.belmas.com.br\/wp-content\/uploads\/2025\/10\/img_gallery_05.jpg\" data-id=\"997\" class=\"wp-image-997\" srcset=\"https:\/\/stay.belmas.com.br\/wp-content\/uploads\/2025\/10\/img_gallery_05.jpg 316w, https:\/\/stay.belmas.com.br\/wp-content\/uploads\/2025\/10\/img_gallery_05-300x200.jpg 300w\" sizes=\"auto, (max-width: 316px) 100vw, 316px\" \/><\/div><\/div><\/figure><\/div><\/li><li class=\"kadence-blocks-gallery-item\"><div class=\"kadence-blocks-gallery-item-inner\"><figure class=\"kb-gallery-figure kadence-blocks-gallery-item-hide-caption\"><div class=\"kb-gal-image-radius\" style=\"max-width:316px;\"><div class=\"kb-gallery-image-contain kadence-blocks-gallery-intrinsic\" style=\"padding-bottom:66%;\"><img loading=\"lazy\" decoding=\"async\" src=\"https:\/\/stay.belmas.com.br\/wp-content\/uploads\/2025\/10\/img_gallery_06.jpg\" width=\"316\" height=\"211\" alt=\"\" data-full-image=\"https:\/\/stay.belmas.com.br\/wp-content\/uploads\/2025\/10\/img_gallery_06.jpg\" data-light-image=\"https:\/\/stay.belmas.com.br\/wp-content\/uploads\/2025\/10\/img_gallery_06.jpg\" data-id=\"996\" class=\"wp-image-996\" srcset=\"https:\/\/stay.belmas.com.br\/wp-content\/uploads\/2025\/10\/img_gallery_06.jpg 316w, https:\/\/stay.belmas.com.br\/wp-content\/uploads\/2025\/10\/img_gallery_06-300x200.jpg 300w\" sizes=\"auto, (max-width: 316px) 100vw, 316px\" \/><\/div><\/div><\/figure><\/div><\/li><li class=\"kadence-blocks-gallery-item\"><div class=\"kadence-blocks-gallery-item-inner\"><figure class=\"kb-gallery-figure kadence-blocks-gallery-item-hide-caption\"><div class=\"kb-gal-image-radius\" style=\"max-width:316px;\"><div class=\"kb-gallery-image-contain kadence-blocks-gallery-intrinsic\" style=\"padding-bottom:66%;\"><img loading=\"lazy\" decoding=\"async\" src=\"https:\/\/stay.belmas.com.br\/wp-content\/uploads\/2025\/10\/img_gallery_07.jpg\" width=\"316\" height=\"211\" alt=\"\" data-full-image=\"https:\/\/stay.belmas.com.br\/wp-content\/uploads\/2025\/10\/img_gallery_07.jpg\" data-light-image=\"https:\/\/stay.belmas.com.br\/wp-content\/uploads\/2025\/10\/img_gallery_07.jpg\" data-id=\"995\" class=\"wp-image-995\" srcset=\"https:\/\/stay.belmas.com.br\/wp-content\/uploads\/2025\/10\/img_gallery_07.jpg 316w, https:\/\/stay.belmas.com.br\/wp-content\/uploads\/2025\/10\/img_gallery_07-300x200.jpg 300w\" sizes=\"auto, (max-width: 316px) 100vw, 316px\" \/><\/div><\/div><\/figure><\/div><\/li><li class=\"kadence-blocks-gallery-item\"><div class=\"kadence-blocks-gallery-item-inner\"><figure class=\"kb-gallery-figure kadence-blocks-gallery-item-hide-caption\"><div class=\"kb-gal-image-radius\" style=\"max-width:316px;\"><div class=\"kb-gallery-image-contain kadence-blocks-gallery-intrinsic\" style=\"padding-bottom:66%;\"><img loading=\"lazy\" decoding=\"async\" src=\"https:\/\/stay.belmas.com.br\/wp-content\/uploads\/2025\/10\/img_gallery_08.jpg\" width=\"316\" height=\"211\" alt=\"\" data-full-image=\"https:\/\/stay.belmas.com.br\/wp-content\/uploads\/2025\/10\/img_gallery_08.jpg\" data-light-image=\"https:\/\/stay.belmas.com.br\/wp-content\/uploads\/2025\/10\/img_gallery_08.jpg\" data-id=\"994\" class=\"wp-image-994\" srcset=\"https:\/\/stay.belmas.com.br\/wp-content\/uploads\/2025\/10\/img_gallery_08.jpg 316w, https:\/\/stay.belmas.com.br\/wp-content\/uploads\/2025\/10\/img_gallery_08-300x200.jpg 300w\" sizes=\"auto, (max-width: 316px) 100vw, 316px\" \/><\/div><\/div><\/figure><\/div><\/li><li class=\"kadence-blocks-gallery-item\"><div class=\"kadence-blocks-gallery-item-inner\"><figure class=\"kb-gallery-figure kadence-blocks-gallery-item-hide-caption\"><div class=\"kb-gal-image-radius\" style=\"max-width:316px;\"><div class=\"kb-gallery-image-contain kadence-blocks-gallery-intrinsic\" style=\"padding-bottom:66%;\"><img loading=\"lazy\" decoding=\"async\" src=\"https:\/\/stay.belmas.com.br\/wp-content\/uploads\/2025\/10\/img_gallery_09.jpg\" width=\"316\" height=\"211\" alt=\"\" data-full-image=\"https:\/\/stay.belmas.com.br\/wp-content\/uploads\/2025\/10\/img_gallery_09.jpg\" data-light-image=\"https:\/\/stay.belmas.com.br\/wp-content\/uploads\/2025\/10\/img_gallery_09.jpg\" data-id=\"1031\" class=\"wp-image-1031\" srcset=\"https:\/\/stay.belmas.com.br\/wp-content\/uploads\/2025\/10\/img_gallery_09.jpg 316w, https:\/\/stay.belmas.com.br\/wp-content\/uploads\/2025\/10\/img_gallery_09-300x200.jpg 300w\" sizes=\"auto, (max-width: 316px) 100vw, 316px\" \/><\/div><\/div><\/figure><\/div><\/li><li class=\"kadence-blocks-gallery-item\"><div class=\"kadence-blocks-gallery-item-inner\"><figure class=\"kb-gallery-figure kadence-blocks-gallery-item-hide-caption\"><div class=\"kb-gal-image-radius\" style=\"max-width:316px;\"><div class=\"kb-gallery-image-contain kadence-blocks-gallery-intrinsic\" style=\"padding-bottom:66%;\"><img loading=\"lazy\" decoding=\"async\" src=\"https:\/\/stay.belmas.com.br\/wp-content\/uploads\/2025\/10\/img_gallery_10.jpg\" width=\"316\" height=\"211\" alt=\"\" data-full-image=\"https:\/\/stay.belmas.com.br\/wp-content\/uploads\/2025\/10\/img_gallery_10.jpg\" data-light-image=\"https:\/\/stay.belmas.com.br\/wp-content\/uploads\/2025\/10\/img_gallery_10.jpg\" data-id=\"1030\" class=\"wp-image-1030\" srcset=\"https:\/\/stay.belmas.com.br\/wp-content\/uploads\/2025\/10\/img_gallery_10.jpg 316w, https:\/\/stay.belmas.com.br\/wp-content\/uploads\/2025\/10\/img_gallery_10-300x200.jpg 300w\" sizes=\"auto, (max-width: 316px) 100vw, 316px\" \/><\/div><\/div><\/figure><\/div><\/li><li class=\"kadence-blocks-gallery-item\"><div class=\"kadence-blocks-gallery-item-inner\"><figure class=\"kb-gallery-figure kadence-blocks-gallery-item-hide-caption\"><div class=\"kb-gal-image-radius\" style=\"max-width:316px;\"><div class=\"kb-gallery-image-contain kadence-blocks-gallery-intrinsic\" style=\"padding-bottom:66%;\"><img loading=\"lazy\" decoding=\"async\" src=\"https:\/\/stay.belmas.com.br\/wp-content\/uploads\/2025\/10\/img_gallery_11.jpg\" width=\"316\" height=\"211\" alt=\"\" data-full-image=\"https:\/\/stay.belmas.com.br\/wp-content\/uploads\/2025\/10\/img_gallery_11.jpg\" data-light-image=\"https:\/\/stay.belmas.com.br\/wp-content\/uploads\/2025\/10\/img_gallery_11.jpg\" data-id=\"1029\" class=\"wp-image-1029\" srcset=\"https:\/\/stay.belmas.com.br\/wp-content\/uploads\/2025\/10\/img_gallery_11.jpg 316w, https:\/\/stay.belmas.com.br\/wp-content\/uploads\/2025\/10\/img_gallery_11-300x200.jpg 300w\" sizes=\"auto, (max-width: 316px) 100vw, 316px\" \/><\/div><\/div><\/figure><\/div><\/li><li class=\"kadence-blocks-gallery-item\"><div class=\"kadence-blocks-gallery-item-inner\"><figure class=\"kb-gallery-figure kadence-blocks-gallery-item-hide-caption\"><div class=\"kb-gal-image-radius\" style=\"max-width:316px;\"><div class=\"kb-gallery-image-contain kadence-blocks-gallery-intrinsic\" style=\"padding-bottom:66%;\"><img loading=\"lazy\" decoding=\"async\" src=\"https:\/\/stay.belmas.com.br\/wp-content\/uploads\/2025\/10\/img_gallery_12.jpg\" width=\"316\" height=\"211\" alt=\"\" data-full-image=\"https:\/\/stay.belmas.com.br\/wp-content\/uploads\/2025\/10\/img_gallery_12.jpg\" data-light-image=\"https:\/\/stay.belmas.com.br\/wp-content\/uploads\/2025\/10\/img_gallery_12.jpg\" data-id=\"1028\" class=\"wp-image-1028\" srcset=\"https:\/\/stay.belmas.com.br\/wp-content\/uploads\/2025\/10\/img_gallery_12.jpg 316w, https:\/\/stay.belmas.com.br\/wp-content\/uploads\/2025\/10\/img_gallery_12-300x200.jpg 300w\" sizes=\"auto, (max-width: 316px) 100vw, 316px\" \/><\/div><\/div><\/figure><\/div><\/li><li class=\"kadence-blocks-gallery-item\"><div class=\"kadence-blocks-gallery-item-inner\"><figure class=\"kb-gallery-figure kadence-blocks-gallery-item-hide-caption\"><div class=\"kb-gal-image-radius\" style=\"max-width:316px;\"><div class=\"kb-gallery-image-contain kadence-blocks-gallery-intrinsic\" style=\"padding-bottom:66%;\"><img loading=\"lazy\" decoding=\"async\" src=\"https:\/\/stay.belmas.com.br\/wp-content\/uploads\/2025\/10\/img_gallery_13.jpg\" width=\"316\" height=\"211\" alt=\"\" data-full-image=\"https:\/\/stay.belmas.com.br\/wp-content\/uploads\/2025\/10\/img_gallery_13.jpg\" data-light-image=\"https:\/\/stay.belmas.com.br\/wp-content\/uploads\/2025\/10\/img_gallery_13.jpg\" data-id=\"1027\" class=\"wp-image-1027\" srcset=\"https:\/\/stay.belmas.com.br\/wp-content\/uploads\/2025\/10\/img_gallery_13.jpg 316w, https:\/\/stay.belmas.com.br\/wp-content\/uploads\/2025\/10\/img_gallery_13-300x200.jpg 300w\" sizes=\"auto, (max-width: 316px) 100vw, 316px\" \/><\/div><\/div><\/figure><\/div><\/li><li class=\"kadence-blocks-gallery-item\"><div class=\"kadence-blocks-gallery-item-inner\"><figure class=\"kb-gallery-figure kadence-blocks-gallery-item-hide-caption\"><div class=\"kb-gal-image-radius\" style=\"max-width:316px;\"><div class=\"kb-gallery-image-contain kadence-blocks-gallery-intrinsic\" style=\"padding-bottom:66%;\"><img loading=\"lazy\" decoding=\"async\" src=\"https:\/\/stay.belmas.com.br\/wp-content\/uploads\/2025\/10\/img_gallery_14.jpg\" width=\"316\" height=\"211\" alt=\"\" data-full-image=\"https:\/\/stay.belmas.com.br\/wp-content\/uploads\/2025\/10\/img_gallery_14.jpg\" data-light-image=\"https:\/\/stay.belmas.com.br\/wp-content\/uploads\/2025\/10\/img_gallery_14.jpg\" data-id=\"1026\" class=\"wp-image-1026\" srcset=\"https:\/\/stay.belmas.com.br\/wp-content\/uploads\/2025\/10\/img_gallery_14.jpg 316w, https:\/\/stay.belmas.com.br\/wp-content\/uploads\/2025\/10\/img_gallery_14-300x200.jpg 300w\" sizes=\"auto, (max-width: 316px) 100vw, 316px\" \/><\/div><\/div><\/figure><\/div><\/li><li class=\"kadence-blocks-gallery-item\"><div class=\"kadence-blocks-gallery-item-inner\"><figure class=\"kb-gallery-figure kadence-blocks-gallery-item-hide-caption\"><div class=\"kb-gal-image-radius\" style=\"max-width:316px;\"><div class=\"kb-gallery-image-contain kadence-blocks-gallery-intrinsic\" style=\"padding-bottom:66%;\"><img loading=\"lazy\" decoding=\"async\" src=\"https:\/\/stay.belmas.com.br\/wp-content\/uploads\/2025\/10\/img_gallery_15.jpg\" width=\"316\" height=\"211\" alt=\"\" data-full-image=\"https:\/\/stay.belmas.com.br\/wp-content\/uploads\/2025\/10\/img_gallery_15.jpg\" data-light-image=\"https:\/\/stay.belmas.com.br\/wp-content\/uploads\/2025\/10\/img_gallery_15.jpg\" data-id=\"1025\" class=\"wp-image-1025\" srcset=\"https:\/\/stay.belmas.com.br\/wp-content\/uploads\/2025\/10\/img_gallery_15.jpg 316w, https:\/\/stay.belmas.com.br\/wp-content\/uploads\/2025\/10\/img_gallery_15-300x200.jpg 300w\" sizes=\"auto, (max-width: 316px) 100vw, 316px\" \/><\/div><\/div><\/figure><\/div><\/li><li class=\"kadence-blocks-gallery-item\"><div class=\"kadence-blocks-gallery-item-inner\"><figure class=\"kb-gallery-figure kadence-blocks-gallery-item-hide-caption\"><div class=\"kb-gal-image-radius\" style=\"max-width:316px;\"><div class=\"kb-gallery-image-contain kadence-blocks-gallery-intrinsic\" style=\"padding-bottom:66%;\"><img loading=\"lazy\" decoding=\"async\" src=\"https:\/\/stay.belmas.com.br\/wp-content\/uploads\/2025\/10\/img_gallery_16.jpg\" width=\"316\" height=\"211\" alt=\"\" data-full-image=\"https:\/\/stay.belmas.com.br\/wp-content\/uploads\/2025\/10\/img_gallery_16.jpg\" data-light-image=\"https:\/\/stay.belmas.com.br\/wp-content\/uploads\/2025\/10\/img_gallery_16.jpg\" data-id=\"1024\" class=\"wp-image-1024\" srcset=\"https:\/\/stay.belmas.com.br\/wp-content\/uploads\/2025\/10\/img_gallery_16.jpg 316w, https:\/\/stay.belmas.com.br\/wp-content\/uploads\/2025\/10\/img_gallery_16-300x200.jpg 300w\" sizes=\"auto, (max-width: 316px) 100vw, 316px\" \/><\/div><\/div><\/figure><\/div><\/li><\/ul><\/div>","protected":false},"excerpt":{"rendered":"<p>Benvenuti a Gr\u00e3o de Areia Lorem Ipsum dolor sit Gr\u00e3o de Areia \u00e8 un incantevole rifugio situato nella parrocchia di Mosteiros, sulla punta occidentale dell&#8217;isola di S\u00e3o Miguel, nelle Azzorre. A soli 50 metri dalla spiaggia di sabbia nera di Mosteiros, la casa offre un facile accesso a uno dei paesaggi pi\u00f9 iconici dell&#8217;isola \u2014 [&hellip;]<\/p>\n","protected":false},"author":1,"featured_media":2434,"parent":0,"menu_order":0,"comment_status":"closed","ping_status":"closed","template":"template-hero.php","meta":{"footnotes":""},"class_list":["post-2432","page","type-page","status-publish","has-post-thumbnail","hentry"],"_links":{"self":[{"href":"https:\/\/stay.belmas.com.br\/it\/wp-json\/wp\/v2\/pages\/2432","targetHints":{"allow":["GET"]}}],"collection":[{"href":"https:\/\/stay.belmas.com.br\/it\/wp-json\/wp\/v2\/pages"}],"about":[{"href":"https:\/\/stay.belmas.com.br\/it\/wp-json\/wp\/v2\/types\/page"}],"author":[{"embeddable":true,"href":"https:\/\/stay.belmas.com.br\/it\/wp-json\/wp\/v2\/users\/1"}],"replies":[{"embeddable":true,"href":"https:\/\/stay.belmas.com.br\/it\/wp-json\/wp\/v2\/comments?post=2432"}],"version-history":[{"count":9,"href":"https:\/\/stay.belmas.com.br\/it\/wp-json\/wp\/v2\/pages\/2432\/revisions"}],"predecessor-version":[{"id":3332,"href":"https:\/\/stay.belmas.com.br\/it\/wp-json\/wp\/v2\/pages\/2432\/revisions\/3332"}],"wp:featuredmedia":[{"embeddable":true,"href":"https:\/\/stay.belmas.com.br\/it\/wp-json\/wp\/v2\/media\/2434"}],"wp:attachment":[{"href":"https:\/\/stay.belmas.com.br\/it\/wp-json\/wp\/v2\/media?parent=2432"}],"curies":[{"name":"wp","href":"https:\/\/api.w.org\/{rel}","templated":true}]}}