{"id":2406,"date":"2025-10-16T05:51:02","date_gmt":"2025-10-16T05:51:02","guid":{"rendered":"https:\/\/stay.belmas.com.br\/privacy-policy\/"},"modified":"2025-10-28T12:28:04","modified_gmt":"2025-10-28T12:28:04","slug":"informativa-sulla-privacy","status":"publish","type":"page","link":"https:\/\/stay.belmas.com.br\/it\/informativa-sulla-privacy\/","title":{"rendered":"Informativa Sulla Privacy"},"content":{"rendered":"\n<h1 class=\"wp-block-heading has-text-align-center has-text-color has-link-color wp-elements-e591b8a8b731f29331c2ada2520850a8\" style=\"color:#35332f;font-size:54px\">Informativa Sulla Privacy<\/h1>\n\n\n\n<p><strong>GDPR &#8211; Regolamento <\/strong><strong>G<\/strong><strong>enerale sulla <\/strong><strong>P<\/strong><strong>rotezione dei <\/strong><strong>D<\/strong><strong>ati<\/strong><br>Informativa sulla Privacy | Condizioni d&#8217;uso e Utilizzo<\/p>\n\n\n\n<p><strong>DICHIARAZIONE E CONSENSO ALL&#8217;INFORMATIVA SULLA PRIVACY<\/strong><\/p>\n\n\n\n<p>Accettando la presente Informativa sulla privacy, autorizzi Pinkmoon, Lda, persona giuridica numero 516854135, con sede legale in Rua Moinho de Vento, n\u00ba 61 9500-327 Ponta Delgada, al trattamento dei tuoi dati personali contenuti nel modulo di registrazione, di cui dichiari di essere titolare, nonch\u00e9 dei dati relativi al tuo rapporto commerciale e contrattuale e alla sua gestione, ai sensi della presente Informativa sulla privacy.<\/p>\n\n\n\n<p><strong>Si afferma inoltre:<\/strong><\/p>\n\n\n\n<p>1. essere consapevole e pienamente informato che il trattamento dei tuoi dati personali comprende tutte le operazioni effettuate sui dati da te trasmessi, con o senza l&#8217;ausilio di mezzi automatizzati, per le seguenti finalit\u00e0:<\/p>\n\n\n\n<p>&#8211; migliorare il funzionamento e le funzionalit\u00e0 del sito web Pinkmoon, Lda (anche nei casi in cui i tuoi dati saranno aggregati e trattati in modo statistico, senza essere identificabili da terzi a cui vengono forniti);<\/p>\n\n\n\n<p>&#8211; migliorare e personalizzare i servizi forniti all&#8217;utente;<\/p>\n\n\n\n<p>&#8211; contattare l&#8217;utente tramite e-mail, messaggi scritti o telefono per &#8211; inviare informazioni o aggiornamenti sulle transazioni e gli ordini dell&#8217;utente, nonch\u00e9 informazioni su nuovi prodotti o servizi;<\/p>\n\n\n\n<p>&#8211; interagire con l&#8217;utente sulle piattaforme dei social media;<\/p>\n\n\n\n<p>2. accettare e acconsentire al libero utilizzo e alla riproduzione da parte di Pinkmoon, Lda dei suoi contenuti disponibili pubblicamente e\/o dei contenuti pubblicati sulle piattaforme dei social media in cui si fa esplicito e specifico riferimento all&#8217;hashtag #azoresstay, ai nostri marchi, prodotti o servizi;<\/p>\n\n\n\n<p>3. essere consapevole che, ai sensi della normativa applicabile, puoi opporti, limitare, correggere o richiedere la cancellazione in relazione al trattamento dei tuoi dati per una o pi\u00f9 delle finalit\u00e0 sopra descritte, inviando una richiesta al seguente indirizzo e-mail: <a href=\"mailto:info@azores-stay.com\">info@azores-stay.com<\/a>, oltre ad avere il diritto di presentare un reclamo alle autorit\u00e0 competenti;<\/p>\n\n\n\n<p>4. dare il presente consenso liberamente e volontariamente e avere almeno 16 anni di et\u00e0.<\/p>\n\n\n\n<p><strong>INFORMATIVA SULLA PRIVACY<\/strong><\/p>\n\n\n\n<p>Noi di Pinkmoon, Lda prendiamo molto sul serio la tua privacy. Ci impegniamo a garantire la massima qualit\u00e0 della tua esperienza sul nostro sito web e sulle nostre piattaforme social in un ambiente sicuro.<\/p>\n\n\n\n<p>\u00c8 nostra politica trattare i tuoi dati personali con discrezione e proteggerli. La presente Informativa sulla privacy spiega come raccogliamo, proteggiamo, utilizziamo e condividiamo le informazioni che ti riguardano, sia online che offline, nella speranza di aumentare la tua fiducia in Pinkmoon, Lda e migliorare la tua esperienza con noi.<\/p>\n\n\n\n<p>Si prega di notare che la presente Informativa sulla privacy si applica solo alle informazioni raccolte da Pinkmoon, Lda e non si estende alle informazioni che potreste aver inviato su altri siti web o piattaforme social gestiti da altre entit\u00e0 o organizzazioni a cui potremmo fare riferimento. La presente informativa sulla privacy riguarda solo questo sito web. Si prega di leggere attentamente i seguenti termini.<\/p>\n\n\n\n<p><strong>1. I tuoi dati<\/strong><br>Pinkmoon, Lda si impegna a trattare i tuoi dati personali in conformit\u00e0 con il Regolamento europeo (UE) 2016\/679 del Parlamento europeo e del Consiglio, del 27 aprile 2016, relativo alla protezione delle persone fisiche con riguardo al trattamento dei dati personali, nonch\u00e9 alla libera circolazione di tali dati e che abroga la direttiva 95\/46\/CE (regolamento generale sulla protezione dei dati).<\/p>\n\n\n\n<p>Questo sito web non raccoglie informazioni personali su di te a meno che tu non ce le fornisca volontariamente. Ci\u00f2 significa che non conosceremo il tuo nome, indirizzo e-mail o qualsiasi altra informazione personale solo perch\u00e9 hai navigato su questo sito.<\/p>\n\n\n\n<p>Raccogliamo i tuoi dati solo quando compili un modulo di richiesta di preventivo o di contatto online. Ti potrebbe essere chiesto di inserire il tuo nome, numero di telefono, indirizzo e-mail e altre informazioni rilevanti.<\/p>\n\n\n\n<p>Ti preghiamo di notare che fornendoci informazioni personali su di te nei termini descritti nella presente informativa sulla privacy, ci dai il tuo consenso a utilizzarle per gli scopi qui menzionati.<\/p>\n\n\n\n<p><strong>2. Utilizzo dei tuoi dati<\/strong><br>Tutti i dati che ci fornite possono essere utilizzati nei seguenti modi:<\/p>\n\n\n\n<p>&#8211; personalizzare la vostra esperienza con noi<\/p>\n\n\n\n<p>&#8211; migliorare il nostro sito web nei servizi e nelle risorse disponibili<\/p>\n\n\n\n<p>&#8211; migliorare il nostro servizio clienti in generale<\/p>\n\n\n\n<p>&#8211; contattarvi<\/p>\n\n\n\n<p>&#8211; organizzare un concorso, una promozione, un sondaggio o altre risorse<\/p>\n\n\n\n<p>I vostri dati, sia pubblici che privati, non saranno venduti, scambiati, trasferiti o ceduti ad altre societ\u00e0 al di fuori di Pinkmoon, Lda per nessun motivo senza il vostro consenso.<\/p>\n\n\n\n<p>Potremmo utilizzare e fornire informazioni aggregate e statistiche a terzi per monitorare l&#8217;utilizzo del nostro sito web al fine di aiutarci a svilupparlo e a migliorare i nostri servizi. I dati utilizzati non devono includere informazioni che potrebbero essere utilizzate per identificare qualsiasi individuo.<\/p>\n\n\n\n<p>I dati di contatto forniti dall&#8217;utente potrebbero essere utilizzati per inviare informazioni e aggiornamenti relativi ai suoi ordini, nonch\u00e9 per ricevere aggiornamenti occasionali da Pinkmoon, Lda e informazioni su prodotti o servizi correlati.<\/p>\n\n\n\n<p>Potremmo contattarvi via e-mail o telefono per chiedervi un parere sui nostri prodotti e servizi.<\/p>\n\n\n\n<p>Nota: se in qualsiasi momento desiderate annullare l&#8217;iscrizione alle future e-mail, includeremo istruzioni dettagliate per l&#8217;annullamento dell&#8217;iscrizione in fondo a ciascuna e-mail.<\/p>\n\n\n\n<p>Pinkmoon, Lda memorizza i dati dei propri utenti sui propri server situati in Portogallo e Spagna. Questi server sono protetti e mantenuti in conformit\u00e0 con i pi\u00f9 elevati standard di sicurezza e nel rispetto delle leggi vigenti in materia di privacy.<\/p>\n\n\n\n<p><strong>3. Protezione delle informazioni personali<\/strong><br>Seguiamo gli standard del settore per proteggere i tuoi dati durante la trasmissione e, una volta ricevuti, abbiamo implementato varie misure per mantenere la sicurezza dei dati personali che ci hai trasmesso.<\/p>\n\n\n\n<p>TUTTAVIA, \u00c8 NECESSARIO ESSERE CONSAPEVOLI DEL FATTO CHE NESSUN METODO DI TRASMISSIONE O ARCHIVIAZIONE ELETTRONICA \u00c8 SICURO AL 100%.<\/p>\n\n\n\n<p>PERCI\u00d2, NELLA MISURA MASSIMA CONSENTITA DALLA LEGGE, NON POSSIAMO ESSERE RITENUTI RESPONSABILI PER EVENTUALI RECLAMI. PERDITE E DANNI, INCLUSE, A TITOLO ESEMPLIFICATIVO, PERDITE O DANNI DIRETTI, INDIRETTI, SPECIALI, PUNITIVI, INCIDENTALI O CONSEQUENZIALI SUBITI DALL&#8217;UTENTE O DA QUALSIASI UTENTE IN RELAZIONE A FRODI INFORMATICHE, RISCHI O QUALSIASI ALTRA VIOLAZIONE O CIRCOSTANZA IN CUI LE VOSTRE INFORMAZIONI SIANO ACCESSIBILI O DIVULGATE SENZA LA NOSTRA ESPRESSA AUTORIZZAZIONE.<\/p>\n\n\n\n<p><strong>4. Cookie<\/strong><br>Un cookie \u00e8 un piccolo file di testo che, pur non raccogliendo informazioni personali che consentano di identificare l&#8217;utente, memorizza informazioni generali sulla navigazione dell&#8217;utente sul suo dispositivo di accesso (telefono cellulare, computer o altro) che gli consentiranno di utilizzarlo in modo pi\u00f9 rapido ed efficace in un secondo momento.<\/p>\n\n\n\n<p>Un cookie di per s\u00e9 non identifica personalmente alcun utente\/visitatore.<\/p>\n\n\n\n<p>Possiamo utilizzare tecnologie come i \u201ccookie\u201d per registrare informazioni sulla sessione, raccogliere dati sulle visite e sull&#8217;accesso alle nostre pagine web che ci consentono di continuare a migliorare i nostri servizi e fornire risorse migliori e pi\u00f9 utili agli utenti\/visitatori del nostro sito.<\/p>\n\n\n\n<p>I cookie sono consigliati e hanno funzioni specifiche per consentire una navigazione migliore e pi\u00f9 personalizzata.<\/p>\n\n\n\n<p>L&#8217;esistenza dei cookie non influisce sul funzionamento del dispositivo e del suo sistema operativo. Oltre alle informazioni memorizzate nel cookie, le informazioni vengono memorizzate anche nell&#8217;area \u201cmemoria locale\u201d del browser per lo stesso scopo dei cookie.<\/p>\n\n\n\n<p>I cookie possono essere di vario tipo: quelli che consentono di identificare l&#8217;utente e migliorare il funzionamento dei servizi sui siti web; quelli che migliorano le prestazioni del sito web analizzando il modo in cui gli utenti lo utilizzano; quelli che consentono all&#8217;utente di navigare in modo pi\u00f9 personalizzato e quelli che raccolgono informazioni sulle abitudini di navigazione in Internet dell&#8217;utente in modo che la pubblicit\u00e0 che vede corrisponda alle sue esigenze e ai suoi interessi.<\/p>\n\n\n\n<p>Lo scopo principale dei nostri cookie \u00e8 quello di migliorare la tua esperienza di navigazione, aiutandoci, tra l&#8217;altro, a ricordare le tue preferenze. Queste informazioni ci consentono anche di migliorare il nostro sito web (ad esempio, facilitando l&#8217;analisi statistica del suo utilizzo). In considerazione di tali finalit\u00e0, i cookie non memorizzano informazioni di natura sensibile che consentono l&#8217;identificazione personale. Le informazioni contenute nei nostri cookie sono utilizzate solo da noi, ad eccezione di quelle relative a Google Analytics (gestito da Google).<\/p>\n\n\n\n<p>Tutti i browser consentono all&#8217;utente di accettare, rifiutare o eliminare i cookie, selezionando le impostazioni appropriate nel proprio browser, in modo che l&#8217;utente possa, in qualsiasi momento, disattivare parzialmente o totalmente i cookie utilizzati sul nostro sito web.<\/p>\n\n\n\n<p>Se scegli di disattivare i cookie, potresti non essere in grado di accedere ad alcune sezioni del nostro sito web, la tua navigazione diventer\u00e0 meno efficiente e potresti non beneficiare pi\u00f9 di alcune funzionalit\u00e0 o servizi.<\/p>\n\n\n\n<p>Nota: questo elenco pu\u00f2 essere aggiornato in base ai nuovi servizi e alle nuove funzionalit\u00e0 del nostro sito web con l&#8217;introduzione di nuovi cookie.<\/p>\n\n\n\n<p><strong>5. Come garantire la tua sicurezza<\/strong><br>Per tutelare la tua privacy, ti consigliamo di non includere dati personali, in particolare dati sensibili o riservati, nelle e-mail che ci invii. Ti preghiamo di non inviarci numeri di carte di credito o altre informazioni personali sensibili tramite e-mail.<\/p>\n\n\n\n<p>Non raccogliamo consapevolmente informazioni personali da minori. In qualit\u00e0 di genitore o tutore legale, non consentire ai tuoi figli di inviare informazioni personali senza il tuo permesso.<\/p>\n\n\n\n<p>NON SIAMO RESPONSABILI DEI DATI DI IDENTIFICAZIONE O DI ALTRE INFORMAZIONI CHE DECIDI DI INVIARE IN FORUM COME L&#8217;AREA COMMENTI O QUALSIASI ALTRA AREA PUBBLICA ACCESSIBILE CHE AMMINISTRIAMO O GESTIAMO.<\/p>\n\n\n\n<p><strong>6. Divulgazione di informazioni a terzi<\/strong><br>Non vendiamo, scambiamo o trasferiamo in altro modo le informazioni personali identificabili dell&#8217;utente a terzi. Ci\u00f2 non include terze parti di fiducia che ci aiutano a gestire il nostro sito web, le applicazioni mobili, a condurre la nostra attivit\u00e0 o a fornire servizi ai nostri clienti, a condizione che tali parti accettino di mantenere riservate tali informazioni.<\/p>\n\n\n\n<p>Potremmo inoltre divulgare le informazioni dell&#8217;utente qualora lo ritenessimo opportuno per ottemperare alla legge, applicare le politiche del nostro sito web o proteggere i nostri diritti, la nostra propriet\u00e0 o la nostra sicurezza.<\/p>\n\n\n\n<p>Tuttavia, le informazioni sui visitatori non identificabili personalmente potrebbero essere fornite ad altre parti per scopi di marketing, pubblicit\u00e0 o altri usi.<\/p>\n\n\n\n<p><strong>7. Link di terze parti<\/strong><br>Si prega di notare che, sebbene l&#8217;utente si trovi su un sito web gestito da noi, potrebbe essere reindirizzato a link di siti web di terze parti. Di tanto in tanto, a nostra discrezione, potremmo includere o offrire servizi di terze parti sulle nostre piattaforme.<\/p>\n\n\n\n<p>Questi siti di terze parti hanno politiche sulla privacy separate e indipendenti. Tali politiche non sono gestite o controllate da noi, pertanto Pinkmoon, Lda non si assume alcuna responsabilit\u00e0 per il contenuto e le attivit\u00e0 di tali siti web.<\/p>\n\n\n\n<p>Tuttavia, cerchiamo di proteggere l&#8217;integrit\u00e0 del nostro sito web e delle nostre piattaforme e vi invitiamo a contattarci se desiderate fornirci un feedback al riguardo. Vi raccomandiamo inoltre di leggere attentamente i termini e le condizioni e le politiche sulla privacy di questi siti web collegati prima di inviare qualsiasi informazione o dato personale.<\/p>\n\n\n\n<p><strong>8. Il tuo consenso<\/strong><br>Utilizzando il nostro sito web e le nostre piattaforme, accetti la nostra Informativa sulla privacy.<\/p>\n\n\n\n<p><strong>9. Per quanto tempo saranno conservati i tuoi dati<\/strong><br>Si precisa che i dati personali forniti saranno conservati fino a quando non ne verr\u00e0 richiesta la cancellazione.<\/p>\n\n\n\n<p><strong>10. Copyright<\/strong><br>I video, i suoni, le immagini e tutte le informazioni presenti su questo sito web non possono essere copiati, distribuiti, modificati o pubblicati su piattaforme digitali senza previa autorizzazione da parte di Pinkmoon, Lda.<\/p>\n\n\n\n<p><strong>11. I tuoi diritti<\/strong><br>Poich\u00e9 desideriamo assicurarci che tu sia a conoscenza dei tuoi diritti e in conformit\u00e0 con la legislazione applicabile, desideriamo informarti che:<\/p>\n\n\n\n<p>&#8211; I tuoi dati personali appartengono a te. In quanto tali, hai il diritto di accedere, rettificare, limitare, cancellare e opporti al loro trattamento, nonch\u00e9 di ottenerli da Pinkmoon, Lda.<\/p>\n\n\n\n<p>\u2022 Ci impegneremo a garantire che i tuoi dati personali siano aggiornati e protetti in conformit\u00e0 con i migliori standard del settore.<\/p>\n\n\n\n<p>\u2022 Avete il diritto di presentare un reclamo all&#8217;autorit\u00e0 competente per la protezione dei dati. In Portogallo, tale autorit\u00e0 \u00e8 la Commissione Nazionale per la Protezione dei Dati (\u201cCNPD\u201d). Maggiori informazioni sulla CNPD sono disponibili all&#8217;indirizzo www.cnpd.pt.<\/p>\n\n\n\n<p>Per esercitare i propri diritti di accesso, rettifica, cancellazione, blocco o opposizione al trattamento dei dati personali forniti, ai sensi della legge n. 67\/98 del 26 ottobre, \u00e8 necessario inviare una richiesta in tal senso al seguente indirizzo e-mail: <a href=\"mailto:info@azores-stay.com\">info@azores-stay.com<\/a><\/p>\n\n\n\n<p><strong>12. Legge applicabile<\/strong><br>Le presenti Condizioni d&#8217;uso sono regolate e redatte in conformit\u00e0 con la legislazione vigente. Qualsiasi conflitto o divergenza di interpretazione delle stesse sar\u00e0 sottoposto al Tribunale competente.<\/p>\n\n\n\n<p><strong>13. Modifiche alla nostra Informativa sulla privacy<\/strong><br>Ci riserviamo il diritto di aggiornare, modificare o eliminare qualsiasi termine della presente Informativa sulla privacy senza ulteriore consenso. Ti informeremo di eventuali modifiche alla presente Informativa sulla privacy sul nostro sito web e tramite una comunicazione inviata ai recapiti indicati. L&#8217;uso continuato del nostro sito web, delle nostre applicazioni, dei nostri servizi e delle nostre risorse offerti dopo tale comunicazione implicher\u00e0 l&#8217;accettazione di tali modifiche.<\/p>\n\n\n\n<p>La versione attuale \u00e8 stata pubblicata il 27\/10\/2025<\/p>\n\n\n\n<p><strong>14. Contattaci<\/strong><br>Per qualsiasi domanda relativa alla presente Informativa sulla privacy o se desiderate esercitare uno dei diritti sopra menzionati, contattateci ai seguenti recapiti:<\/p>\n\n\n\n<p>Telefono: (+351)\u00a0914398253<\/p>\n\n\n\n<p>E-mail: <a href=\"mailto:info@azores-stay.com\">info@azores-stay.com<\/a><\/p>\n\n\n\n<p><\/p>\n","protected":false},"excerpt":{"rendered":"<p>Informativa Sulla Privacy GDPR &#8211; Regolamento Generale sulla Protezione dei DatiInformativa sulla Privacy | Condizioni d&#8217;uso e Utilizzo DICHIARAZIONE E CONSENSO ALL&#8217;INFORMATIVA SULLA PRIVACY Accettando la presente Informativa sulla privacy, autorizzi Pinkmoon, Lda, persona giuridica numero 516854135, con sede legale in Rua Moinho de Vento, n\u00ba 61 9500-327 Ponta Delgada, al trattamento dei tuoi dati [&hellip;]<\/p>\n","protected":false},"author":1,"featured_media":2396,"parent":0,"menu_order":0,"comment_status":"closed","ping_status":"closed","template":"template-hero.php","meta":{"footnotes":""},"class_list":["post-2406","page","type-page","status-publish","has-post-thumbnail","hentry"],"_links":{"self":[{"href":"https:\/\/stay.belmas.com.br\/it\/wp-json\/wp\/v2\/pages\/2406","targetHints":{"allow":["GET"]}}],"collection":[{"href":"https:\/\/stay.belmas.com.br\/it\/wp-json\/wp\/v2\/pages"}],"about":[{"href":"https:\/\/stay.belmas.com.br\/it\/wp-json\/wp\/v2\/types\/page"}],"author":[{"embeddable":true,"href":"https:\/\/stay.belmas.com.br\/it\/wp-json\/wp\/v2\/users\/1"}],"replies":[{"embeddable":true,"href":"https:\/\/stay.belmas.com.br\/it\/wp-json\/wp\/v2\/comments?post=2406"}],"version-history":[{"count":3,"href":"https:\/\/stay.belmas.com.br\/it\/wp-json\/wp\/v2\/pages\/2406\/revisions"}],"predecessor-version":[{"id":3895,"href":"https:\/\/stay.belmas.com.br\/it\/wp-json\/wp\/v2\/pages\/2406\/revisions\/3895"}],"wp:featuredmedia":[{"embeddable":true,"href":"https:\/\/stay.belmas.com.br\/it\/wp-json\/wp\/v2\/media\/2396"}],"wp:attachment":[{"href":"https:\/\/stay.belmas.com.br\/it\/wp-json\/wp\/v2\/media?parent=2406"}],"curies":[{"name":"wp","href":"https:\/\/api.w.org\/{rel}","templated":true}]}}