{"id":2395,"date":"2025-10-16T05:52:16","date_gmt":"2025-10-16T05:52:16","guid":{"rendered":"https:\/\/stay.belmas.com.br\/cancelation-policy\/"},"modified":"2025-10-28T12:28:11","modified_gmt":"2025-10-28T12:28:11","slug":"politica-di-cancellazione","status":"publish","type":"page","link":"https:\/\/stay.belmas.com.br\/it\/politica-di-cancellazione\/","title":{"rendered":"Politica di Cancellazione"},"content":{"rendered":"\n<h1 class=\"wp-block-heading has-text-align-center has-text-color has-link-color wp-elements-123fa1cb1fa4d6395789900f76e5fccb\" style=\"color:#35332f;font-size:54px\">Politica di Cancellazione<\/h1>\n\n\n\n<p>Cancellazione\/prepagamento<\/p>\n\n\n\n<p>Le condizioni di cancellazione e prepagamento variano a seconda del tipo di alloggio. Inserisci le date del tuo soggiorno e verifica le condizioni dell&#8217;opzione selezionata.<br>Bambini e letti<br>Condizioni per i bambini<br>Tutti i bambini sono i benvenuti.<\/p>\n\n\n\n<p>Per visualizzare i prezzi corretti e le informazioni sull&#8217;occupazione, aggiungi alla tua ricerca il numero di bambini nel tuo gruppo e le loro et\u00e0.<\/p>\n\n\n\n<p>Condizioni per culle e letti aggiuntivi<br>Culle e letti aggiuntivi non sono disponibili in questa struttura.<\/p>\n\n\n\n<p>Nessuna restrizione di et\u00e0<br>Non ci sono restrizioni di et\u00e0 per il check-in<br>Fumo<br>Non \u00e8 consentito fumare.<br>Feste<br>Non \u00e8 consentito organizzare feste\/eventi<br>Animali domestici<br>Animali domestici: non ammessi.<\/p>\n","protected":false},"excerpt":{"rendered":"<p>Politica di Cancellazione Cancellazione\/prepagamento Le condizioni di cancellazione e prepagamento variano a seconda del tipo di alloggio. Inserisci le date del tuo soggiorno e verifica le condizioni dell&#8217;opzione selezionata.Bambini e lettiCondizioni per i bambiniTutti i bambini sono i benvenuti. Per visualizzare i prezzi corretti e le informazioni sull&#8217;occupazione, aggiungi alla tua ricerca il numero di [&hellip;]<\/p>\n","protected":false},"author":1,"featured_media":2396,"parent":0,"menu_order":0,"comment_status":"closed","ping_status":"closed","template":"template-hero.php","meta":{"footnotes":""},"class_list":["post-2395","page","type-page","status-publish","has-post-thumbnail","hentry"],"_links":{"self":[{"href":"https:\/\/stay.belmas.com.br\/it\/wp-json\/wp\/v2\/pages\/2395","targetHints":{"allow":["GET"]}}],"collection":[{"href":"https:\/\/stay.belmas.com.br\/it\/wp-json\/wp\/v2\/pages"}],"about":[{"href":"https:\/\/stay.belmas.com.br\/it\/wp-json\/wp\/v2\/types\/page"}],"author":[{"embeddable":true,"href":"https:\/\/stay.belmas.com.br\/it\/wp-json\/wp\/v2\/users\/1"}],"replies":[{"embeddable":true,"href":"https:\/\/stay.belmas.com.br\/it\/wp-json\/wp\/v2\/comments?post=2395"}],"version-history":[{"count":2,"href":"https:\/\/stay.belmas.com.br\/it\/wp-json\/wp\/v2\/pages\/2395\/revisions"}],"predecessor-version":[{"id":2993,"href":"https:\/\/stay.belmas.com.br\/it\/wp-json\/wp\/v2\/pages\/2395\/revisions\/2993"}],"wp:featuredmedia":[{"embeddable":true,"href":"https:\/\/stay.belmas.com.br\/it\/wp-json\/wp\/v2\/media\/2396"}],"wp:attachment":[{"href":"https:\/\/stay.belmas.com.br\/it\/wp-json\/wp\/v2\/media?parent=2395"}],"curies":[{"name":"wp","href":"https:\/\/api.w.org\/{rel}","templated":true}]}}