{"id":2461,"date":"2016-04-12T16:28:45","date_gmt":"2016-04-12T16:28:45","guid":{"rendered":"https:\/\/stay.belmas.com.br\/about-us\/"},"modified":"2025-10-28T17:14:48","modified_gmt":"2025-10-28T17:14:48","slug":"a-propos-de-nous","status":"publish","type":"page","link":"https:\/\/stay.belmas.com.br\/fr\/a-propos-de-nous\/","title":{"rendered":"\u00c0 Propos de Nous"},"content":{"rendered":"\n<h2 class=\"wp-block-heading\" style=\"font-size:54px\">Bienvenue \u00e0 Gr\u00e3o de Areia<\/h2>\n\n\n\n<h3 class=\"wp-block-heading has-text-color has-link-color wp-elements-5d0d6668b117b0d4e33205fa58228ad9\" style=\"color:#33333399;font-size:24px\">Nous esp\u00e9rons que vous appr\u00e9cierez votre s\u00e9jour.<\/h3>\n\n\n<p>Gr\u00e3o de Areia est un charmant refuge situ\u00e9 dans la paroisse de Mosteiros, \u00e0 l&rsquo;extr\u00e9mit\u00e9 ouest de l&rsquo;\u00eele de S\u00e3o Miguel, dans les A\u00e7ores. \u00c0 seulement 50 m\u00e8tres de la plage de sable noir de Mosteiros, la maison offre un acc\u00e8s facile \u00e0 l&rsquo;un des paysages les plus embl\u00e9matiques de l&rsquo;\u00eele \u2014 c\u00e9l\u00e8bre pour ses impressionnants stacks et ses couchers de soleil \u00e0 couper le souffle.<\/p>\n<p>Construite \u00e0 l&rsquo;origine en 1937 comme maison traditionnelle de p\u00eacheur, Gr\u00e3o de Areia a \u00e9t\u00e9 enti\u00e8rement r\u00e9nov\u00e9e en 2025 avec soin et attention. Le projet architectural allie harmonieusement le charme de sa structure historique \u00e0 l&rsquo;\u00e9l\u00e9gance et au confort d&rsquo;un design moderne. Une nouvelle extension contemporaine est reli\u00e9e \u00e0 la maison d&rsquo;origine par un couloir vitr\u00e9, offrant une vue sur le jardin priv\u00e9, la petite piscine ext\u00e9rieure et l&rsquo;espace barbecue.<\/p>\n<p>Entour\u00e9e d&rsquo;une v\u00e9g\u00e9tation luxuriante, la maison dispose d&rsquo;un jardin paisible, et deux beaux arbres dans la cour avant offrent un espace ombrag\u00e9 et rafra\u00eechissant \u2014 id\u00e9al pour les chaudes apr\u00e8s-midi d&rsquo;\u00e9t\u00e9. \u00c0 l&rsquo;int\u00e9rieur, la maison dispose d&rsquo;un espace de vie ouvert, lumineux et a\u00e9r\u00e9, avec une cuisine enti\u00e8rement \u00e9quip\u00e9e et un salon confortable. Il y a une chambre et une salle de bain compl\u00e8te.<\/p>\n<p>La maison peut accueillir jusqu&rsquo;\u00e0 2 personnes et un b\u00e9b\u00e9, ce qui la rend id\u00e9ale pour les familles, les couples ou les amis voyageant ensemble. La d\u00e9coration int\u00e9rieure a \u00e9t\u00e9 soigneusement pens\u00e9e pour cr\u00e9er une atmosph\u00e8re sereine et minimaliste qui invite \u00e0 la d\u00e9tente et \u00e0 la tranquillit\u00e9 d&rsquo;esprit. Que vous soyez ici pour une courte escapade ou un s\u00e9jour prolong\u00e9, Gr\u00e3o de Areia est l&rsquo;endroit id\u00e9al pour se d\u00e9tendre, lire, cr\u00e9er, se connecter et simplement profiter du moment pr\u00e9sent. Nous vous invitons \u00e0 d\u00e9couvrir cet espace unique o\u00f9 tradition et tranquillit\u00e9 se rencontrent.<\/p>\n\n\n<div style=\"height:30px\" aria-hidden=\"true\" class=\"wp-block-spacer\"><\/div>\n\n\n<p style=\"text-align: center;\"><a class=\"button is-dark\" href=\"\/fr\/chambres\">Voir la chambre<\/a><\/p>\n\n<style>.wp-block-kadence-advancedgallery.kb-gallery-wrap-id-2461_54811c-ba{margin-top:var(--global-kb-spacing-md, 2rem);margin-bottom:var(--global-kb-spacing-lg, 3rem);}.wp-block-kadence-advancedgallery .kb-gallery-type-masonry.kb-gallery-id-2461_54811c-ba{margin:-5px;}.kb-gallery-type-masonry.kb-gallery-id-2461_54811c-ba .kadence-blocks-gallery-item{padding:5px;}.kb-gallery-id-2461_54811c-ba .kadence-blocks-gallery-item .kb-gal-image-radius, .kb-gallery-id-2461_54811c-ba .kb-slide-item .kb-gal-image-radius img{border-radius:0px 0px 0px 0px;;}<\/style><div class=\"kb-gallery-wrap-id-2461_54811c-ba alignnone wp-block-kadence-advancedgallery\"><ul class=\"kb-gallery-ul kb-gallery-non-static kb-gallery-type-masonry kb-masonry-init kb-gallery-id-2461_54811c-ba kb-gallery-caption-style-bottom-hover kb-gallery-filter-none\" data-image-filter=\"none\" data-item-selector=\".kadence-blocks-gallery-item\" data-lightbox-caption=\"true\" data-columns-xxl=\"4\" data-columns-xl=\"4\" data-columns-md=\"4\" data-columns-sm=\"3\" data-columns-xs=\"2\" data-columns-ss=\"2\"><li class=\"kadence-blocks-gallery-item\"><div class=\"kadence-blocks-gallery-item-inner\"><figure class=\"kb-gallery-figure kadence-blocks-gallery-item-hide-caption\"><div class=\"kb-gal-image-radius\" style=\"max-width:316px;\"><div class=\"kb-gallery-image-contain kadence-blocks-gallery-intrinsic\" style=\"padding-bottom:66%;\"><img loading=\"lazy\" decoding=\"async\" src=\"https:\/\/stay.belmas.com.br\/wp-content\/uploads\/2025\/10\/img_gallery_01.jpg\" width=\"316\" height=\"211\" alt=\"\" data-full-image=\"https:\/\/stay.belmas.com.br\/wp-content\/uploads\/2025\/10\/img_gallery_01.jpg\" data-light-image=\"https:\/\/stay.belmas.com.br\/wp-content\/uploads\/2025\/10\/img_gallery_01.jpg\" data-id=\"1001\" class=\"wp-image-1001\" srcset=\"https:\/\/stay.belmas.com.br\/wp-content\/uploads\/2025\/10\/img_gallery_01.jpg 316w, https:\/\/stay.belmas.com.br\/wp-content\/uploads\/2025\/10\/img_gallery_01-300x200.jpg 300w\" sizes=\"auto, (max-width: 316px) 100vw, 316px\" \/><\/div><\/div><\/figure><\/div><\/li><li class=\"kadence-blocks-gallery-item\"><div class=\"kadence-blocks-gallery-item-inner\"><figure class=\"kb-gallery-figure kadence-blocks-gallery-item-hide-caption\"><div class=\"kb-gal-image-radius\" style=\"max-width:316px;\"><div class=\"kb-gallery-image-contain kadence-blocks-gallery-intrinsic\" style=\"padding-bottom:66%;\"><img loading=\"lazy\" decoding=\"async\" src=\"https:\/\/stay.belmas.com.br\/wp-content\/uploads\/2025\/10\/img_gallery_02.jpg\" width=\"316\" height=\"211\" alt=\"\" data-full-image=\"https:\/\/stay.belmas.com.br\/wp-content\/uploads\/2025\/10\/img_gallery_02.jpg\" data-light-image=\"https:\/\/stay.belmas.com.br\/wp-content\/uploads\/2025\/10\/img_gallery_02.jpg\" data-id=\"1000\" class=\"wp-image-1000\" srcset=\"https:\/\/stay.belmas.com.br\/wp-content\/uploads\/2025\/10\/img_gallery_02.jpg 316w, https:\/\/stay.belmas.com.br\/wp-content\/uploads\/2025\/10\/img_gallery_02-300x200.jpg 300w\" sizes=\"auto, (max-width: 316px) 100vw, 316px\" \/><\/div><\/div><\/figure><\/div><\/li><li class=\"kadence-blocks-gallery-item\"><div class=\"kadence-blocks-gallery-item-inner\"><figure class=\"kb-gallery-figure kadence-blocks-gallery-item-hide-caption\"><div class=\"kb-gal-image-radius\" style=\"max-width:316px;\"><div class=\"kb-gallery-image-contain kadence-blocks-gallery-intrinsic\" style=\"padding-bottom:66%;\"><img loading=\"lazy\" decoding=\"async\" src=\"https:\/\/stay.belmas.com.br\/wp-content\/uploads\/2025\/10\/img_gallery_03.jpg\" width=\"316\" height=\"211\" alt=\"\" data-full-image=\"https:\/\/stay.belmas.com.br\/wp-content\/uploads\/2025\/10\/img_gallery_03.jpg\" data-light-image=\"https:\/\/stay.belmas.com.br\/wp-content\/uploads\/2025\/10\/img_gallery_03.jpg\" data-id=\"999\" class=\"wp-image-999\" srcset=\"https:\/\/stay.belmas.com.br\/wp-content\/uploads\/2025\/10\/img_gallery_03.jpg 316w, https:\/\/stay.belmas.com.br\/wp-content\/uploads\/2025\/10\/img_gallery_03-300x200.jpg 300w\" sizes=\"auto, (max-width: 316px) 100vw, 316px\" \/><\/div><\/div><\/figure><\/div><\/li><li class=\"kadence-blocks-gallery-item\"><div class=\"kadence-blocks-gallery-item-inner\"><figure class=\"kb-gallery-figure kadence-blocks-gallery-item-hide-caption\"><div class=\"kb-gal-image-radius\" style=\"max-width:316px;\"><div class=\"kb-gallery-image-contain kadence-blocks-gallery-intrinsic\" style=\"padding-bottom:66%;\"><img loading=\"lazy\" decoding=\"async\" src=\"https:\/\/stay.belmas.com.br\/wp-content\/uploads\/2025\/10\/img_gallery_04.jpg\" width=\"316\" height=\"211\" alt=\"\" data-full-image=\"https:\/\/stay.belmas.com.br\/wp-content\/uploads\/2025\/10\/img_gallery_04.jpg\" data-light-image=\"https:\/\/stay.belmas.com.br\/wp-content\/uploads\/2025\/10\/img_gallery_04.jpg\" data-id=\"998\" class=\"wp-image-998\" srcset=\"https:\/\/stay.belmas.com.br\/wp-content\/uploads\/2025\/10\/img_gallery_04.jpg 316w, https:\/\/stay.belmas.com.br\/wp-content\/uploads\/2025\/10\/img_gallery_04-300x200.jpg 300w\" sizes=\"auto, (max-width: 316px) 100vw, 316px\" \/><\/div><\/div><\/figure><\/div><\/li><li class=\"kadence-blocks-gallery-item\"><div class=\"kadence-blocks-gallery-item-inner\"><figure class=\"kb-gallery-figure kadence-blocks-gallery-item-hide-caption\"><div class=\"kb-gal-image-radius\" style=\"max-width:316px;\"><div class=\"kb-gallery-image-contain kadence-blocks-gallery-intrinsic\" style=\"padding-bottom:66%;\"><img loading=\"lazy\" decoding=\"async\" src=\"https:\/\/stay.belmas.com.br\/wp-content\/uploads\/2025\/10\/img_gallery_05.jpg\" width=\"316\" height=\"211\" alt=\"\" data-full-image=\"https:\/\/stay.belmas.com.br\/wp-content\/uploads\/2025\/10\/img_gallery_05.jpg\" data-light-image=\"https:\/\/stay.belmas.com.br\/wp-content\/uploads\/2025\/10\/img_gallery_05.jpg\" data-id=\"997\" class=\"wp-image-997\" srcset=\"https:\/\/stay.belmas.com.br\/wp-content\/uploads\/2025\/10\/img_gallery_05.jpg 316w, https:\/\/stay.belmas.com.br\/wp-content\/uploads\/2025\/10\/img_gallery_05-300x200.jpg 300w\" sizes=\"auto, (max-width: 316px) 100vw, 316px\" \/><\/div><\/div><\/figure><\/div><\/li><li class=\"kadence-blocks-gallery-item\"><div class=\"kadence-blocks-gallery-item-inner\"><figure class=\"kb-gallery-figure kadence-blocks-gallery-item-hide-caption\"><div class=\"kb-gal-image-radius\" style=\"max-width:316px;\"><div class=\"kb-gallery-image-contain kadence-blocks-gallery-intrinsic\" style=\"padding-bottom:66%;\"><img loading=\"lazy\" decoding=\"async\" src=\"https:\/\/stay.belmas.com.br\/wp-content\/uploads\/2025\/10\/img_gallery_06.jpg\" width=\"316\" height=\"211\" alt=\"\" data-full-image=\"https:\/\/stay.belmas.com.br\/wp-content\/uploads\/2025\/10\/img_gallery_06.jpg\" data-light-image=\"https:\/\/stay.belmas.com.br\/wp-content\/uploads\/2025\/10\/img_gallery_06.jpg\" data-id=\"996\" class=\"wp-image-996\" srcset=\"https:\/\/stay.belmas.com.br\/wp-content\/uploads\/2025\/10\/img_gallery_06.jpg 316w, https:\/\/stay.belmas.com.br\/wp-content\/uploads\/2025\/10\/img_gallery_06-300x200.jpg 300w\" sizes=\"auto, (max-width: 316px) 100vw, 316px\" \/><\/div><\/div><\/figure><\/div><\/li><li class=\"kadence-blocks-gallery-item\"><div class=\"kadence-blocks-gallery-item-inner\"><figure class=\"kb-gallery-figure kadence-blocks-gallery-item-hide-caption\"><div class=\"kb-gal-image-radius\" style=\"max-width:316px;\"><div class=\"kb-gallery-image-contain kadence-blocks-gallery-intrinsic\" style=\"padding-bottom:66%;\"><img loading=\"lazy\" decoding=\"async\" src=\"https:\/\/stay.belmas.com.br\/wp-content\/uploads\/2025\/10\/img_gallery_07.jpg\" width=\"316\" height=\"211\" alt=\"\" data-full-image=\"https:\/\/stay.belmas.com.br\/wp-content\/uploads\/2025\/10\/img_gallery_07.jpg\" data-light-image=\"https:\/\/stay.belmas.com.br\/wp-content\/uploads\/2025\/10\/img_gallery_07.jpg\" data-id=\"995\" class=\"wp-image-995\" srcset=\"https:\/\/stay.belmas.com.br\/wp-content\/uploads\/2025\/10\/img_gallery_07.jpg 316w, https:\/\/stay.belmas.com.br\/wp-content\/uploads\/2025\/10\/img_gallery_07-300x200.jpg 300w\" sizes=\"auto, (max-width: 316px) 100vw, 316px\" \/><\/div><\/div><\/figure><\/div><\/li><li class=\"kadence-blocks-gallery-item\"><div class=\"kadence-blocks-gallery-item-inner\"><figure class=\"kb-gallery-figure kadence-blocks-gallery-item-hide-caption\"><div class=\"kb-gal-image-radius\" style=\"max-width:316px;\"><div class=\"kb-gallery-image-contain kadence-blocks-gallery-intrinsic\" style=\"padding-bottom:66%;\"><img loading=\"lazy\" decoding=\"async\" src=\"https:\/\/stay.belmas.com.br\/wp-content\/uploads\/2025\/10\/img_gallery_08.jpg\" width=\"316\" height=\"211\" alt=\"\" data-full-image=\"https:\/\/stay.belmas.com.br\/wp-content\/uploads\/2025\/10\/img_gallery_08.jpg\" data-light-image=\"https:\/\/stay.belmas.com.br\/wp-content\/uploads\/2025\/10\/img_gallery_08.jpg\" data-id=\"994\" class=\"wp-image-994\" srcset=\"https:\/\/stay.belmas.com.br\/wp-content\/uploads\/2025\/10\/img_gallery_08.jpg 316w, https:\/\/stay.belmas.com.br\/wp-content\/uploads\/2025\/10\/img_gallery_08-300x200.jpg 300w\" sizes=\"auto, (max-width: 316px) 100vw, 316px\" \/><\/div><\/div><\/figure><\/div><\/li><\/ul><\/div>\n\n<p style=\"text-align: center;\"><a class=\"button is-dark\" href=\"\/fr\/a-propos-de-nous-plus\">Charger Plus<\/a><\/p>","protected":false},"excerpt":{"rendered":"<p>Bienvenue \u00e0 Gr\u00e3o de Areia Nous esp\u00e9rons que vous appr\u00e9cierez votre s\u00e9jour. Gr\u00e3o de Areia est un charmant refuge situ\u00e9 dans la paroisse de Mosteiros, \u00e0 l&rsquo;extr\u00e9mit\u00e9 ouest de l&rsquo;\u00eele de S\u00e3o Miguel, dans les A\u00e7ores. \u00c0 seulement 50 m\u00e8tres de la plage de sable noir de Mosteiros, la maison offre un acc\u00e8s facile \u00e0 [&hellip;]<\/p>\n","protected":false},"author":1,"featured_media":2431,"parent":0,"menu_order":0,"comment_status":"closed","ping_status":"closed","template":"template-hero.php","meta":{"footnotes":""},"class_list":["post-2461","page","type-page","status-publish","has-post-thumbnail","hentry"],"_links":{"self":[{"href":"https:\/\/stay.belmas.com.br\/fr\/wp-json\/wp\/v2\/pages\/2461","targetHints":{"allow":["GET"]}}],"collection":[{"href":"https:\/\/stay.belmas.com.br\/fr\/wp-json\/wp\/v2\/pages"}],"about":[{"href":"https:\/\/stay.belmas.com.br\/fr\/wp-json\/wp\/v2\/types\/page"}],"author":[{"embeddable":true,"href":"https:\/\/stay.belmas.com.br\/fr\/wp-json\/wp\/v2\/users\/1"}],"replies":[{"embeddable":true,"href":"https:\/\/stay.belmas.com.br\/fr\/wp-json\/wp\/v2\/comments?post=2461"}],"version-history":[{"count":17,"href":"https:\/\/stay.belmas.com.br\/fr\/wp-json\/wp\/v2\/pages\/2461\/revisions"}],"predecessor-version":[{"id":3938,"href":"https:\/\/stay.belmas.com.br\/fr\/wp-json\/wp\/v2\/pages\/2461\/revisions\/3938"}],"wp:featuredmedia":[{"embeddable":true,"href":"https:\/\/stay.belmas.com.br\/fr\/wp-json\/wp\/v2\/media\/2431"}],"wp:attachment":[{"href":"https:\/\/stay.belmas.com.br\/fr\/wp-json\/wp\/v2\/media?parent=2461"}],"curies":[{"name":"wp","href":"https:\/\/api.w.org\/{rel}","templated":true}]}}