{"id":2417,"date":"2025-10-15T16:11:22","date_gmt":"2025-10-15T16:11:22","guid":{"rendered":"https:\/\/stay.belmas.com.br\/experiences\/"},"modified":"2025-10-28T12:23:31","modified_gmt":"2025-10-28T12:23:31","slug":"experiences","status":"publish","type":"page","link":"https:\/\/stay.belmas.com.br\/fr\/experiences\/","title":{"rendered":"Exp\u00e9riences"},"content":{"rendered":"\n<h2 class=\"wp-block-heading\" style=\"font-size:54px\">Exp\u00e9riences de sortie<\/h2>\n\n\n\n<h3 class=\"wp-block-heading has-text-color has-link-color wp-elements-787644c98cfdab157bfa218ce70194c3\" style=\"color:#33333399;font-size:24px\">Nourriture et Boissons<\/h3>\n\n\n<p>La sp\u00e9cialit\u00e9 gastronomique de Mosteiros est le poulpe, le poisson frais arrive chaque jour du port de p\u00eache nich\u00e9 entre la plage et les piscines naturelles, alors assurez-vous de les d\u00e9guster dans les restaurants !<\/p>\n\n<style>.wp-block-kadence-advancedgallery.kb-gallery-wrap-id-2417_aac343-86{padding-bottom:var(--global-kb-spacing-lg, 3rem);}.wp-block-kadence-advancedgallery .kb-gallery-type-masonry.kb-gallery-id-2417_aac343-86{margin:-5px;}.kb-gallery-type-masonry.kb-gallery-id-2417_aac343-86 .kadence-blocks-gallery-item{padding:5px;}.kb-gallery-id-2417_aac343-86 .kadence-blocks-gallery-item .kb-gal-image-radius, .kb-gallery-id-2417_aac343-86 .kb-slide-item .kb-gal-image-radius img{border-radius:0px 0px 0px 0px;;}<\/style><div class=\"kb-gallery-wrap-id-2417_aac343-86 alignnone wp-block-kadence-advancedgallery\"><ul class=\"kb-gallery-ul kb-gallery-non-static kb-gallery-type-masonry kb-masonry-init kb-gallery-id-2417_aac343-86 kb-gallery-caption-style-bottom-hover kb-gallery-filter-none\" data-image-filter=\"none\" data-item-selector=\".kadence-blocks-gallery-item\" data-lightbox-caption=\"true\" data-columns-xxl=\"2\" data-columns-xl=\"2\" data-columns-md=\"2\" data-columns-sm=\"2\" data-columns-xs=\"1\" data-columns-ss=\"1\"><li class=\"kadence-blocks-gallery-item\"><div class=\"kadence-blocks-gallery-item-inner\"><figure class=\"kb-gallery-figure kadence-blocks-gallery-item-hide-caption\"><div class=\"kb-gal-image-radius\" style=\"max-width:540px;\"><div class=\"kb-gallery-image-contain kadence-blocks-gallery-intrinsic\" style=\"padding-bottom:79%;\"><img loading=\"lazy\" decoding=\"async\" src=\"https:\/\/stay.belmas.com.br\/wp-content\/uploads\/2025\/10\/americo_barbosa.jpg\" width=\"540\" height=\"431\" alt=\"\" data-full-image=\"https:\/\/stay.belmas.com.br\/wp-content\/uploads\/2025\/10\/americo_barbosa.jpg\" data-light-image=\"https:\/\/stay.belmas.com.br\/wp-content\/uploads\/2025\/10\/americo_barbosa.jpg\" data-id=\"1063\" class=\"wp-image-1063\" srcset=\"https:\/\/stay.belmas.com.br\/wp-content\/uploads\/2025\/10\/americo_barbosa.jpg 540w, https:\/\/stay.belmas.com.br\/wp-content\/uploads\/2025\/10\/americo_barbosa-300x239.jpg 300w\" sizes=\"auto, (max-width: 540px) 100vw, 540px\" \/><\/div><\/div><\/figure><\/div><\/li><li class=\"kadence-blocks-gallery-item\"><div class=\"kadence-blocks-gallery-item-inner\"><figure class=\"kb-gallery-figure kadence-blocks-gallery-item-hide-caption\"><div class=\"kb-gal-image-radius\" style=\"max-width:540px;\"><div class=\"kb-gallery-image-contain kadence-blocks-gallery-intrinsic\" style=\"padding-bottom:79%;\"><img loading=\"lazy\" decoding=\"async\" src=\"https:\/\/stay.belmas.com.br\/wp-content\/uploads\/2025\/10\/o_ilheu.jpg\" width=\"540\" height=\"431\" alt=\"\" data-full-image=\"https:\/\/stay.belmas.com.br\/wp-content\/uploads\/2025\/10\/o_ilheu.jpg\" data-light-image=\"https:\/\/stay.belmas.com.br\/wp-content\/uploads\/2025\/10\/o_ilheu.jpg\" data-id=\"1062\" class=\"wp-image-1062\" srcset=\"https:\/\/stay.belmas.com.br\/wp-content\/uploads\/2025\/10\/o_ilheu.jpg 540w, https:\/\/stay.belmas.com.br\/wp-content\/uploads\/2025\/10\/o_ilheu-300x239.jpg 300w\" sizes=\"auto, (max-width: 540px) 100vw, 540px\" \/><\/div><\/div><\/figure><\/div><\/li><li class=\"kadence-blocks-gallery-item\"><div class=\"kadence-blocks-gallery-item-inner\"><figure class=\"kb-gallery-figure kadence-blocks-gallery-item-hide-caption\"><div class=\"kb-gal-image-radius\" style=\"max-width:540px;\"><div class=\"kb-gallery-image-contain kadence-blocks-gallery-intrinsic\" style=\"padding-bottom:79%;\"><img loading=\"lazy\" decoding=\"async\" src=\"https:\/\/stay.belmas.com.br\/wp-content\/uploads\/2025\/10\/o_chico.jpg\" width=\"540\" height=\"431\" alt=\"\" data-full-image=\"https:\/\/stay.belmas.com.br\/wp-content\/uploads\/2025\/10\/o_chico.jpg\" data-light-image=\"https:\/\/stay.belmas.com.br\/wp-content\/uploads\/2025\/10\/o_chico.jpg\" data-id=\"1061\" class=\"wp-image-1061\" srcset=\"https:\/\/stay.belmas.com.br\/wp-content\/uploads\/2025\/10\/o_chico.jpg 540w, https:\/\/stay.belmas.com.br\/wp-content\/uploads\/2025\/10\/o_chico-300x239.jpg 300w\" sizes=\"auto, (max-width: 540px) 100vw, 540px\" \/><\/div><\/div><\/figure><\/div><\/li><li class=\"kadence-blocks-gallery-item\"><div class=\"kadence-blocks-gallery-item-inner\"><figure class=\"kb-gallery-figure kadence-blocks-gallery-item-hide-caption\"><div class=\"kb-gal-image-radius\" style=\"max-width:540px;\"><div class=\"kb-gallery-image-contain kadence-blocks-gallery-intrinsic\" style=\"padding-bottom:79%;\"><img loading=\"lazy\" decoding=\"async\" src=\"https:\/\/stay.belmas.com.br\/wp-content\/uploads\/2025\/10\/momo.jpg\" width=\"540\" height=\"431\" alt=\"\" data-full-image=\"https:\/\/stay.belmas.com.br\/wp-content\/uploads\/2025\/10\/momo.jpg\" data-light-image=\"https:\/\/stay.belmas.com.br\/wp-content\/uploads\/2025\/10\/momo.jpg\" data-id=\"1060\" class=\"wp-image-1060\" srcset=\"https:\/\/stay.belmas.com.br\/wp-content\/uploads\/2025\/10\/momo.jpg 540w, https:\/\/stay.belmas.com.br\/wp-content\/uploads\/2025\/10\/momo-300x239.jpg 300w\" sizes=\"auto, (max-width: 540px) 100vw, 540px\" \/><\/div><\/div><\/figure><\/div><\/li><\/ul><\/div>\n\n<p style=\"text-align: center;\"><a class=\"button is-dark\" href=\"\/fr\/room\/grao-de-areia\">Voir Plus<\/a><\/p>\n\n\n<div style=\"height:50px\" aria-hidden=\"true\" class=\"wp-block-spacer\"><\/div>\n\n\n\n<h3 class=\"wp-block-heading has-text-color has-link-color wp-elements-45377efaf5696314a667d1fe435e924a\" style=\"color:#33333399;font-size:24px\">Autres Services<\/h3>\n\n\n<style>.wp-block-kadence-advancedgallery .kb-gallery-type-masonry.kb-gallery-id-2417_4a1008-1c{margin:-5px;}.kb-gallery-type-masonry.kb-gallery-id-2417_4a1008-1c .kadence-blocks-gallery-item{padding:5px;}.kb-gallery-id-2417_4a1008-1c .kadence-blocks-gallery-item .kb-gal-image-radius, .kb-gallery-id-2417_4a1008-1c .kb-slide-item .kb-gal-image-radius img{border-radius:0px 0px 0px 0px;;}<\/style><div class=\"kb-gallery-wrap-id-2417_4a1008-1c alignnone wp-block-kadence-advancedgallery\"><ul class=\"kb-gallery-ul kb-gallery-non-static kb-gallery-type-masonry kb-masonry-init kb-gallery-id-2417_4a1008-1c kb-gallery-caption-style-bottom-hover kb-gallery-filter-none\" data-image-filter=\"none\" data-item-selector=\".kadence-blocks-gallery-item\" data-lightbox-caption=\"true\" data-columns-xxl=\"2\" data-columns-xl=\"2\" data-columns-md=\"2\" data-columns-sm=\"2\" data-columns-xs=\"1\" data-columns-ss=\"1\"><li class=\"kadence-blocks-gallery-item\"><div class=\"kadence-blocks-gallery-item-inner\"><figure class=\"kb-gallery-figure kb-gallery-item-has-link kadence-blocks-gallery-item-hide-caption\"><a href=\"\/fr\/room\/grao-de-areia\/\" class=\"kb-gallery-item-link\"  ><div class=\"kb-gal-image-radius\" style=\"max-width:540px;\"><div class=\"kb-gallery-image-contain kadence-blocks-gallery-intrinsic\" style=\"padding-bottom:79%;\"><img loading=\"lazy\" decoding=\"async\" src=\"https:\/\/stay.belmas.com.br\/wp-content\/uploads\/2025\/10\/bakery.jpg\" width=\"540\" height=\"431\" alt=\"\" data-full-image=\"https:\/\/stay.belmas.com.br\/wp-content\/uploads\/2025\/10\/bakery.jpg\" data-light-image=\"https:\/\/stay.belmas.com.br\/wp-content\/uploads\/2025\/10\/bakery.jpg\" data-id=\"1066\" class=\"wp-image-1066\" srcset=\"https:\/\/stay.belmas.com.br\/wp-content\/uploads\/2025\/10\/bakery.jpg 540w, https:\/\/stay.belmas.com.br\/wp-content\/uploads\/2025\/10\/bakery-300x239.jpg 300w\" sizes=\"auto, (max-width: 540px) 100vw, 540px\" \/><\/div><\/div><\/a><\/figure><\/div><\/li><li class=\"kadence-blocks-gallery-item\"><div class=\"kadence-blocks-gallery-item-inner\"><figure class=\"kb-gallery-figure kb-gallery-item-has-link kadence-blocks-gallery-item-hide-caption\"><a href=\"\/fr\/room\/grao-de-areia\/\" class=\"kb-gallery-item-link\"  ><div class=\"kb-gal-image-radius\" style=\"max-width:540px;\"><div class=\"kb-gallery-image-contain kadence-blocks-gallery-intrinsic\" style=\"padding-bottom:79%;\"><img loading=\"lazy\" decoding=\"async\" src=\"https:\/\/stay.belmas.com.br\/wp-content\/uploads\/2025\/10\/taxi_services.jpg\" width=\"540\" height=\"431\" alt=\"\" data-full-image=\"https:\/\/stay.belmas.com.br\/wp-content\/uploads\/2025\/10\/taxi_services.jpg\" data-light-image=\"https:\/\/stay.belmas.com.br\/wp-content\/uploads\/2025\/10\/taxi_services.jpg\" data-id=\"1065\" class=\"wp-image-1065\" srcset=\"https:\/\/stay.belmas.com.br\/wp-content\/uploads\/2025\/10\/taxi_services.jpg 540w, https:\/\/stay.belmas.com.br\/wp-content\/uploads\/2025\/10\/taxi_services-300x239.jpg 300w\" sizes=\"auto, (max-width: 540px) 100vw, 540px\" \/><\/div><\/div><\/a><\/figure><\/div><\/li><\/ul><\/div>\n\n\n<p><\/p>\n","protected":false},"excerpt":{"rendered":"<p>Exp\u00e9riences de sortie Nourriture et Boissons La sp\u00e9cialit\u00e9 gastronomique de Mosteiros est le poulpe, le poisson frais arrive chaque jour du port de p\u00eache nich\u00e9 entre la plage et les piscines naturelles, alors assurez-vous de les d\u00e9guster dans les restaurants ! Autres Services<\/p>\n","protected":false},"author":1,"featured_media":2419,"parent":0,"menu_order":0,"comment_status":"closed","ping_status":"closed","template":"template-hero.php","meta":{"footnotes":""},"class_list":["post-2417","page","type-page","status-publish","has-post-thumbnail","hentry"],"_links":{"self":[{"href":"https:\/\/stay.belmas.com.br\/fr\/wp-json\/wp\/v2\/pages\/2417","targetHints":{"allow":["GET"]}}],"collection":[{"href":"https:\/\/stay.belmas.com.br\/fr\/wp-json\/wp\/v2\/pages"}],"about":[{"href":"https:\/\/stay.belmas.com.br\/fr\/wp-json\/wp\/v2\/types\/page"}],"author":[{"embeddable":true,"href":"https:\/\/stay.belmas.com.br\/fr\/wp-json\/wp\/v2\/users\/1"}],"replies":[{"embeddable":true,"href":"https:\/\/stay.belmas.com.br\/fr\/wp-json\/wp\/v2\/comments?post=2417"}],"version-history":[{"count":7,"href":"https:\/\/stay.belmas.com.br\/fr\/wp-json\/wp\/v2\/pages\/2417\/revisions"}],"predecessor-version":[{"id":3342,"href":"https:\/\/stay.belmas.com.br\/fr\/wp-json\/wp\/v2\/pages\/2417\/revisions\/3342"}],"wp:featuredmedia":[{"embeddable":true,"href":"https:\/\/stay.belmas.com.br\/fr\/wp-json\/wp\/v2\/media\/2419"}],"wp:attachment":[{"href":"https:\/\/stay.belmas.com.br\/fr\/wp-json\/wp\/v2\/media?parent=2417"}],"curies":[{"name":"wp","href":"https:\/\/api.w.org\/{rel}","templated":true}]}}