{"id":2401,"date":"2025-10-16T05:51:39","date_gmt":"2025-10-16T05:51:39","guid":{"rendered":"https:\/\/stay.belmas.com.br\/terms-and-conditions\/"},"modified":"2025-10-28T12:23:23","modified_gmt":"2025-10-28T12:23:23","slug":"conditions-generales","status":"publish","type":"page","link":"https:\/\/stay.belmas.com.br\/fr\/conditions-generales\/","title":{"rendered":"Conditions G\u00e9n\u00e9rales"},"content":{"rendered":"\n<h1 class=\"wp-block-heading has-text-align-center has-text-color has-link-color wp-elements-d1e18bb3111486fd67d1d9669169058b\" style=\"color:#35332f;font-size:54px\">Conditions G\u00e9n\u00e9rales<\/h1>\n\n\n\n<p><strong>CONDITIONS G\u00c9N\u00c9RALES<\/strong><\/p>\n\n\n\n<p><strong>1. Conditions <\/strong><strong>G<\/strong><strong>\u00e9n\u00e9rales<\/strong><\/p>\n\n\n\n<p>1.1 La soci\u00e9t\u00e9 Pinkmoon, Lda, dont le si\u00e8ge social est situ\u00e9 \u00e0 l&rsquo;adresse Rua Moinho de Vento, n\u00ba 61 9500-327 Ponta Delgada, personne morale n\u00b0 <strong>516854135<\/strong>, qui est \u00e9galement son num\u00e9ro d&rsquo;enregistrement au registre du commerce de Ponta Delgada, avec un capital social de 2500 \u20ac, est responsable du site web <a href=\"https:\/\/azores-stay.com\/\">https:\/\/azores-stay.com\/<\/a> (ci-apr\u00e8s d\u00e9nomm\u00e9 \u00ab le site web \u00bb).<\/p>\n\n\n\n<p>1.2. L&rsquo;utilisateur d\u00e9clare accepter et agir conform\u00e9ment aux conditions g\u00e9n\u00e9rales d&rsquo;utilisation d\u00e9crites dans le pr\u00e9sent document, ainsi qu&rsquo;\u00e0 toutes les modifications futures qui y seront apport\u00e9es, en utilisant le service mis \u00e0 disposition par Pinkmoon, Lda sur ce site.<\/p>\n\n\n\n<p>1.3 Dans les conditions g\u00e9n\u00e9rales mentionn\u00e9es ici, lorsque les termes \u00ab nous \u00bb ou \u00ab notre \u00bb sont utilis\u00e9s, nous faisons r\u00e9f\u00e9rence \u00e0 Pinkmoon, Lda ou <a href=\"https:\/\/azores-stay.com\/\">https:\/\/azores-stay.com\/<\/a> Lorsque nous utilisons \u00ab vous \u00bb ou \u00ab votre \u00bb, nous faisons r\u00e9f\u00e9rence \u00e0 toute personne qui utilise <a href=\"https:\/\/azores-stay.com\/\">https:\/\/azores-stay.com\/<\/a><\/p>\n\n\n\n<p>1.4. En acc\u00e9dant \u00e0 ce site web et en l&rsquo;utilisant, vous \u00eates soumis aux conditions g\u00e9n\u00e9rales suivantes, ainsi qu&rsquo;\u00e0 notre politique de confidentialit\u00e9. En naviguant sur le site web, vous acceptez d&rsquo;agir conform\u00e9ment aux pr\u00e9sentes conditions g\u00e9n\u00e9rales et \u00e0 la politique de confidentialit\u00e9. Si vous n&rsquo;\u00eates pas d&rsquo;accord avec leur contenu, vous n&rsquo;\u00eates pas autoris\u00e9 \u00e0 acc\u00e9der au site web et \u00e0 l&rsquo;utiliser et devez imm\u00e9diatement mettre fin \u00e0 votre acc\u00e8s et\/ou utilisation.<\/p>\n\n\n\n<p>1.5. Le client doit lire attentivement les conditions g\u00e9n\u00e9rales chaque fois qu&rsquo;il acc\u00e8de au site.<\/p>\n\n\n\n<p>1.6. Si vous enfreignez l&rsquo;une des conditions incluses dans les pr\u00e9sentes, votre droit d&rsquo;acc\u00e8s et d&rsquo;utilisation de ce site web sera imm\u00e9diatement r\u00e9sili\u00e9.<\/p>\n\n\n\n<p>1.7. Le contenu de ce site web est prot\u00e9g\u00e9 par le droit d&rsquo;auteur et est la propri\u00e9t\u00e9 de Pinkmoon, Lda. Vous ne pouvez en aucun cas l&rsquo;utiliser sans notre consentement.<\/p>\n\n\n\n<p><strong>2. Citation<\/strong><br>2.1 Tout devis envoy\u00e9 est valable pendant 30 jours \u00e0 compter de la date d&rsquo;envoi et peut \u00eatre soumis \u00e0 r\u00e9vision apr\u00e8s cette p\u00e9riode.<\/p>\n\n\n\n<p>2.2. En cas d&rsquo;erreur dans le devis envoy\u00e9, Pinkmoon, Lda se r\u00e9serve le droit de le rectifier pendant sa p\u00e9riode de validit\u00e9 (30 jours).<\/p>\n\n\n\n<p>2.3. Toute modification demand\u00e9e par le client, \u00e0 ses frais ou pour son compte, qui n&rsquo;\u00e9tait pas incluse dans le devis initial, entra\u00eenera des frais suppl\u00e9mentaires.<\/p>\n\n\n\n<p><strong>3. Droits d&rsquo;auteur, <\/strong><strong>P<\/strong><strong>ropri\u00e9t\u00e9 et <\/strong><strong>C<\/strong><strong>opyright<\/strong><br>3.1 Tout le contenu de ce site web, y compris les textes, la conception, les illustrations, les logos, les vid\u00e9os, les fichiers audio, les photographies et autres \u00e9l\u00e9ments, est prot\u00e9g\u00e9 par la loi en vertu du Code des droits d&rsquo;auteur et des droits connexes. Vous ne pouvez en aucun cas afficher, reproduire, distribuer, modifier, transmettre ou utiliser le contenu \u00e0 des fins publiques ou commerciales sans notre consentement \u00e9crit pr\u00e9alable.<\/p>\n\n\n\n<p>3.2. Le contenu de ce site est prot\u00e9g\u00e9 par le droit d&rsquo;auteur et les droits connexes, les droits de propri\u00e9t\u00e9 industrielle, la loi sur la criminalit\u00e9 informatique et est la propri\u00e9t\u00e9 de Pinkmoon, Lda.<\/p>\n\n\n\n<p>3.3. Le droit d&rsquo;auteur sur l&rsquo;\u0153uvre ne sera d\u00e9tenu par le client qu&rsquo;une fois celle-ci finalis\u00e9e, approuv\u00e9e et int\u00e9gralement pay\u00e9e.<\/p>\n\n\n\n<p>3.4. Nous nous r\u00e9servons le droit de ne pas fournir au client les fichiers modifiables, les polices ou autres outils et logiciels n\u00e9cessaires \u00e0 la r\u00e9alisation de l&rsquo;\u0153uvre.<\/p>\n\n\n\n<p>3.5. Pinkmoon, Lda se r\u00e9serve le droit d&rsquo;engager des poursuites judiciaires contre les auteurs de toute copie, reproduction, diffusion ou exploitation commerciale non autoris\u00e9e de textes, dessins, illustrations, logos, vid\u00e9os, fichiers audio, photographies et autres \u00e9l\u00e9ments qui n&rsquo;ont pas \u00e9t\u00e9 transf\u00e9r\u00e9s au client.<\/p>\n\n\n\n<p>3.6. Le client est responsable de s&rsquo;assurer que les mat\u00e9riaux qu&rsquo;il fournit pour la r\u00e9alisation du travail ne violent pas les droits d&rsquo;auteur ou les droits de propri\u00e9t\u00e9 industrielle de tiers et de tout dommage caus\u00e9 \u00e0 Pinkmoon, Lda par leur utilisation abusive.<\/p>\n\n\n\n<p><strong>4. R\u00e8glement en Ligne des Litiges<\/strong><br>L&rsquo;Union europ\u00e9enne a mis en place un site web pour aider les consommateurs \u00e0 d\u00e9poser leurs plaintes concernant tout litige dans lequel ils sont impliqu\u00e9s. Dans ce contexte, Pinkmoon, Lda vous fournit toutes les informations n\u00e9cessaires pour exercer votre droit de d\u00e9poser une plainte aupr\u00e8s d&rsquo;un organisme officiel, tiers et impartial (\u00ab organisme de r\u00e9solution des litiges \u00bb) qui vous aidera \u00e0 r\u00e9soudre le litige en question.<\/p>\n\n\n\n<p>Ainsi, si vous n&rsquo;\u00eates pas satisfait de l&rsquo;achat d&rsquo;un bien ou d&rsquo;un service sur notre site web, ou de la solution que nous avons propos\u00e9e pour r\u00e9soudre la situation, vous pouvez vous rendre sur le site web officiel https:\/\/ec.europa.eu\/consumers\/odr\/main\/index.cfm?event=main.home2.show&amp;lng=EN et d\u00e9poser votre r\u00e9clamation.<\/p>\n\n\n\n<p>4.1. Qu&rsquo;est-ce que le r\u00e8glement extrajudiciaire des litiges ?<\/p>\n\n\n\n<p>Le r\u00e8glement extrajudiciaire des litiges est la possibilit\u00e9 dont disposent tous les consommateurs de s&rsquo;adresser \u00e0 des organismes officiels pour les aider \u00e0 r\u00e9soudre ou \u00e0 orienter un conflit avant d&rsquo;engager une proc\u00e9dure judiciaire.<\/p>\n\n\n\n<p>En r\u00e8gle g\u00e9n\u00e9rale, la proc\u00e9dure est la suivante : le client demande \u00e0 un tiers impartial d&rsquo;intervenir en tant que m\u00e9diateur entre lui et le professionnel qui fait l&rsquo;objet de sa r\u00e9clamation. L&rsquo;interm\u00e9diaire peut proposer une solution \u00e0 votre r\u00e9clamation, imposer une solution aux deux parties ou r\u00e9unir les parties afin de trouver une solution.<\/p>\n\n\n\n<p>Vous connaissez peut-\u00eatre le concept de mode alternatif de r\u00e9solution des conflits sous un autre nom : \u00ab m\u00e9diation \u00bb, \u00ab conciliation \u00bb, \u00ab arbitrage \u00bb ou \u00ab commission comp\u00e9tente en mati\u00e8re de litiges de consommation \u00bb.<\/p>\n\n\n\n<p>Le mode alternatif de r\u00e9solution des conflits est g\u00e9n\u00e9ralement moins co\u00fbteux, moins formel et plus rapide que la voie judiciaire.<\/p>\n\n\n\n<p>Suggestions d&rsquo;organismes alternatifs de r\u00e9solution des litiges:<\/p>\n\n\n\n<p>CNIACC &#8211; Centre national d&rsquo;information et d&rsquo;arbitrage en mati\u00e8re de litiges de consommation<br><a href=\"https:\/\/www.arbitragemdeconsumo.org\/\">https:\/\/www.arbitragemdeconsumo.org\/<\/a><\/p>\n\n\n\n<p>Centre d&rsquo;arbitrage des conflits de consommation de Lisbonne<br><a href=\"https:\/\/www.centroarbitragemlisboa.pt\/\">https:\/\/www.centroarbitragemlisboa.pt\/<\/a><\/p>\n\n\n\n<p>Centre d&rsquo;arbitrage des litiges de consommation de Vale do Ave\/Tribunal arbitral<br><a href=\"https:\/\/www.triave.pt\/\">https:\/\/www.triave.pt\/<\/a><\/p>\n\n\n\n<p>CIAB &#8211; Centre d&rsquo;information, de m\u00e9diation et d&rsquo;arbitrage pour les consommateurs (Tribunal d&rsquo;arbitrage des consommateurs)<br><a href=\"https:\/\/www.ciab.pt\/pt\/\">https:\/\/www.ciab.pt\/pt\/<\/a><\/p>\n\n\n\n<p>CIMPAS &#8211; Centre d&rsquo;information sur les assurances, de m\u00e9diation et de conciliation<br><a href=\"https:\/\/www.cimpas.pt\/\">https:\/\/www.cimpas.pt\/<\/a><\/p>\n\n\n\n<p><strong>5. Utilisation <\/strong><strong>A<\/strong><strong>utoris\u00e9e\/Activit\u00e9s <\/strong><strong>I<\/strong><strong>nterdites<\/strong><br>Vous ne pouvez acc\u00e9der \u00e0 ce site Web et l&rsquo;utiliser qu&rsquo;\u00e0 des fins personnelles et non commerciales, c&rsquo;est-\u00e0-dire que le site ne doit \u00eatre consult\u00e9 et utilis\u00e9 que par des particuliers ou par une entreprise souhaitant acheter nos services\/produits ou par une entreprise qui les repr\u00e9sente.<\/p>\n\n\n\n<p>Toutes les activit\u00e9s que nous consid\u00e9rons comme inappropri\u00e9es et\/ou susceptibles d&rsquo;\u00eatre ill\u00e9gales en vertu de la l\u00e9gislation applicable \u00e0 ce site sont interdites, y compris, mais sans s&rsquo;y limiter :<\/p>\n\n\n\n<p>5.1. Blesser, maltraiter, diffamer, menacer ou harceler une autre personne ou entreprise, ou d&rsquo;une mani\u00e8re qui porte atteinte \u00e0 la vie priv\u00e9e d&rsquo;autrui, ou qui est obsc\u00e8ne, offensante, haineuse, ind\u00e9cente, inappropri\u00e9e, r\u00e9pr\u00e9hensible, inacceptable, discriminatoire ou nuisible.<\/p>\n\n\n\n<p>5.2. Les actions qui peuvent constituer une violation de la vie priv\u00e9e, telles que l&rsquo;envoi d&rsquo;informations priv\u00e9es \u00e0 ce site web sans le consentement de la personne concern\u00e9e ou tout autre droit l\u00e9gal des personnes physiques.<\/p>\n\n\n\n<p>5.3. T\u00e9l\u00e9charger sur ce site web des fichiers contenant des virus susceptibles de causer des dommages aux biens de Pinkmoon, Lda ou \u00e0 ceux de particuliers, ou modifier ou proc\u00e9der \u00e0 une ing\u00e9nierie inverse de toute partie du site web.<\/p>\n\n\n\n<p>5.4. Utiliser tout type de code informatique automatique, processus, programme, robot, robot d&rsquo;indexation, araign\u00e9e, processeur de donn\u00e9es, trawler ou alternative de scraping d&rsquo;\u00e9cran \u00e0 un code informatique, processus, programme ou syst\u00e8me.<\/p>\n\n\n\n<p>5.5. L&rsquo;utilisation du site \u00e0 des fins ill\u00e9gales ou \u00e0 toute autre fin pouvant \u00eatre consid\u00e9r\u00e9e comme indigne de notre image est express\u00e9ment interdite. L&rsquo;usurpation, la contrefa\u00e7on, l&rsquo;exploitation de contenus usurp\u00e9s ou contrefaits, l&rsquo;identification ill\u00e9gitime et la concurrence d\u00e9loyale constituent des infractions p\u00e9nales.<\/p>\n\n\n\n<p><strong>6. Contenu et <\/strong><strong>G<\/strong><strong>aranties<\/strong><br>6.1 Les informations contenues sur ce site web ont \u00e9t\u00e9 incluses de bonne foi et sont fournies \u00e0 titre informatif uniquement. Leur utilisation se fait aux risques et p\u00e9rils de l&rsquo;utilisateur.<\/p>\n\n\n\n<p>6.2. Ce site web et son contenu sont fournis sans garantie d&rsquo;aucune sorte, c&rsquo;est-\u00e0-dire qu&rsquo;aucune garantie n&rsquo;est donn\u00e9e quant \u00e0 l&rsquo;acc\u00e8s ininterrompu ou sans erreur \u00e0 ce site web, \u00e0 l&rsquo;absence de virus ou d&rsquo;autres \u00e9l\u00e9ments nuisibles, ou \u00e0 l&rsquo;exhaustivit\u00e9, l&rsquo;exactitude ou l&rsquo;actualit\u00e9 des informations contenues sur ce site web.<\/p>\n\n\n\n<p>6.3. Pinkmoon, Lda se r\u00e9serve le droit d&rsquo;apporter des modifications et des corrections, de suspendre ou de fermer le site lorsqu&rsquo;il le juge appropri\u00e9 et sans pr\u00e9avis.<\/p>\n\n\n\n<p>6.4. Pinkmoon, Lda ne filtre ni ne surveille au pr\u00e9alable le contenu transmis \u00e0 ce site web par des tiers et n&rsquo;est pas responsable du filtrage ou de la surveillance de ce contenu.<\/p>\n\n\n\n<p>6.5. Si elle en est inform\u00e9e, Pinkmoon, Lda peut enqu\u00eater sur une all\u00e9gation selon laquelle le contenu transmis \u00e0 ce site web enfreint les conditions g\u00e9n\u00e9rales et peut d\u00e9cider de faire supprimer les informations de ce site.<\/p>\n\n\n\n<p>6.6. Pinkmoon, Lda n&rsquo;assume aucune responsabilit\u00e9 pour toute action ou tout contenu transmis par ou entre vous ou un tiers sur ou en dehors de ce site web.<\/p>\n\n\n\n<p><strong>7. Responsabilit\u00e9, <\/strong><strong>U<\/strong><strong>tilisation et <\/strong><strong>R<\/strong><strong>isque<\/strong><br>7.1 L&rsquo;utilisation de ce site web et de son contenu se fait \u00e0 vos propres risques.<\/p>\n\n\n\n<p>7.2. Pinkmoon, Lda et tous ses responsables juridiques, directeurs, employ\u00e9s et agents, ainsi que toute autre partie impliqu\u00e9e dans la cr\u00e9ation, la production, la maintenance ou la mise en \u0153uvre de ce site web, ne peuvent \u00eatre tenus responsables envers les utilisateurs du site web pour tout dommage, perte ou pr\u00e9judice (y compris toute perte de profit et tout pr\u00e9judice moral, perte indirecte, accessoire ou cons\u00e9cutive) r\u00e9sultant de l&rsquo;utilisation correcte ou incorrecte de ce site web et de son contenu, de l&rsquo;acc\u00e8s \u00e0 l&rsquo;ordinateur ou au syst\u00e8me informatique de l&rsquo;utilisateur par des tiers, de virus, etc.<\/p>\n\n\n\n<p>Ce site contient des liens vers des sites tiers. Ces liens sont fournis uniquement pour la commodit\u00e9 et l&rsquo;accessibilit\u00e9 de l&rsquo;utilisateur. Nous n&rsquo;approuvons pas le contenu de ces sites tiers et ne sommes pas responsables du contenu de ces sites. L&rsquo;acc\u00e8s et la visite de ces sites tiers se font \u00e0 vos propres risques.<\/p>\n\n\n\n<p><strong>8. Juridiction et Droit Applicable<\/strong><br>Pinkmoon, Lda et l\u2019utilisateur de ce site acceptent, sans r\u00e9serve, que tout litige ou litige d\u00e9coulant de l\u2019utilisation de ce site sera r\u00e9gi par la loi portugaise.<\/p>\n\n\n\n<p>Derni\u00e8re mise \u00e0 jour le: 27\/10\/2025<\/p>\n\n\n\n<p><\/p>\n","protected":false},"excerpt":{"rendered":"<p>Conditions G\u00e9n\u00e9rales CONDITIONS G\u00c9N\u00c9RALES 1. Conditions G\u00e9n\u00e9rales 1.1 La soci\u00e9t\u00e9 Pinkmoon, Lda, dont le si\u00e8ge social est situ\u00e9 \u00e0 l&rsquo;adresse Rua Moinho de Vento, n\u00ba 61 9500-327 Ponta Delgada, personne morale n\u00b0 516854135, qui est \u00e9galement son num\u00e9ro d&rsquo;enregistrement au registre du commerce de Ponta Delgada, avec un capital social de 2500 \u20ac, est responsable [&hellip;]<\/p>\n","protected":false},"author":1,"featured_media":2394,"parent":0,"menu_order":0,"comment_status":"closed","ping_status":"closed","template":"template-hero.php","meta":{"footnotes":""},"class_list":["post-2401","page","type-page","status-publish","has-post-thumbnail","hentry"],"_links":{"self":[{"href":"https:\/\/stay.belmas.com.br\/fr\/wp-json\/wp\/v2\/pages\/2401","targetHints":{"allow":["GET"]}}],"collection":[{"href":"https:\/\/stay.belmas.com.br\/fr\/wp-json\/wp\/v2\/pages"}],"about":[{"href":"https:\/\/stay.belmas.com.br\/fr\/wp-json\/wp\/v2\/types\/page"}],"author":[{"embeddable":true,"href":"https:\/\/stay.belmas.com.br\/fr\/wp-json\/wp\/v2\/users\/1"}],"replies":[{"embeddable":true,"href":"https:\/\/stay.belmas.com.br\/fr\/wp-json\/wp\/v2\/comments?post=2401"}],"version-history":[{"count":3,"href":"https:\/\/stay.belmas.com.br\/fr\/wp-json\/wp\/v2\/pages\/2401\/revisions"}],"predecessor-version":[{"id":3889,"href":"https:\/\/stay.belmas.com.br\/fr\/wp-json\/wp\/v2\/pages\/2401\/revisions\/3889"}],"wp:featuredmedia":[{"embeddable":true,"href":"https:\/\/stay.belmas.com.br\/fr\/wp-json\/wp\/v2\/media\/2394"}],"wp:attachment":[{"href":"https:\/\/stay.belmas.com.br\/fr\/wp-json\/wp\/v2\/media?parent=2401"}],"curies":[{"name":"wp","href":"https:\/\/api.w.org\/{rel}","templated":true}]}}