{"id":2393,"date":"2025-10-16T05:52:16","date_gmt":"2025-10-16T05:52:16","guid":{"rendered":"https:\/\/stay.belmas.com.br\/cancelation-policy\/"},"modified":"2025-10-28T12:23:42","modified_gmt":"2025-10-28T12:23:42","slug":"politique-dannulation","status":"publish","type":"page","link":"https:\/\/stay.belmas.com.br\/fr\/politique-dannulation\/","title":{"rendered":"Politique D&rsquo;annulation"},"content":{"rendered":"\n<h1 class=\"wp-block-heading has-text-align-center has-text-color has-link-color wp-elements-23dc7c3e4e2343bb4ff95aca4c330825\" style=\"color:#35332f;font-size:54px\">Politique d&rsquo;annulation<\/h1>\n\n\n\n<p>Annulation\/pr\u00e9paiement<\/p>\n\n\n\n<p>Les conditions d&rsquo;annulation et de pr\u00e9paiement varient selon le type d&rsquo;h\u00e9bergement. Veuillez saisir les dates de votre s\u00e9jour et v\u00e9rifier les conditions de l&rsquo;option que vous avez s\u00e9lectionn\u00e9e.<br>Enfants et lits<br>Conditions pour les enfants<br>Tous les enfants sont les bienvenus.<\/p>\n\n\n\n<p>Pour voir les prix exacts et les informations sur l&rsquo;occupation, veuillez ajouter \u00e0 votre recherche le nombre d&rsquo;enfants dans votre groupe et leurs \u00e2ges respectifs.<\/p>\n\n\n\n<p>Conditions relatives aux lits b\u00e9b\u00e9 et aux lits suppl\u00e9mentaires<br>Les lits b\u00e9b\u00e9 et les lits suppl\u00e9mentaires ne sont pas disponibles dans cet \u00e9tablissement.<\/p>\n\n\n\n<p>Pas de restrictions d&rsquo;\u00e2ge<br>Il n&rsquo;y a pas de restrictions d&rsquo;\u00e2ge pour l&rsquo;enregistrement.<br>Fumer<br>Il est interdit de fumer.<br>F\u00eates<br>Il est interdit d&rsquo;organiser des f\u00eates\/\u00e9v\u00e9nements.<br>Animaux domestiques<br>Animaux domestiques : non admis.<\/p>\n","protected":false},"excerpt":{"rendered":"<p>Politique d&rsquo;annulation Annulation\/pr\u00e9paiement Les conditions d&rsquo;annulation et de pr\u00e9paiement varient selon le type d&rsquo;h\u00e9bergement. Veuillez saisir les dates de votre s\u00e9jour et v\u00e9rifier les conditions de l&rsquo;option que vous avez s\u00e9lectionn\u00e9e.Enfants et litsConditions pour les enfantsTous les enfants sont les bienvenus. Pour voir les prix exacts et les informations sur l&rsquo;occupation, veuillez ajouter \u00e0 votre [&hellip;]<\/p>\n","protected":false},"author":1,"featured_media":2394,"parent":0,"menu_order":0,"comment_status":"closed","ping_status":"closed","template":"template-hero.php","meta":{"footnotes":""},"class_list":["post-2393","page","type-page","status-publish","has-post-thumbnail","hentry"],"_links":{"self":[{"href":"https:\/\/stay.belmas.com.br\/fr\/wp-json\/wp\/v2\/pages\/2393","targetHints":{"allow":["GET"]}}],"collection":[{"href":"https:\/\/stay.belmas.com.br\/fr\/wp-json\/wp\/v2\/pages"}],"about":[{"href":"https:\/\/stay.belmas.com.br\/fr\/wp-json\/wp\/v2\/types\/page"}],"author":[{"embeddable":true,"href":"https:\/\/stay.belmas.com.br\/fr\/wp-json\/wp\/v2\/users\/1"}],"replies":[{"embeddable":true,"href":"https:\/\/stay.belmas.com.br\/fr\/wp-json\/wp\/v2\/comments?post=2393"}],"version-history":[{"count":3,"href":"https:\/\/stay.belmas.com.br\/fr\/wp-json\/wp\/v2\/pages\/2393\/revisions"}],"predecessor-version":[{"id":2994,"href":"https:\/\/stay.belmas.com.br\/fr\/wp-json\/wp\/v2\/pages\/2393\/revisions\/2994"}],"wp:featuredmedia":[{"embeddable":true,"href":"https:\/\/stay.belmas.com.br\/fr\/wp-json\/wp\/v2\/media\/2394"}],"wp:attachment":[{"href":"https:\/\/stay.belmas.com.br\/fr\/wp-json\/wp\/v2\/media?parent=2393"}],"curies":[{"name":"wp","href":"https:\/\/api.w.org\/{rel}","templated":true}]}}