{"id":2464,"date":"2016-04-12T16:28:45","date_gmt":"2016-04-12T16:28:45","guid":{"rendered":"https:\/\/stay.belmas.com.br\/about-us\/"},"modified":"2025-10-28T17:15:39","modified_gmt":"2025-10-28T17:15:39","slug":"sobre-nosotros","status":"publish","type":"page","link":"https:\/\/stay.belmas.com.br\/es\/sobre-nosotros\/","title":{"rendered":"Sobre Nosotros"},"content":{"rendered":"\n<h2 class=\"wp-block-heading\" style=\"font-size:54px\">Bienvenido a Gr\u00e3o de Areia<\/h2>\n\n\n\n<h3 class=\"wp-block-heading has-text-color has-link-color wp-elements-659d56aa6935c7d17ef49ee1c33381f7\" style=\"color:#33333399;font-size:24px\">Esperamos que disfrutes de tu estancia.<\/h3>\n\n\n<p>Gr\u00e3o de Areia es un encantador refugio situado en la parroquia de Mosteiros, en el extremo occidental de la isla de S\u00e3o Miguel, en las Azores. A solo 50 metros de la playa de arena negra de Mosteiros, la casa ofrece f\u00e1cil acceso a uno de los paisajes m\u00e1s emblem\u00e1ticos de la isla \u2014 famoso por sus espectaculares farallones y sus impresionantes y inolvidables puestas de sol.<\/p>\n<p>Construida originalmente en 1937 como una casa tradicional de pescadores, Gr\u00e3o de Areia fue completamente renovada en 2025 con mucho cuidado y dedicaci\u00f3n. El proyecto arquitect\u00f3nico combina armoniosamente el encanto de su estructura hist\u00f3rica con la elegancia y el confort del dise\u00f1o moderno. Una nueva ampliaci\u00f3n contempor\u00e1nea est\u00e1 conectada a la casa original a trav\u00e9s de un pasillo acristalado, que ofrece vistas al jard\u00edn privado, a la peque\u00f1a piscina exterior y a la zona de barbacoa.<\/p>\n<p>Rodeada de exuberante vegetaci\u00f3n, la casa cuenta con un tranquilo jard\u00edn, y dos hermosos \u00e1rboles en el patio delantero proporcionan un espacio refrescante y sombreado \u2014 perfecto para las c\u00e1lidas tardes de verano. En el interior, la casa cuenta con una sala de estar di\u00e1fana y luminosa con una cocina totalmente equipada y un c\u00f3modo sal\u00f3n. Hay un dormitorio y un cuarto de ba\u00f1o completo.<\/p>\n<p>La casa tiene capacidad para 2 personas y un beb\u00e9, por lo que es ideal para familias, parejas o amigos que viajan juntos. La decoraci\u00f3n interior est\u00e1 cuidadosamente seleccionada para crear un ambiente sereno y minimalista que invita a la relajaci\u00f3n y la tranquilidad. Tanto si viene para una escapada corta como para una estancia prolongada, Gr\u00e3o de Areia es el lugar perfecto para desconectar, leer, crear, conectar y, simplemente, disfrutar del momento. Le invitamos a descubrir este espacio \u00fanico donde la tradici\u00f3n se une a la tranquilidad.<\/p>\n\n\n<div style=\"height:30px\" aria-hidden=\"true\" class=\"wp-block-spacer\"><\/div>\n\n\n<p style=\"text-align: center;\"><a class=\"button is-dark\" href=\"\/es\/habitaciones\">Ver Habitaci\u00f3n<\/a><\/p>\n\n<style>.wp-block-kadence-advancedgallery.kb-gallery-wrap-id-2464_ab491f-4f{margin-top:var(--global-kb-spacing-md, 2rem);margin-bottom:var(--global-kb-spacing-lg, 3rem);}.wp-block-kadence-advancedgallery .kb-gallery-type-masonry.kb-gallery-id-2464_ab491f-4f{margin:-5px;}.kb-gallery-type-masonry.kb-gallery-id-2464_ab491f-4f .kadence-blocks-gallery-item{padding:5px;}.kb-gallery-id-2464_ab491f-4f .kadence-blocks-gallery-item .kb-gal-image-radius, .kb-gallery-id-2464_ab491f-4f .kb-slide-item .kb-gal-image-radius img{border-radius:0px 0px 0px 0px;;}<\/style><div class=\"kb-gallery-wrap-id-2464_ab491f-4f alignnone wp-block-kadence-advancedgallery\"><ul class=\"kb-gallery-ul kb-gallery-non-static kb-gallery-type-masonry kb-masonry-init kb-gallery-id-2464_ab491f-4f kb-gallery-caption-style-bottom-hover kb-gallery-filter-none\" data-image-filter=\"none\" data-item-selector=\".kadence-blocks-gallery-item\" data-lightbox-caption=\"true\" data-columns-xxl=\"4\" data-columns-xl=\"4\" data-columns-md=\"4\" data-columns-sm=\"3\" data-columns-xs=\"2\" data-columns-ss=\"2\"><li class=\"kadence-blocks-gallery-item\"><div class=\"kadence-blocks-gallery-item-inner\"><figure class=\"kb-gallery-figure kadence-blocks-gallery-item-hide-caption\"><div class=\"kb-gal-image-radius\" style=\"max-width:316px;\"><div class=\"kb-gallery-image-contain kadence-blocks-gallery-intrinsic\" style=\"padding-bottom:66%;\"><img loading=\"lazy\" decoding=\"async\" src=\"https:\/\/stay.belmas.com.br\/wp-content\/uploads\/2025\/10\/img_gallery_01.jpg\" width=\"316\" height=\"211\" alt=\"\" data-full-image=\"https:\/\/stay.belmas.com.br\/wp-content\/uploads\/2025\/10\/img_gallery_01.jpg\" data-light-image=\"https:\/\/stay.belmas.com.br\/wp-content\/uploads\/2025\/10\/img_gallery_01.jpg\" data-id=\"1001\" class=\"wp-image-1001\" srcset=\"https:\/\/stay.belmas.com.br\/wp-content\/uploads\/2025\/10\/img_gallery_01.jpg 316w, https:\/\/stay.belmas.com.br\/wp-content\/uploads\/2025\/10\/img_gallery_01-300x200.jpg 300w\" sizes=\"auto, (max-width: 316px) 100vw, 316px\" \/><\/div><\/div><\/figure><\/div><\/li><li class=\"kadence-blocks-gallery-item\"><div class=\"kadence-blocks-gallery-item-inner\"><figure class=\"kb-gallery-figure kadence-blocks-gallery-item-hide-caption\"><div class=\"kb-gal-image-radius\" style=\"max-width:316px;\"><div class=\"kb-gallery-image-contain kadence-blocks-gallery-intrinsic\" style=\"padding-bottom:66%;\"><img loading=\"lazy\" decoding=\"async\" src=\"https:\/\/stay.belmas.com.br\/wp-content\/uploads\/2025\/10\/img_gallery_02.jpg\" width=\"316\" height=\"211\" alt=\"\" data-full-image=\"https:\/\/stay.belmas.com.br\/wp-content\/uploads\/2025\/10\/img_gallery_02.jpg\" data-light-image=\"https:\/\/stay.belmas.com.br\/wp-content\/uploads\/2025\/10\/img_gallery_02.jpg\" data-id=\"1000\" class=\"wp-image-1000\" srcset=\"https:\/\/stay.belmas.com.br\/wp-content\/uploads\/2025\/10\/img_gallery_02.jpg 316w, https:\/\/stay.belmas.com.br\/wp-content\/uploads\/2025\/10\/img_gallery_02-300x200.jpg 300w\" sizes=\"auto, (max-width: 316px) 100vw, 316px\" \/><\/div><\/div><\/figure><\/div><\/li><li class=\"kadence-blocks-gallery-item\"><div class=\"kadence-blocks-gallery-item-inner\"><figure class=\"kb-gallery-figure kadence-blocks-gallery-item-hide-caption\"><div class=\"kb-gal-image-radius\" style=\"max-width:316px;\"><div class=\"kb-gallery-image-contain kadence-blocks-gallery-intrinsic\" style=\"padding-bottom:66%;\"><img loading=\"lazy\" decoding=\"async\" src=\"https:\/\/stay.belmas.com.br\/wp-content\/uploads\/2025\/10\/img_gallery_03.jpg\" width=\"316\" height=\"211\" alt=\"\" data-full-image=\"https:\/\/stay.belmas.com.br\/wp-content\/uploads\/2025\/10\/img_gallery_03.jpg\" data-light-image=\"https:\/\/stay.belmas.com.br\/wp-content\/uploads\/2025\/10\/img_gallery_03.jpg\" data-id=\"999\" class=\"wp-image-999\" srcset=\"https:\/\/stay.belmas.com.br\/wp-content\/uploads\/2025\/10\/img_gallery_03.jpg 316w, https:\/\/stay.belmas.com.br\/wp-content\/uploads\/2025\/10\/img_gallery_03-300x200.jpg 300w\" sizes=\"auto, (max-width: 316px) 100vw, 316px\" \/><\/div><\/div><\/figure><\/div><\/li><li class=\"kadence-blocks-gallery-item\"><div class=\"kadence-blocks-gallery-item-inner\"><figure class=\"kb-gallery-figure kadence-blocks-gallery-item-hide-caption\"><div class=\"kb-gal-image-radius\" style=\"max-width:316px;\"><div class=\"kb-gallery-image-contain kadence-blocks-gallery-intrinsic\" style=\"padding-bottom:66%;\"><img loading=\"lazy\" decoding=\"async\" src=\"https:\/\/stay.belmas.com.br\/wp-content\/uploads\/2025\/10\/img_gallery_04.jpg\" width=\"316\" height=\"211\" alt=\"\" data-full-image=\"https:\/\/stay.belmas.com.br\/wp-content\/uploads\/2025\/10\/img_gallery_04.jpg\" data-light-image=\"https:\/\/stay.belmas.com.br\/wp-content\/uploads\/2025\/10\/img_gallery_04.jpg\" data-id=\"998\" class=\"wp-image-998\" srcset=\"https:\/\/stay.belmas.com.br\/wp-content\/uploads\/2025\/10\/img_gallery_04.jpg 316w, https:\/\/stay.belmas.com.br\/wp-content\/uploads\/2025\/10\/img_gallery_04-300x200.jpg 300w\" sizes=\"auto, (max-width: 316px) 100vw, 316px\" \/><\/div><\/div><\/figure><\/div><\/li><li class=\"kadence-blocks-gallery-item\"><div class=\"kadence-blocks-gallery-item-inner\"><figure class=\"kb-gallery-figure kadence-blocks-gallery-item-hide-caption\"><div class=\"kb-gal-image-radius\" style=\"max-width:316px;\"><div class=\"kb-gallery-image-contain kadence-blocks-gallery-intrinsic\" style=\"padding-bottom:66%;\"><img loading=\"lazy\" decoding=\"async\" src=\"https:\/\/stay.belmas.com.br\/wp-content\/uploads\/2025\/10\/img_gallery_05.jpg\" width=\"316\" height=\"211\" alt=\"\" data-full-image=\"https:\/\/stay.belmas.com.br\/wp-content\/uploads\/2025\/10\/img_gallery_05.jpg\" data-light-image=\"https:\/\/stay.belmas.com.br\/wp-content\/uploads\/2025\/10\/img_gallery_05.jpg\" data-id=\"997\" class=\"wp-image-997\" srcset=\"https:\/\/stay.belmas.com.br\/wp-content\/uploads\/2025\/10\/img_gallery_05.jpg 316w, https:\/\/stay.belmas.com.br\/wp-content\/uploads\/2025\/10\/img_gallery_05-300x200.jpg 300w\" sizes=\"auto, (max-width: 316px) 100vw, 316px\" \/><\/div><\/div><\/figure><\/div><\/li><li class=\"kadence-blocks-gallery-item\"><div class=\"kadence-blocks-gallery-item-inner\"><figure class=\"kb-gallery-figure kadence-blocks-gallery-item-hide-caption\"><div class=\"kb-gal-image-radius\" style=\"max-width:316px;\"><div class=\"kb-gallery-image-contain kadence-blocks-gallery-intrinsic\" style=\"padding-bottom:66%;\"><img loading=\"lazy\" decoding=\"async\" src=\"https:\/\/stay.belmas.com.br\/wp-content\/uploads\/2025\/10\/img_gallery_06.jpg\" width=\"316\" height=\"211\" alt=\"\" data-full-image=\"https:\/\/stay.belmas.com.br\/wp-content\/uploads\/2025\/10\/img_gallery_06.jpg\" data-light-image=\"https:\/\/stay.belmas.com.br\/wp-content\/uploads\/2025\/10\/img_gallery_06.jpg\" data-id=\"996\" class=\"wp-image-996\" srcset=\"https:\/\/stay.belmas.com.br\/wp-content\/uploads\/2025\/10\/img_gallery_06.jpg 316w, https:\/\/stay.belmas.com.br\/wp-content\/uploads\/2025\/10\/img_gallery_06-300x200.jpg 300w\" sizes=\"auto, (max-width: 316px) 100vw, 316px\" \/><\/div><\/div><\/figure><\/div><\/li><li class=\"kadence-blocks-gallery-item\"><div class=\"kadence-blocks-gallery-item-inner\"><figure class=\"kb-gallery-figure kadence-blocks-gallery-item-hide-caption\"><div class=\"kb-gal-image-radius\" style=\"max-width:316px;\"><div class=\"kb-gallery-image-contain kadence-blocks-gallery-intrinsic\" style=\"padding-bottom:66%;\"><img loading=\"lazy\" decoding=\"async\" src=\"https:\/\/stay.belmas.com.br\/wp-content\/uploads\/2025\/10\/img_gallery_07.jpg\" width=\"316\" height=\"211\" alt=\"\" data-full-image=\"https:\/\/stay.belmas.com.br\/wp-content\/uploads\/2025\/10\/img_gallery_07.jpg\" data-light-image=\"https:\/\/stay.belmas.com.br\/wp-content\/uploads\/2025\/10\/img_gallery_07.jpg\" data-id=\"995\" class=\"wp-image-995\" srcset=\"https:\/\/stay.belmas.com.br\/wp-content\/uploads\/2025\/10\/img_gallery_07.jpg 316w, https:\/\/stay.belmas.com.br\/wp-content\/uploads\/2025\/10\/img_gallery_07-300x200.jpg 300w\" sizes=\"auto, (max-width: 316px) 100vw, 316px\" \/><\/div><\/div><\/figure><\/div><\/li><li class=\"kadence-blocks-gallery-item\"><div class=\"kadence-blocks-gallery-item-inner\"><figure class=\"kb-gallery-figure kadence-blocks-gallery-item-hide-caption\"><div class=\"kb-gal-image-radius\" style=\"max-width:316px;\"><div class=\"kb-gallery-image-contain kadence-blocks-gallery-intrinsic\" style=\"padding-bottom:66%;\"><img loading=\"lazy\" decoding=\"async\" src=\"https:\/\/stay.belmas.com.br\/wp-content\/uploads\/2025\/10\/img_gallery_08.jpg\" width=\"316\" height=\"211\" alt=\"\" data-full-image=\"https:\/\/stay.belmas.com.br\/wp-content\/uploads\/2025\/10\/img_gallery_08.jpg\" data-light-image=\"https:\/\/stay.belmas.com.br\/wp-content\/uploads\/2025\/10\/img_gallery_08.jpg\" data-id=\"994\" class=\"wp-image-994\" srcset=\"https:\/\/stay.belmas.com.br\/wp-content\/uploads\/2025\/10\/img_gallery_08.jpg 316w, https:\/\/stay.belmas.com.br\/wp-content\/uploads\/2025\/10\/img_gallery_08-300x200.jpg 300w\" sizes=\"auto, (max-width: 316px) 100vw, 316px\" \/><\/div><\/div><\/figure><\/div><\/li><\/ul><\/div>\n\n<p style=\"text-align: center;\"><a class=\"button is-dark\" href=\"\/es\/sobre-nosotros-mas\">Cargar M\u00e1s<\/a><\/p>","protected":false},"excerpt":{"rendered":"<p>Bienvenido a Gr\u00e3o de Areia Esperamos que disfrutes de tu estancia. Gr\u00e3o de Areia es un encantador refugio situado en la parroquia de Mosteiros, en el extremo occidental de la isla de S\u00e3o Miguel, en las Azores. A solo 50 metros de la playa de arena negra de Mosteiros, la casa ofrece f\u00e1cil acceso a [&hellip;]<\/p>\n","protected":false},"author":1,"featured_media":2440,"parent":0,"menu_order":0,"comment_status":"closed","ping_status":"closed","template":"template-hero.php","meta":{"footnotes":""},"class_list":["post-2464","page","type-page","status-publish","has-post-thumbnail","hentry"],"_links":{"self":[{"href":"https:\/\/stay.belmas.com.br\/es\/wp-json\/wp\/v2\/pages\/2464","targetHints":{"allow":["GET"]}}],"collection":[{"href":"https:\/\/stay.belmas.com.br\/es\/wp-json\/wp\/v2\/pages"}],"about":[{"href":"https:\/\/stay.belmas.com.br\/es\/wp-json\/wp\/v2\/types\/page"}],"author":[{"embeddable":true,"href":"https:\/\/stay.belmas.com.br\/es\/wp-json\/wp\/v2\/users\/1"}],"replies":[{"embeddable":true,"href":"https:\/\/stay.belmas.com.br\/es\/wp-json\/wp\/v2\/comments?post=2464"}],"version-history":[{"count":15,"href":"https:\/\/stay.belmas.com.br\/es\/wp-json\/wp\/v2\/pages\/2464\/revisions"}],"predecessor-version":[{"id":3940,"href":"https:\/\/stay.belmas.com.br\/es\/wp-json\/wp\/v2\/pages\/2464\/revisions\/3940"}],"wp:featuredmedia":[{"embeddable":true,"href":"https:\/\/stay.belmas.com.br\/es\/wp-json\/wp\/v2\/media\/2440"}],"wp:attachment":[{"href":"https:\/\/stay.belmas.com.br\/es\/wp-json\/wp\/v2\/media?parent=2464"}],"curies":[{"name":"wp","href":"https:\/\/api.w.org\/{rel}","templated":true}]}}