{"id":2444,"date":"2025-10-09T14:30:53","date_gmt":"2025-10-09T14:30:53","guid":{"rendered":"https:\/\/stay.belmas.com.br\/faqs\/"},"modified":"2025-10-28T12:31:41","modified_gmt":"2025-10-28T12:31:41","slug":"faqs","status":"publish","type":"page","link":"https:\/\/stay.belmas.com.br\/es\/faqs\/","title":{"rendered":"Preguntas Frecuentes"},"content":{"rendered":"\n<h1 class=\"wp-block-heading has-text-align-center has-text-color has-link-color wp-elements-a08d9ffed7528a8114b56af6928daf81\" style=\"color:#35332f;font-size:54px\">Preguntas Frecuentes<\/h1>\n<style>.kb-row-layout-id791_8a1f7a-a1 > .kt-row-column-wrap{align-content:start;}:where(.kb-row-layout-id791_8a1f7a-a1 > .kt-row-column-wrap) > .wp-block-kadence-column{justify-content:start;}.kb-row-layout-id791_8a1f7a-a1 > .kt-row-column-wrap{column-gap:var(--global-kb-gap-md, 2rem);row-gap:var(--global-kb-gap-md, 2rem);padding-top:var(--global-kb-spacing-sm, 1.5rem);padding-bottom:var(--global-kb-spacing-sm, 1.5rem);grid-template-columns:repeat(2, minmax(0, 1fr));}.kb-row-layout-id791_8a1f7a-a1 > .kt-row-layout-overlay{opacity:0.30;}@media all and (max-width: 1024px){.kb-row-layout-id791_8a1f7a-a1 > .kt-row-column-wrap{grid-template-columns:repeat(2, minmax(0, 1fr));}}@media all and (max-width: 767px){.kb-row-layout-id791_8a1f7a-a1 > .kt-row-column-wrap{grid-template-columns:minmax(0, 1fr);}}<\/style><div class=\"kb-row-layout-wrap kb-row-layout-id791_8a1f7a-a1 alignnone wp-block-kadence-rowlayout\"><div class=\"kt-row-column-wrap kt-has-2-columns kt-row-layout-equal kt-tab-layout-inherit kt-mobile-layout-row kt-row-valign-top\">\n<style>.kadence-column791_47b9f9-9f > .kt-inside-inner-col,.kadence-column791_47b9f9-9f > .kt-inside-inner-col:before{border-top-left-radius:0px;border-top-right-radius:0px;border-bottom-right-radius:0px;border-bottom-left-radius:0px;}.kadence-column791_47b9f9-9f > .kt-inside-inner-col{column-gap:var(--global-kb-gap-sm, 1rem);}.kadence-column791_47b9f9-9f > .kt-inside-inner-col{flex-direction:column;}.kadence-column791_47b9f9-9f > .kt-inside-inner-col > .aligncenter{width:100%;}.kadence-column791_47b9f9-9f > .kt-inside-inner-col:before{opacity:0.3;}.kadence-column791_47b9f9-9f{position:relative;}@media all and (max-width: 1024px){.kadence-column791_47b9f9-9f > .kt-inside-inner-col{flex-direction:column;justify-content:center;}}@media all and (max-width: 767px){.kadence-column791_47b9f9-9f > .kt-inside-inner-col{flex-direction:column;justify-content:center;}}<\/style>\n<div class=\"wp-block-kadence-column kadence-column791_47b9f9-9f\"><div class=\"kt-inside-inner-col\"><style>.kt-accordion-id791_2e0cf0-4b .kt-accordion-inner-wrap{column-gap:var(--global-kb-gap-md, 2rem);row-gap:30px;}.kt-accordion-id791_2e0cf0-4b .kt-accordion-panel-inner{padding-top:var(--global-kb-spacing-xxs, 0.5rem);padding-right:var(--global-kb-spacing-md, 2rem);padding-bottom:0px;padding-left:var(--global-kb-spacing-lg, 3rem);}.kt-accordion-id791_2e0cf0-4b > .kt-accordion-inner-wrap > .wp-block-kadence-pane > .kt-accordion-header-wrap > .kt-blocks-accordion-header{border-top-color:#f2f2f2;border-top-style:solid;border-right-color:#f2f2f2;border-right-style:solid;border-bottom-color:#f2f2f2;border-bottom-style:solid;border-left-color:#f2f2f2;border-left-style:solid;border-top-left-radius:6px;border-top-right-radius:6px;border-bottom-right-radius:6px;border-bottom-left-radius:6px;background:#ffffff;font-family:'EB Garamond';font-weight:400;text-transform:none;color:#1b1139;padding-top:13px;padding-right:15px;padding-bottom:13px;padding-left:15px;}.kt-accordion-id791_2e0cf0-4b:not( .kt-accodion-icon-style-basiccircle ):not( .kt-accodion-icon-style-xclosecircle ):not( .kt-accodion-icon-style-arrowcircle )  > .kt-accordion-inner-wrap > .wp-block-kadence-pane > .kt-accordion-header-wrap .kt-blocks-accordion-icon-trigger:after, .kt-accordion-id791_2e0cf0-4b:not( .kt-accodion-icon-style-basiccircle ):not( .kt-accodion-icon-style-xclosecircle ):not( .kt-accodion-icon-style-arrowcircle )  > .kt-accordion-inner-wrap > .wp-block-kadence-pane > .kt-accordion-header-wrap .kt-blocks-accordion-icon-trigger:before{background:#1b1139;}.kt-accordion-id791_2e0cf0-4b .kt-accordion-panel-inner, .kt-accordion-id791_2e0cf0-4b .kt-accordion-panel-inner h1, .kt-accordion-id791_2e0cf0-4b .kt-accordion-panel-inner h2, .kt-accordion-id791_2e0cf0-4b .kt-accordion-panel-inner h3, .kt-accordion-id791_2e0cf0-4b .kt-accordion-panel-inner h4, .kt-accordion-id791_2e0cf0-4b .kt-accordion-panel-inner h5, .kt-accordion-id791_2e0cf0-4b .kt-accordion-panel-inner h6{color:#363049;}.kt-accordion-id791_2e0cf0-4b:not( .kt-accodion-icon-style-basic ):not( .kt-accodion-icon-style-xclose ):not( .kt-accodion-icon-style-arrow ) .kt-blocks-accordion-icon-trigger{background:#1b1139;}.kt-accordion-id791_2e0cf0-4b:not( .kt-accodion-icon-style-basic ):not( .kt-accodion-icon-style-xclose ):not( .kt-accodion-icon-style-arrow ) .kt-blocks-accordion-icon-trigger:after, .kt-accordion-id791_2e0cf0-4b:not( .kt-accodion-icon-style-basic ):not( .kt-accodion-icon-style-xclose ):not( .kt-accodion-icon-style-arrow ) .kt-blocks-accordion-icon-trigger:before{background:#ffffff;}.kt-accordion-id791_2e0cf0-4b > .kt-accordion-inner-wrap > .wp-block-kadence-pane > .kt-accordion-header-wrap > .kt-blocks-accordion-header:hover, \n\t\t\t\tbody:not(.hide-focus-outline) .kt-accordion-id791_2e0cf0-4b .kt-blocks-accordion-header:focus-visible{border-top-color:#878787;border-top-style:solid;border-right-color:#878787;border-right-style:solid;border-bottom-color:#878787;border-bottom-style:solid;border-left-color:#878787;border-left-style:solid;}.kt-accordion-id791_2e0cf0-4b .kt-accordion-header-wrap .kt-blocks-accordion-header:focus-visible,\n\t\t\t\t.kt-accordion-id791_2e0cf0-4b > .kt-accordion-inner-wrap > .wp-block-kadence-pane > .kt-accordion-header-wrap > .kt-blocks-accordion-header.kt-accordion-panel-active{border-top-color:#BE530B;border-top-style:solid;border-right-color:#BE530B;border-right-style:solid;border-bottom-color:#BE530B;border-bottom-style:solid;border-left-color:#BE530B;border-left-style:solid;}.kt-accordion-id791_2e0cf0-4b:not( .kt-accodion-icon-style-basiccircle ):not( .kt-accodion-icon-style-xclosecircle ):not( .kt-accodion-icon-style-arrowcircle )  > .kt-accordion-inner-wrap > .wp-block-kadence-pane > .kt-accordion-header-wrap > .kt-blocks-accordion-header.kt-accordion-panel-active .kt-blocks-accordion-icon-trigger:after, .kt-accordion-id791_2e0cf0-4b:not( .kt-accodion-icon-style-basiccircle ):not( .kt-accodion-icon-style-xclosecircle ):not( .kt-accodion-icon-style-arrowcircle )  > .kt-accordion-inner-wrap > .wp-block-kadence-pane > .kt-accordion-header-wrap > .kt-blocks-accordion-header.kt-accordion-panel-active .kt-blocks-accordion-icon-trigger:before{background:#bbbf77;}.kt-accordion-id791_2e0cf0-4b:not( .kt-accodion-icon-style-basic ):not( .kt-accodion-icon-style-xclose ):not( .kt-accodion-icon-style-arrow ) .kt-blocks-accordion-header.kt-accordion-panel-active .kt-blocks-accordion-icon-trigger{background:#bbbf77;}@media all and (max-width: 1024px){.kt-accordion-id791_2e0cf0-4b > .kt-accordion-inner-wrap > .wp-block-kadence-pane > .kt-accordion-header-wrap > .kt-blocks-accordion-header{border-top-color:#f2f2f2;border-top-style:solid;border-right-color:#f2f2f2;border-right-style:solid;border-bottom-color:#f2f2f2;border-bottom-style:solid;border-left-color:#f2f2f2;border-left-style:solid;}}@media all and (max-width: 1024px){.kt-accordion-id791_2e0cf0-4b > .kt-accordion-inner-wrap > .wp-block-kadence-pane > .kt-accordion-header-wrap > .kt-blocks-accordion-header:hover, \n\t\t\t\tbody:not(.hide-focus-outline) .kt-accordion-id791_2e0cf0-4b .kt-blocks-accordion-header:focus-visible{border-top-color:#878787;border-top-style:solid;border-right-color:#878787;border-right-style:solid;border-bottom-color:#878787;border-bottom-style:solid;border-left-color:#878787;border-left-style:solid;}}@media all and (max-width: 1024px){.kt-accordion-id791_2e0cf0-4b .kt-accordion-header-wrap .kt-blocks-accordion-header:focus-visible,\n\t\t\t\t.kt-accordion-id791_2e0cf0-4b > .kt-accordion-inner-wrap > .wp-block-kadence-pane > .kt-accordion-header-wrap > .kt-blocks-accordion-header.kt-accordion-panel-active{border-top-color:#BE530B;border-top-style:solid;border-right-color:#BE530B;border-right-style:solid;border-bottom-color:#BE530B;border-bottom-style:solid;border-left-color:#BE530B;border-left-style:solid;}}@media all and (max-width: 767px){.kt-accordion-id791_2e0cf0-4b .kt-accordion-inner-wrap{display:block;}.kt-accordion-id791_2e0cf0-4b .kt-accordion-inner-wrap .kt-accordion-pane:not(:first-child){margin-top:30px;}.kt-accordion-id791_2e0cf0-4b > .kt-accordion-inner-wrap > .wp-block-kadence-pane > .kt-accordion-header-wrap > .kt-blocks-accordion-header{border-top-color:#f2f2f2;border-top-style:solid;border-right-color:#f2f2f2;border-right-style:solid;border-bottom-color:#f2f2f2;border-bottom-style:solid;border-left-color:#f2f2f2;border-left-style:solid;}.kt-accordion-id791_2e0cf0-4b > .kt-accordion-inner-wrap > .wp-block-kadence-pane > .kt-accordion-header-wrap > .kt-blocks-accordion-header:hover, \n\t\t\t\tbody:not(.hide-focus-outline) .kt-accordion-id791_2e0cf0-4b .kt-blocks-accordion-header:focus-visible{border-top-color:#878787;border-top-style:solid;border-right-color:#878787;border-right-style:solid;border-bottom-color:#878787;border-bottom-style:solid;border-left-color:#878787;border-left-style:solid;}.kt-accordion-id791_2e0cf0-4b .kt-accordion-header-wrap .kt-blocks-accordion-header:focus-visible,\n\t\t\t\t.kt-accordion-id791_2e0cf0-4b > .kt-accordion-inner-wrap > .wp-block-kadence-pane > .kt-accordion-header-wrap > .kt-blocks-accordion-header.kt-accordion-panel-active{border-top-color:#BE530B;border-top-style:solid;border-right-color:#BE530B;border-right-style:solid;border-bottom-color:#BE530B;border-bottom-style:solid;border-left-color:#BE530B;border-left-style:solid;}}<\/style>\n<div class=\"wp-block-kadence-accordion alignnone\"><div class=\"kt-accordion-wrap kt-accordion-id791_2e0cf0-4b kt-accordion-has-4-panes kt-active-pane-0 kt-accordion-block kt-pane-header-alignment-left kt-accodion-icon-style-basic kt-accodion-icon-side-left\" style=\"max-width:none\"><div class=\"kt-accordion-inner-wrap\" data-allow-multiple-open=\"false\" data-start-open=\"none\">\n<div class=\"wp-block-kadence-pane kt-accordion-pane kt-accordion-pane-1 kt-pane791_f56957-92 custom-faq\"><div class=\"kt-accordion-header-wrap\"><button class=\"kt-blocks-accordion-header kt-acccordion-button-label-show\" type=\"button\"><span class=\"kt-blocks-accordion-title-wrap\"><span class=\"kt-blocks-accordion-title\">\u00bfC\u00f3mo llegar desde el aeropuerto?<\/span><\/span><span class=\"kt-blocks-accordion-icon-trigger\"><\/span><\/button><\/div><div class=\"kt-accordion-panel kt-accordion-panel-hidden\"><div class=\"kt-accordion-panel-inner\">\n<p class=\"has-text-color has-link-color wp-elements-19e83feca5f837718949a5b096832b03\" style=\"color:#363049;font-size:14px;text-decoration:none\"><a href=\"https:\/\/www.google.com\/maps\/dir\/R.+da+Boa+Nova,+Ponta+Delgada\/Aeroporto+de+Ponta+Delgada+-+Jo%C3%A3o+Paulo+II+(PDL),+Ponta+Delgada\/@37.7500292,-25.69735,14z\/data=!3m1!4b1!4m14!4m13!1m5!1m1!1s0xb5cd549bfa249b7:0x11f38802d027f6fa!2m2!1d-25.6520552!2d37.7429704!1m5!1m1!1s0xb432afa9de903f9:0x5eeb91deb9d21d7!2m2!1d-25.7103849!&lt;br&gt;2d37.7493461!3e0?entry=ttu&amp;g_ep=EgoyMDI1MTAxNC4wIKXMDSoASAFQAw%3D%3D\" target=\"_blank\" rel=\"noreferrer noopener\">https:\/\/www.google.com\/maps&#8230;<\/a><\/p>\n<\/div><\/div><\/div>\n\n\n\n<div class=\"wp-block-kadence-pane kt-accordion-pane kt-accordion-pane-2 kt-pane791_01e561-ae custom-faq\"><div class=\"kt-accordion-header-wrap\"><button class=\"kt-blocks-accordion-header kt-acccordion-button-label-show\" type=\"button\"><span class=\"kt-blocks-accordion-title-wrap\"><span class=\"kt-blocks-accordion-title\">\u00bfD\u00f3nde puedes ir de compras si llegas a \u00faltima hora de la tarde?<\/span><\/span><span class=\"kt-blocks-accordion-icon-trigger\"><\/span><\/button><\/div><div class=\"kt-accordion-panel kt-accordion-panel-hidden\"><div class=\"kt-accordion-panel-inner\">\n<p style=\"font-size:14px\">Lo mejor es abastecerse en un supermercado de Ponta Delgada, como Continente en CC. Azores Atl\u00e1ntico, o Pingo Doce &#8211; S\u00e3o Gon\u00e7alo.<\/p>\n<\/div><\/div><\/div>\n\n\n\n<div class=\"wp-block-kadence-pane kt-accordion-pane kt-accordion-pane-3 kt-pane791_14affd-3f custom-faq\"><div class=\"kt-accordion-header-wrap\"><button class=\"kt-blocks-accordion-header kt-acccordion-button-label-show\" type=\"button\"><span class=\"kt-blocks-accordion-title-wrap\"><span class=\"kt-blocks-accordion-title\">\u00bfD\u00f3nde debo dejar las llaves cuando me vaya?<\/span><\/span><span class=\"kt-blocks-accordion-icon-trigger\"><\/span><\/button><\/div><div class=\"kt-accordion-panel kt-accordion-panel-hidden\"><div class=\"kt-accordion-panel-inner\">\n<p style=\"font-size:14px\">Dentro de la caja fuera de la casa.<\/p>\n<\/div><\/div><\/div>\n\n\n\n<div class=\"wp-block-kadence-pane kt-accordion-pane kt-accordion-pane-4 kt-pane791_059627-4e custom-faq\"><div class=\"kt-accordion-header-wrap\"><button class=\"kt-blocks-accordion-header kt-acccordion-button-label-show\" type=\"button\"><span class=\"kt-blocks-accordion-title-wrap\"><span class=\"kt-blocks-accordion-title\">\u00bfHay animales salvajes o peligrosos en las inmediaciones de la casa?<\/span><\/span><span class=\"kt-blocks-accordion-icon-trigger\"><\/span><\/button><\/div><div class=\"kt-accordion-panel kt-accordion-panel-hidden\"><div class=\"kt-accordion-panel-inner\">\n<p style=\"font-size:14px\">No hay animales peligrosos. Solo lagartijas e insectos peque\u00f1os del campo. Mantenga las puertas cerradas tanto como sea posible para evitar que entren en la casa.<\/p>\n<\/div><\/div><\/div>\n<\/div><\/div><\/div>\n<\/div><\/div>\n\n\n<style>.kadence-column791_388b6d-d5 > .kt-inside-inner-col,.kadence-column791_388b6d-d5 > .kt-inside-inner-col:before{border-top-left-radius:0px;border-top-right-radius:0px;border-bottom-right-radius:0px;border-bottom-left-radius:0px;}.kadence-column791_388b6d-d5 > .kt-inside-inner-col{column-gap:var(--global-kb-gap-sm, 1rem);}.kadence-column791_388b6d-d5 > .kt-inside-inner-col{flex-direction:column;}.kadence-column791_388b6d-d5 > .kt-inside-inner-col > .aligncenter{width:100%;}.kadence-column791_388b6d-d5 > .kt-inside-inner-col:before{opacity:0.3;}.kadence-column791_388b6d-d5{position:relative;}@media all and (max-width: 1024px){.kadence-column791_388b6d-d5 > .kt-inside-inner-col{flex-direction:column;justify-content:center;}}@media all and (max-width: 767px){.kadence-column791_388b6d-d5 > .kt-inside-inner-col{flex-direction:column;justify-content:center;}}<\/style>\n<div class=\"wp-block-kadence-column kadence-column791_388b6d-d5\"><div class=\"kt-inside-inner-col\"><style>.kt-accordion-id791_525f2a-62 .kt-accordion-inner-wrap{column-gap:var(--global-kb-gap-md, 2rem);row-gap:30px;}.kt-accordion-id791_525f2a-62 .kt-accordion-panel-inner{padding-top:var(--global-kb-spacing-xxs, 0.5rem);padding-right:var(--global-kb-spacing-md, 2rem);padding-bottom:0px;padding-left:var(--global-kb-spacing-lg, 3rem);}.kt-accordion-id791_525f2a-62 > .kt-accordion-inner-wrap > .wp-block-kadence-pane > .kt-accordion-header-wrap > .kt-blocks-accordion-header{border-top-color:#f2f2f2;border-top-style:solid;border-right-color:#f2f2f2;border-right-style:solid;border-bottom-color:#f2f2f2;border-bottom-style:solid;border-left-color:#f2f2f2;border-left-style:solid;border-top-left-radius:6px;border-top-right-radius:6px;border-bottom-right-radius:6px;border-bottom-left-radius:6px;background:#ffffff;font-family:'EB Garamond';font-weight:400;color:#1b1139;padding-top:13px;padding-right:15px;padding-bottom:13px;padding-left:15px;}.kt-accordion-id791_525f2a-62:not( .kt-accodion-icon-style-basiccircle ):not( .kt-accodion-icon-style-xclosecircle ):not( .kt-accodion-icon-style-arrowcircle )  > .kt-accordion-inner-wrap > .wp-block-kadence-pane > .kt-accordion-header-wrap .kt-blocks-accordion-icon-trigger:after, .kt-accordion-id791_525f2a-62:not( .kt-accodion-icon-style-basiccircle ):not( .kt-accodion-icon-style-xclosecircle ):not( .kt-accodion-icon-style-arrowcircle )  > .kt-accordion-inner-wrap > .wp-block-kadence-pane > .kt-accordion-header-wrap .kt-blocks-accordion-icon-trigger:before{background:#1b1139;}.kt-accordion-id791_525f2a-62 .kt-accordion-panel-inner, .kt-accordion-id791_525f2a-62 .kt-accordion-panel-inner h1, .kt-accordion-id791_525f2a-62 .kt-accordion-panel-inner h2, .kt-accordion-id791_525f2a-62 .kt-accordion-panel-inner h3, .kt-accordion-id791_525f2a-62 .kt-accordion-panel-inner h4, .kt-accordion-id791_525f2a-62 .kt-accordion-panel-inner h5, .kt-accordion-id791_525f2a-62 .kt-accordion-panel-inner h6{color:#363049;}.kt-accordion-id791_525f2a-62:not( .kt-accodion-icon-style-basic ):not( .kt-accodion-icon-style-xclose ):not( .kt-accodion-icon-style-arrow ) .kt-blocks-accordion-icon-trigger{background:#1b1139;}.kt-accordion-id791_525f2a-62:not( .kt-accodion-icon-style-basic ):not( .kt-accodion-icon-style-xclose ):not( .kt-accodion-icon-style-arrow ) .kt-blocks-accordion-icon-trigger:after, .kt-accordion-id791_525f2a-62:not( .kt-accodion-icon-style-basic ):not( .kt-accodion-icon-style-xclose ):not( .kt-accodion-icon-style-arrow ) .kt-blocks-accordion-icon-trigger:before{background:#ffffff;}.kt-accordion-id791_525f2a-62 > .kt-accordion-inner-wrap > .wp-block-kadence-pane > .kt-accordion-header-wrap > .kt-blocks-accordion-header:hover, \n\t\t\t\tbody:not(.hide-focus-outline) .kt-accordion-id791_525f2a-62 .kt-blocks-accordion-header:focus-visible{border-top-color:#878787;border-top-style:solid;border-right-color:#878787;border-right-style:solid;border-bottom-color:#878787;border-bottom-style:solid;border-left-color:#878787;border-left-style:solid;}.kt-accordion-id791_525f2a-62 .kt-accordion-header-wrap .kt-blocks-accordion-header:focus-visible,\n\t\t\t\t.kt-accordion-id791_525f2a-62 > .kt-accordion-inner-wrap > .wp-block-kadence-pane > .kt-accordion-header-wrap > .kt-blocks-accordion-header.kt-accordion-panel-active{border-top-color:#BE530B;border-top-style:solid;border-right-color:#BE530B;border-right-style:solid;border-bottom-color:#BE530B;border-bottom-style:solid;border-left-color:#BE530B;border-left-style:solid;}.kt-accordion-id791_525f2a-62:not( .kt-accodion-icon-style-basiccircle ):not( .kt-accodion-icon-style-xclosecircle ):not( .kt-accodion-icon-style-arrowcircle )  > .kt-accordion-inner-wrap > .wp-block-kadence-pane > .kt-accordion-header-wrap > .kt-blocks-accordion-header.kt-accordion-panel-active .kt-blocks-accordion-icon-trigger:after, .kt-accordion-id791_525f2a-62:not( .kt-accodion-icon-style-basiccircle ):not( .kt-accodion-icon-style-xclosecircle ):not( .kt-accodion-icon-style-arrowcircle )  > .kt-accordion-inner-wrap > .wp-block-kadence-pane > .kt-accordion-header-wrap > .kt-blocks-accordion-header.kt-accordion-panel-active .kt-blocks-accordion-icon-trigger:before{background:#bbbf77;}.kt-accordion-id791_525f2a-62:not( .kt-accodion-icon-style-basic ):not( .kt-accodion-icon-style-xclose ):not( .kt-accodion-icon-style-arrow ) .kt-blocks-accordion-header.kt-accordion-panel-active .kt-blocks-accordion-icon-trigger{background:#bbbf77;}@media all and (max-width: 1024px){.kt-accordion-id791_525f2a-62 > .kt-accordion-inner-wrap > .wp-block-kadence-pane > .kt-accordion-header-wrap > .kt-blocks-accordion-header{border-top-color:#f2f2f2;border-top-style:solid;border-right-color:#f2f2f2;border-right-style:solid;border-bottom-color:#f2f2f2;border-bottom-style:solid;border-left-color:#f2f2f2;border-left-style:solid;}}@media all and (max-width: 1024px){.kt-accordion-id791_525f2a-62 > .kt-accordion-inner-wrap > .wp-block-kadence-pane > .kt-accordion-header-wrap > .kt-blocks-accordion-header:hover, \n\t\t\t\tbody:not(.hide-focus-outline) .kt-accordion-id791_525f2a-62 .kt-blocks-accordion-header:focus-visible{border-top-color:#878787;border-top-style:solid;border-right-color:#878787;border-right-style:solid;border-bottom-color:#878787;border-bottom-style:solid;border-left-color:#878787;border-left-style:solid;}}@media all and (max-width: 1024px){.kt-accordion-id791_525f2a-62 .kt-accordion-header-wrap .kt-blocks-accordion-header:focus-visible,\n\t\t\t\t.kt-accordion-id791_525f2a-62 > .kt-accordion-inner-wrap > .wp-block-kadence-pane > .kt-accordion-header-wrap > .kt-blocks-accordion-header.kt-accordion-panel-active{border-top-color:#BE530B;border-top-style:solid;border-right-color:#BE530B;border-right-style:solid;border-bottom-color:#BE530B;border-bottom-style:solid;border-left-color:#BE530B;border-left-style:solid;}}@media all and (max-width: 767px){.kt-accordion-id791_525f2a-62 .kt-accordion-inner-wrap{display:block;}.kt-accordion-id791_525f2a-62 .kt-accordion-inner-wrap .kt-accordion-pane:not(:first-child){margin-top:30px;}.kt-accordion-id791_525f2a-62 > .kt-accordion-inner-wrap > .wp-block-kadence-pane > .kt-accordion-header-wrap > .kt-blocks-accordion-header{border-top-color:#f2f2f2;border-top-style:solid;border-right-color:#f2f2f2;border-right-style:solid;border-bottom-color:#f2f2f2;border-bottom-style:solid;border-left-color:#f2f2f2;border-left-style:solid;}.kt-accordion-id791_525f2a-62 > .kt-accordion-inner-wrap > .wp-block-kadence-pane > .kt-accordion-header-wrap > .kt-blocks-accordion-header:hover, \n\t\t\t\tbody:not(.hide-focus-outline) .kt-accordion-id791_525f2a-62 .kt-blocks-accordion-header:focus-visible{border-top-color:#878787;border-top-style:solid;border-right-color:#878787;border-right-style:solid;border-bottom-color:#878787;border-bottom-style:solid;border-left-color:#878787;border-left-style:solid;}.kt-accordion-id791_525f2a-62 .kt-accordion-header-wrap .kt-blocks-accordion-header:focus-visible,\n\t\t\t\t.kt-accordion-id791_525f2a-62 > .kt-accordion-inner-wrap > .wp-block-kadence-pane > .kt-accordion-header-wrap > .kt-blocks-accordion-header.kt-accordion-panel-active{border-top-color:#BE530B;border-top-style:solid;border-right-color:#BE530B;border-right-style:solid;border-bottom-color:#BE530B;border-bottom-style:solid;border-left-color:#BE530B;border-left-style:solid;}}<\/style>\n<div class=\"wp-block-kadence-accordion alignnone\"><div class=\"kt-accordion-wrap kt-accordion-id791_525f2a-62 kt-accordion-has-4-panes kt-active-pane-0 kt-accordion-block kt-pane-header-alignment-left kt-accodion-icon-style-basic kt-accodion-icon-side-left\" style=\"max-width:none\"><div class=\"kt-accordion-inner-wrap\" data-allow-multiple-open=\"false\" data-start-open=\"none\">\n<div class=\"wp-block-kadence-pane kt-accordion-pane kt-accordion-pane-1 kt-pane791_627746-53 custom-faq\"><div class=\"kt-accordion-header-wrap\"><button class=\"kt-blocks-accordion-header kt-acccordion-button-label-show\" type=\"button\"><span class=\"kt-blocks-accordion-title-wrap\"><span class=\"kt-blocks-accordion-title\">\u00bfSon seguras las piscinas naturales para nadar?<\/span><\/span><span class=\"kt-blocks-accordion-icon-trigger\"><\/span><\/button><\/div><div class=\"kt-accordion-panel kt-accordion-panel-hidden\"><div class=\"kt-accordion-panel-inner\">\n<p style=\"font-size:14px\">Son seguros cuando el mar est\u00e1 en calma y los ba\u00f1istas pueden nadar.<\/p>\n<\/div><\/div><\/div>\n\n\n\n<div class=\"wp-block-kadence-pane kt-accordion-pane kt-accordion-pane-2 kt-pane791_dd972e-24 custom-faq\"><div class=\"kt-accordion-header-wrap\"><button class=\"kt-blocks-accordion-header kt-acccordion-button-label-show\" type=\"button\"><span class=\"kt-blocks-accordion-title-wrap\"><span class=\"kt-blocks-accordion-title\">\u00bfEs posible realizar una limpieza intermedia durante la estancia?<\/span><\/span><span class=\"kt-blocks-accordion-icon-trigger\"><\/span><\/button><\/div><div class=\"kt-accordion-panel kt-accordion-panel-hidden\"><div class=\"kt-accordion-panel-inner\">\n<p style=\"font-size:14px\">S\u00ed, previa solicitud durante la reserva y previo pago de una tarifa adicional.<\/p>\n<\/div><\/div><\/div>\n\n\n\n<div class=\"wp-block-kadence-pane kt-accordion-pane kt-accordion-pane-3 kt-pane791_9b6ef6-03 custom-faq\"><div class=\"kt-accordion-header-wrap\"><button class=\"kt-blocks-accordion-header kt-acccordion-button-label-show\" type=\"button\"><span class=\"kt-blocks-accordion-title-wrap\"><span class=\"kt-blocks-accordion-title\">\u00bfD\u00f3nde debo tirar la basura?<\/span><\/span><span class=\"kt-blocks-accordion-icon-trigger\"><\/span><\/button><\/div><div class=\"kt-accordion-panel kt-accordion-panel-hidden\"><div class=\"kt-accordion-panel-inner\">\n<p style=\"font-size:14px\">Hay contenedores junto a la playa con compartimentos separados para diferentes tipos de residuos.<\/p>\n<\/div><\/div><\/div>\n<\/div><\/div><\/div>\n<\/div><\/div>\n\n<\/div><\/div>\n<p><\/p>\n","protected":false},"excerpt":{"rendered":"<p>Preguntas Frecuentes<\/p>\n","protected":false},"author":1,"featured_media":2400,"parent":0,"menu_order":0,"comment_status":"closed","ping_status":"closed","template":"template-hero.php","meta":{"footnotes":""},"class_list":["post-2444","page","type-page","status-publish","has-post-thumbnail","hentry"],"_links":{"self":[{"href":"https:\/\/stay.belmas.com.br\/es\/wp-json\/wp\/v2\/pages\/2444","targetHints":{"allow":["GET"]}}],"collection":[{"href":"https:\/\/stay.belmas.com.br\/es\/wp-json\/wp\/v2\/pages"}],"about":[{"href":"https:\/\/stay.belmas.com.br\/es\/wp-json\/wp\/v2\/types\/page"}],"author":[{"embeddable":true,"href":"https:\/\/stay.belmas.com.br\/es\/wp-json\/wp\/v2\/users\/1"}],"replies":[{"embeddable":true,"href":"https:\/\/stay.belmas.com.br\/es\/wp-json\/wp\/v2\/comments?post=2444"}],"version-history":[{"count":3,"href":"https:\/\/stay.belmas.com.br\/es\/wp-json\/wp\/v2\/pages\/2444\/revisions"}],"predecessor-version":[{"id":2951,"href":"https:\/\/stay.belmas.com.br\/es\/wp-json\/wp\/v2\/pages\/2444\/revisions\/2951"}],"wp:featuredmedia":[{"embeddable":true,"href":"https:\/\/stay.belmas.com.br\/es\/wp-json\/wp\/v2\/media\/2400"}],"wp:attachment":[{"href":"https:\/\/stay.belmas.com.br\/es\/wp-json\/wp\/v2\/media?parent=2444"}],"curies":[{"name":"wp","href":"https:\/\/api.w.org\/{rel}","templated":true}]}}