{"id":2399,"date":"2025-10-16T05:52:16","date_gmt":"2025-10-16T05:52:16","guid":{"rendered":"https:\/\/stay.belmas.com.br\/cancelation-policy\/"},"modified":"2025-10-28T12:31:34","modified_gmt":"2025-10-28T12:31:34","slug":"politica-de-cancelacion","status":"publish","type":"page","link":"https:\/\/stay.belmas.com.br\/es\/politica-de-cancelacion\/","title":{"rendered":"Pol\u00edtica de Cancelaci\u00f3n"},"content":{"rendered":"\n<h1 class=\"wp-block-heading has-text-align-center has-text-color has-link-color wp-elements-a72e5823e14e40e47b6fd55551a7c5f2\" style=\"color:#35332f;font-size:54px\">Pol\u00edtica de Cancelaci\u00f3n<\/h1>\n\n\n\n<p>Cancelaci\u00f3n\/prepago<\/p>\n\n\n\n<p>Las condiciones de cancelaci\u00f3n y prepago var\u00edan seg\u00fan el tipo de alojamiento. Introduzca las fechas de su estancia y compruebe las condiciones de la opci\u00f3n seleccionada.<br>Ni\u00f1os y camas<br>Condiciones para ni\u00f1os<br>Todos los ni\u00f1os son bienvenidos.<\/p>\n\n\n\n<p>Para ver los precios correctos y la informaci\u00f3n sobre la ocupaci\u00f3n, a\u00f1ada a su b\u00fasqueda el n\u00famero de ni\u00f1os de su grupo y sus respectivas edades.<\/p>\n\n\n\n<p>Condiciones de cunas y camas supletorias<br>No hay cunas ni camas supletorias disponibles en este establecimiento.<\/p>\n\n\n\n<p>Sin restricciones de edad<br>No hay restricciones de edad para registrarse.<br>Fumar<br>No se permite fumar.<br>Fiestas<br>No se permiten fiestas ni eventos.<br>Mascotas<br>No se admiten mascotas.<\/p>\n","protected":false},"excerpt":{"rendered":"<p>Pol\u00edtica de Cancelaci\u00f3n Cancelaci\u00f3n\/prepago Las condiciones de cancelaci\u00f3n y prepago var\u00edan seg\u00fan el tipo de alojamiento. Introduzca las fechas de su estancia y compruebe las condiciones de la opci\u00f3n seleccionada.Ni\u00f1os y camasCondiciones para ni\u00f1osTodos los ni\u00f1os son bienvenidos. Para ver los precios correctos y la informaci\u00f3n sobre la ocupaci\u00f3n, a\u00f1ada a su b\u00fasqueda el n\u00famero [&hellip;]<\/p>\n","protected":false},"author":1,"featured_media":2400,"parent":0,"menu_order":0,"comment_status":"closed","ping_status":"closed","template":"template-hero.php","meta":{"footnotes":""},"class_list":["post-2399","page","type-page","status-publish","has-post-thumbnail","hentry"],"_links":{"self":[{"href":"https:\/\/stay.belmas.com.br\/es\/wp-json\/wp\/v2\/pages\/2399","targetHints":{"allow":["GET"]}}],"collection":[{"href":"https:\/\/stay.belmas.com.br\/es\/wp-json\/wp\/v2\/pages"}],"about":[{"href":"https:\/\/stay.belmas.com.br\/es\/wp-json\/wp\/v2\/types\/page"}],"author":[{"embeddable":true,"href":"https:\/\/stay.belmas.com.br\/es\/wp-json\/wp\/v2\/users\/1"}],"replies":[{"embeddable":true,"href":"https:\/\/stay.belmas.com.br\/es\/wp-json\/wp\/v2\/comments?post=2399"}],"version-history":[{"count":2,"href":"https:\/\/stay.belmas.com.br\/es\/wp-json\/wp\/v2\/pages\/2399\/revisions"}],"predecessor-version":[{"id":2991,"href":"https:\/\/stay.belmas.com.br\/es\/wp-json\/wp\/v2\/pages\/2399\/revisions\/2991"}],"wp:featuredmedia":[{"embeddable":true,"href":"https:\/\/stay.belmas.com.br\/es\/wp-json\/wp\/v2\/media\/2400"}],"wp:attachment":[{"href":"https:\/\/stay.belmas.com.br\/es\/wp-json\/wp\/v2\/media?parent=2399"}],"curies":[{"name":"wp","href":"https:\/\/api.w.org\/{rel}","templated":true}]}}